{"id":125,"date":"2020-05-19T23:58:17","date_gmt":"2020-05-19T22:58:17","guid":{"rendered":"http:\/\/hul2.mendelu.cz\/?page_id=125"},"modified":"2023-10-07T11:54:15","modified_gmt":"2023-10-07T10:54:15","slug":"teorie-cviceni","status":"publish","type":"page","link":"https:\/\/hul2.mendelu.cz\/?page_id=125","title":{"rendered":"Teorie"},"content":{"rendered":"<p>Nal\u00e9z\u00e1te se v oblasti u\u010debn\u00edho textu, kter\u00fd p\u0159in\u00e1\u0161\u00ed pohled na z\u00e1kladn\u00ed odborn\u011b zam\u011b\u0159en\u00e1 t\u00e9mata discipl\u00edny.<\/p>\n<p><strong>Bli\u017e\u0161\u00ed informace jsou uvedeny na konkr\u00e9tn\u00edch str\u00e1nk\u00e1ch teorie. <\/strong><\/p>\n<p style=\"text-align: left;\">\n","protected":false},"excerpt":{"rendered":"<p>Nal\u00e9z\u00e1te se v oblasti u\u010debn\u00edho textu, kter\u00fd p\u0159in\u00e1\u0161\u00ed pohled na z\u00e1kladn\u00ed odborn\u011b zam\u011b\u0159en\u00e1 t\u00e9mata discipl\u00edny. Bli\u017e\u0161\u00ed informace jsou uvedeny na konkr\u00e9tn\u00edch str\u00e1nk\u00e1ch teorie.<\/p>\n","protected":false},"author":4,"featured_media":0,"parent":0,"menu_order":4,"comment_status":"closed","ping_status":"closed","template":"","meta":{"zakra_page_container_layout":"customizer","zakra_page_sidebar_layout":"customizer","zakra_remove_content_margin":false,"zakra_sidebar":"customizer","zakra_transparent_header":"customizer","zakra_logo":0,"zakra_main_header_style":"default","zakra_menu_item_color":"","zakra_menu_item_hover_color":"","zakra_menu_item_active_color":"","zakra_menu_active_style":"","zakra_page_header":true,"footnotes":""},"class_list":["post-125","page","type-page","status-publish","hentry"],"_links":{"self":[{"href":"https:\/\/hul2.mendelu.cz\/index.php?rest_route=\/wp\/v2\/pages\/125","targetHints":{"allow":["GET"]}}],"collection":[{"href":"https:\/\/hul2.mendelu.cz\/index.php?rest_route=\/wp\/v2\/pages"}],"about":[{"href":"https:\/\/hul2.mendelu.cz\/index.php?rest_route=\/wp\/v2\/types\/page"}],"author":[{"embeddable":true,"href":"https:\/\/hul2.mendelu.cz\/index.php?rest_route=\/wp\/v2\/users\/4"}],"replies":[{"embeddable":true,"href":"https:\/\/hul2.mendelu.cz\/index.php?rest_route=%2Fwp%2Fv2%2Fcomments&post=125"}],"version-history":[{"count":13,"href":"https:\/\/hul2.mendelu.cz\/index.php?rest_route=\/wp\/v2\/pages\/125\/revisions"}],"predecessor-version":[{"id":2710,"href":"https:\/\/hul2.mendelu.cz\/index.php?rest_route=\/wp\/v2\/pages\/125\/revisions\/2710"}],"wp:attachment":[{"href":"https:\/\/hul2.mendelu.cz\/index.php?rest_route=%2Fwp%2Fv2%2Fmedia&parent=125"}],"curies":[{"name":"wp","href":"https:\/\/api.w.org\/{rel}","templated":true}]}}