{"id":1485,"date":"2023-08-10T03:25:56","date_gmt":"2023-08-10T02:25:56","guid":{"rendered":"https:\/\/hul2.mendelu.cz\/?page_id=1485"},"modified":"2024-09-17T13:14:57","modified_gmt":"2024-09-17T12:14:57","slug":"1-2","status":"publish","type":"page","link":"https:\/\/hul2.mendelu.cz\/?page_id=1485","title":{"rendered":"1 \u2013 Lesnick\u00e9 hospoda\u0159en\u00ed a biodiverzita"},"content":{"rendered":"\n<p>Odkaz na teorii vztahuj\u00edc\u00ed se k t\u00e9matu: <a href=\"https:\/\/hul2.mendelu.cz\/?page_id=1899\">Lesnick\u00e9 hospoda\u0159en\u00ed a biodiverzita<\/a><\/p>\n\n\n\n<p>Prezentace ke sta\u017een\u00ed: <a href=\"https:\/\/hul2.mendelu.cz\/wp-content\/uploads\/2023\/09\/prednes1.pdf\">P\u0159edn\u00e1\u0161ka \u010d. 1 \u2013 Lesnick\u00e9 hospoda\u0159en\u00ed a biodiverzita<\/a><\/p>\n<hr \/>\n<p>\u00a0Odpov\u011bdi v anket\u00e1ch slou\u017e\u00ed k diskuzi t\u00e9matu p\u0159edn\u00e1\u0161ky.<\/p>\n<p>(pokud jsou mo\u017enosti odpov\u011bd\u00ed ozna\u010deny \u010dtvere\u010dkem, pak m\u016f\u017eete najednou ozna\u010dit v\u00edce t\u011bchto mo\u017enost\u00ed)<\/p>\n\n\n\n<p><div id=\"polls-4\" class=\"wp-polls\">\n\t<form id=\"polls_form_4\" class=\"wp-polls-form\" action=\"\/index.php\" method=\"post\">\n\t\t<p style=\"display: none;\"><input type=\"hidden\" id=\"poll_4_nonce\" name=\"wp-polls-nonce\" value=\"d40424497f\" \/><\/p>\n\t\t<p style=\"display: none;\"><input type=\"hidden\" name=\"poll_id\" value=\"4\" \/><\/p>\n\t\t<p style=\"display: none;\"><input type=\"hidden\" id=\"poll_multiple_ans_4\" name=\"poll_multiple_ans_4\" value=\"5\" \/><\/p>\n\t\t<p style=\"text-align: center;\"><strong>Pro\u010d je dobr\u00e9 se o biodiverzit\u011b lesa bavit?<\/strong><\/p><div id=\"polls-4-ans\" class=\"wp-polls-ans\"><ul class=\"wp-polls-ul\">\n\t\t<li><input type=\"checkbox\" id=\"poll-answer-16\" name=\"poll_4\" value=\"16\" \/> <label for=\"poll-answer-16\">ub\u00fdv\u00e1 j\u00ed<\/label><\/li>\n\t\t<li><input type=\"checkbox\" id=\"poll-answer-17\" name=\"poll_4\" value=\"17\" \/> <label for=\"poll-answer-17\">cht\u011bj\u00ed ji ochran\u00e1\u0159i<\/label><\/li>\n\t\t<li><input type=\"checkbox\" id=\"poll-answer-18\" name=\"poll_4\" value=\"18\" \/> <label for=\"poll-answer-18\">integruje slu\u017eby lesa<\/label><\/li>\n\t\t<li><input type=\"checkbox\" id=\"poll-answer-19\" name=\"poll_4\" value=\"19\" \/> <label for=\"poll-answer-19\">d\u00edky les\u00e1k\u016fm je j\u00ed m\u00e9n\u011b<\/label><\/li>\n\t\t<li><input type=\"checkbox\" id=\"poll-answer-20\" name=\"poll_4\" value=\"20\" \/> <label for=\"poll-answer-20\">nen\u00ed pot\u0159eba se o n\u00ed bavit<\/label><\/li>\n\t\t<\/ul><p style=\"text-align: center;\"><input type=\"button\" name=\"vote\" value=\"   Hlasujte   \" class=\"Buttons\" onclick=\"poll_vote(4);\" \/><\/p><p style=\"text-align: center;\"><a href=\"#ViewPollResults\" onclick=\"poll_result(4); return false;\" title=\"Zobrazit v\u00fdsledky t\u00e9to ankety\">Zobrazit v\u00fdsledky<\/a><\/p><\/div>\n\t<\/form>\n<\/div>\n<div id=\"polls-4-loading\" class=\"wp-polls-loading\"><img loading=\"lazy\" decoding=\"async\" src=\"https:\/\/hul2.mendelu.cz\/wp-content\/plugins\/wp-polls\/images\/loading.gif\" width=\"16\" height=\"16\" alt=\"Nahr\u00e1v\u00e1n\u00ed ...\" title=\"Nahr\u00e1v\u00e1n\u00ed ...\" class=\"wp-polls-image\" \/>&nbsp;Nahr\u00e1v\u00e1n\u00ed ...<\/div>\n <div id=\"polls-5\" class=\"wp-polls\">\n\t<form id=\"polls_form_5\" class=\"wp-polls-form\" action=\"\/index.php\" method=\"post\">\n\t\t<p style=\"display: none;\"><input type=\"hidden\" id=\"poll_5_nonce\" name=\"wp-polls-nonce\" value=\"0789a2c122\" \/><\/p>\n\t\t<p style=\"display: none;\"><input type=\"hidden\" name=\"poll_id\" value=\"5\" \/><\/p>\n\t\t<p style=\"text-align: center;\"><strong>Jak moc ovliv\u0148uje lesn\u00ed hospod\u00e1\u0159stv\u00ed biodiverzitu?<\/strong><\/p><div id=\"polls-5-ans\" class=\"wp-polls-ans\"><ul class=\"wp-polls-ul\">\n\t\t<li><input type=\"radio\" id=\"poll-answer-21\" name=\"poll_5\" value=\"21\" \/> <label for=\"poll-answer-21\">velmi moc<\/label><\/li>\n\t\t<li><input type=\"radio\" id=\"poll-answer-22\" name=\"poll_5\" value=\"22\" \/> <label for=\"poll-answer-22\">sp\u00ed\u0161e v\u00edce<\/label><\/li>\n\t\t<li><input type=\"radio\" id=\"poll-answer-23\" name=\"poll_5\" value=\"23\" \/> <label for=\"poll-answer-23\">st\u0159edn\u011b<\/label><\/li>\n\t\t<li><input type=\"radio\" id=\"poll-answer-24\" name=\"poll_5\" value=\"24\" \/> <label for=\"poll-answer-24\">sp\u00ed\u0161e m\u00e9n\u011b<\/label><\/li>\n\t\t<li><input type=\"radio\" id=\"poll-answer-25\" name=\"poll_5\" value=\"25\" \/> <label for=\"poll-answer-25\">v\u016fbec<\/label><\/li>\n\t\t<\/ul><p style=\"text-align: center;\"><input type=\"button\" name=\"vote\" value=\"   Hlasujte   \" class=\"Buttons\" onclick=\"poll_vote(5);\" \/><\/p><p style=\"text-align: center;\"><a href=\"#ViewPollResults\" onclick=\"poll_result(5); return false;\" title=\"Zobrazit v\u00fdsledky t\u00e9to ankety\">Zobrazit v\u00fdsledky<\/a><\/p><\/div>\n\t<\/form>\n<\/div>\n<div id=\"polls-5-loading\" class=\"wp-polls-loading\"><img loading=\"lazy\" decoding=\"async\" src=\"https:\/\/hul2.mendelu.cz\/wp-content\/plugins\/wp-polls\/images\/loading.gif\" width=\"16\" height=\"16\" alt=\"Nahr\u00e1v\u00e1n\u00ed ...\" title=\"Nahr\u00e1v\u00e1n\u00ed ...\" class=\"wp-polls-image\" \/>&nbsp;Nahr\u00e1v\u00e1n\u00ed ...<\/div>\n <div id=\"polls-6\" class=\"wp-polls\">\n\t<form id=\"polls_form_6\" class=\"wp-polls-form\" action=\"\/index.php\" method=\"post\">\n\t\t<p style=\"display: none;\"><input type=\"hidden\" id=\"poll_6_nonce\" name=\"wp-polls-nonce\" value=\"4262b00dc5\" \/><\/p>\n\t\t<p style=\"display: none;\"><input type=\"hidden\" name=\"poll_id\" value=\"6\" \/><\/p>\n\t\t<p style=\"text-align: center;\"><strong>Lze v lese hospoda\u0159it v souladu s udr\u017eov\u00e1n\u00edm, resp. zlep\u0161ov\u00e1n\u00edm biodiverzity?<\/strong><\/p><div id=\"polls-6-ans\" class=\"wp-polls-ans\"><ul class=\"wp-polls-ul\">\n\t\t<li><input type=\"radio\" id=\"poll-answer-26\" name=\"poll_6\" value=\"26\" \/> <label for=\"poll-answer-26\">ur\u010dit\u011b ano, jde to<\/label><\/li>\n\t\t<li><input type=\"radio\" id=\"poll-answer-27\" name=\"poll_6\" value=\"27\" \/> <label for=\"poll-answer-27\">sp\u00ed\u0161e ano<\/label><\/li>\n\t\t<li><input type=\"radio\" id=\"poll-answer-28\" name=\"poll_6\" value=\"28\" \/> <label for=\"poll-answer-28\">n\u011bkdy ano, n\u011bkdy ne<\/label><\/li>\n\t\t<li><input type=\"radio\" id=\"poll-answer-29\" name=\"poll_6\" value=\"29\" \/> <label for=\"poll-answer-29\">sp\u00ed\u0161e ne<\/label><\/li>\n\t\t<li><input type=\"radio\" id=\"poll-answer-30\" name=\"poll_6\" value=\"30\" \/> <label for=\"poll-answer-30\">ur\u010dit\u011b ne, nelze to sladit<\/label><\/li>\n\t\t<\/ul><p style=\"text-align: center;\"><input type=\"button\" name=\"vote\" value=\"   Hlasujte   \" class=\"Buttons\" onclick=\"poll_vote(6);\" \/><\/p><p style=\"text-align: center;\"><a href=\"#ViewPollResults\" onclick=\"poll_result(6); return false;\" title=\"Zobrazit v\u00fdsledky t\u00e9to ankety\">Zobrazit v\u00fdsledky<\/a><\/p><\/div>\n\t<\/form>\n<\/div>\n<div id=\"polls-6-loading\" class=\"wp-polls-loading\"><img loading=\"lazy\" decoding=\"async\" src=\"https:\/\/hul2.mendelu.cz\/wp-content\/plugins\/wp-polls\/images\/loading.gif\" width=\"16\" height=\"16\" alt=\"Nahr\u00e1v\u00e1n\u00ed ...\" title=\"Nahr\u00e1v\u00e1n\u00ed ...\" class=\"wp-polls-image\" \/>&nbsp;Nahr\u00e1v\u00e1n\u00ed ...<\/div>\n<\/p>\n\n\n\n<p>Dosavadn\u00ed v\u00fdsledky hlasov\u00e1n\u00ed: <a href=\"https:\/\/hul2.mendelu.cz\/wp-content\/uploads\/2024\/09\/anketa1_16-09-2024.png\" target=\"_blank\" rel=\"noreferrer noopener\">16-09-2024<\/a><\/p>\n\n\n\n<p><\/p>\n","protected":false},"excerpt":{"rendered":"<p>Odkaz na teorii vztahuj\u00edc\u00ed se k t\u00e9matu: Lesnick\u00e9 hospoda\u0159en\u00ed a biodiverzita Prezentace ke sta\u017een\u00ed: P\u0159edn\u00e1\u0161ka \u010d. 1 \u2013 Lesnick\u00e9 hospoda\u0159en\u00ed a biodiverzita \u00a0Odpov\u011bdi v anket\u00e1ch slou\u017e\u00ed k diskuzi t\u00e9matu p\u0159edn\u00e1\u0161ky. (pokud jsou mo\u017enosti odpov\u011bd\u00ed ozna\u010deny \u010dtvere\u010dkem, pak m\u016f\u017eete najednou ozna\u010dit v\u00edce t\u011bchto mo\u017enost\u00ed) Dosavadn\u00ed v\u00fdsledky hlasov\u00e1n\u00ed: 16-09-2024<\/p>\n","protected":false},"author":4,"featured_media":0,"parent":35,"menu_order":0,"comment_status":"closed","ping_status":"closed","template":"","meta":{"zakra_page_container_layout":"customizer","zakra_page_sidebar_layout":"customizer","zakra_remove_content_margin":false,"zakra_sidebar":"customizer","zakra_transparent_header":"customizer","zakra_logo":0,"zakra_main_header_style":"default","zakra_menu_item_color":"","zakra_menu_item_hover_color":"","zakra_menu_item_active_color":"","zakra_menu_active_style":"","zakra_page_header":true,"footnotes":""},"class_list":["post-1485","page","type-page","status-publish","hentry"],"_links":{"self":[{"href":"https:\/\/hul2.mendelu.cz\/index.php?rest_route=\/wp\/v2\/pages\/1485","targetHints":{"allow":["GET"]}}],"collection":[{"href":"https:\/\/hul2.mendelu.cz\/index.php?rest_route=\/wp\/v2\/pages"}],"about":[{"href":"https:\/\/hul2.mendelu.cz\/index.php?rest_route=\/wp\/v2\/types\/page"}],"author":[{"embeddable":true,"href":"https:\/\/hul2.mendelu.cz\/index.php?rest_route=\/wp\/v2\/users\/4"}],"replies":[{"embeddable":true,"href":"https:\/\/hul2.mendelu.cz\/index.php?rest_route=%2Fwp%2Fv2%2Fcomments&post=1485"}],"version-history":[{"count":80,"href":"https:\/\/hul2.mendelu.cz\/index.php?rest_route=\/wp\/v2\/pages\/1485\/revisions"}],"predecessor-version":[{"id":2856,"href":"https:\/\/hul2.mendelu.cz\/index.php?rest_route=\/wp\/v2\/pages\/1485\/revisions\/2856"}],"up":[{"embeddable":true,"href":"https:\/\/hul2.mendelu.cz\/index.php?rest_route=\/wp\/v2\/pages\/35"}],"wp:attachment":[{"href":"https:\/\/hul2.mendelu.cz\/index.php?rest_route=%2Fwp%2Fv2%2Fmedia&parent=1485"}],"curies":[{"name":"wp","href":"https:\/\/api.w.org\/{rel}","templated":true}]}}