{"id":1487,"date":"2023-08-10T03:29:51","date_gmt":"2023-08-10T02:29:51","guid":{"rendered":"https:\/\/hul2.mendelu.cz\/?page_id=1487"},"modified":"2024-09-17T13:12:36","modified_gmt":"2024-09-17T12:12:36","slug":"2-2","status":"publish","type":"page","link":"https:\/\/hul2.mendelu.cz\/?page_id=1487","title":{"rendered":"2 &#8211; Vybran\u00e9 lesnicky orientovan\u00e9 managementov\u00e9 syst\u00e9my podporuj\u00edc\u00ed biodiverzitu"},"content":{"rendered":"\n<p>Odkaz na teorii vztahuj\u00edc\u00ed se k t\u00e9matu: <a href=\"https:\/\/hul2.mendelu.cz\/?page_id=1666\">Vybran\u00e9 lesnicky orientovan\u00e9 managementov\u00e9 syst\u00e9my podporuj\u00edc\u00ed biodiverzitu<\/a><\/p>\n\n\n<p>Prezentace ke sta\u017een\u00ed: <a href=\"https:\/\/hul2.mendelu.cz\/wp-content\/uploads\/2023\/10\/2_Managementove-systemy.pdf\">P\u0159edn\u00e1\u0161ka \u010d. 2 &#8211; Vybran\u00e9 lesnicky orientovan\u00e9 managementov\u00e9 syst\u00e9my podporuj\u00edc\u00ed biodiverzitu<\/a><\/p>\n<hr \/>\n<p>Odpov\u011bdi v anket\u00e1ch slou\u017e\u00ed k diskuzi t\u00e9matu p\u0159edn\u00e1\u0161ky.<\/p>\n<p>(pokud jsou mo\u017enosti odpov\u011bd\u00ed ozna\u010deny \u010dtvere\u010dkem, pak m\u016f\u017eete najednou ozna\u010dit v\u00edce t\u011bchto mo\u017enost\u00ed)<\/p>\n<p><div id=\"polls-1\" class=\"wp-polls\">\n\t<form id=\"polls_form_1\" class=\"wp-polls-form\" action=\"\/index.php\" method=\"post\">\n\t\t<p style=\"display: none;\"><input type=\"hidden\" id=\"poll_1_nonce\" name=\"wp-polls-nonce\" value=\"411de2227d\" \/><\/p>\n\t\t<p style=\"display: none;\"><input type=\"hidden\" name=\"poll_id\" value=\"1\" \/><\/p>\n\t\t<p style=\"text-align: center;\"><strong>Kolik model\u016f obhospoda\u0159ov\u00e1n\u00ed lesa zn\u00e1te?<\/strong><\/p><div id=\"polls-1-ans\" class=\"wp-polls-ans\"><ul class=\"wp-polls-ul\">\n\t\t<li><input type=\"radio\" id=\"poll-answer-1\" name=\"poll_1\" value=\"1\" \/> <label for=\"poll-answer-1\">Jeden<\/label><\/li>\n\t\t<li><input type=\"radio\" id=\"poll-answer-2\" name=\"poll_1\" value=\"2\" \/> <label for=\"poll-answer-2\">Dva<\/label><\/li>\n\t\t<li><input type=\"radio\" id=\"poll-answer-3\" name=\"poll_1\" value=\"3\" \/> <label for=\"poll-answer-3\">T\u0159i<\/label><\/li>\n\t\t<li><input type=\"radio\" id=\"poll-answer-4\" name=\"poll_1\" value=\"4\" \/> <label for=\"poll-answer-4\">\u010cty\u0159i<\/label><\/li>\n\t\t<li><input type=\"radio\" id=\"poll-answer-5\" name=\"poll_1\" value=\"5\" \/> <label for=\"poll-answer-5\">P\u011bt a v\u00edce<\/label><\/li>\n\t\t<\/ul><p style=\"text-align: center;\"><input type=\"button\" name=\"vote\" value=\"   Hlasujte   \" class=\"Buttons\" onclick=\"poll_vote(1);\" \/><\/p><p style=\"text-align: center;\"><a href=\"#ViewPollResults\" onclick=\"poll_result(1); return false;\" title=\"Zobrazit v\u00fdsledky t\u00e9to ankety\">Zobrazit v\u00fdsledky<\/a><\/p><\/div>\n\t<\/form>\n<\/div>\n<div id=\"polls-1-loading\" class=\"wp-polls-loading\"><img loading=\"lazy\" decoding=\"async\" src=\"https:\/\/hul2.mendelu.cz\/wp-content\/plugins\/wp-polls\/images\/loading.gif\" width=\"16\" height=\"16\" alt=\"Nahr\u00e1v\u00e1n\u00ed ...\" title=\"Nahr\u00e1v\u00e1n\u00ed ...\" class=\"wp-polls-image\" \/>&nbsp;Nahr\u00e1v\u00e1n\u00ed ...<\/div>\n <div id=\"polls-2\" class=\"wp-polls\">\n\t<form id=\"polls_form_2\" class=\"wp-polls-form\" action=\"\/index.php\" method=\"post\">\n\t\t<p style=\"display: none;\"><input type=\"hidden\" id=\"poll_2_nonce\" name=\"wp-polls-nonce\" value=\"8c088d5431\" \/><\/p>\n\t\t<p style=\"display: none;\"><input type=\"hidden\" name=\"poll_id\" value=\"2\" \/><\/p>\n\t\t<p style=\"text-align: center;\"><strong>Je spr\u00e1vn\u00e9 pou\u017e\u00edvat na jednom LHC v\u00edce model\u016f obhospod\u0159ov\u00e1n\u00ed lesa?<\/strong><\/p><div id=\"polls-2-ans\" class=\"wp-polls-ans\"><ul class=\"wp-polls-ul\">\n\t\t<li><input type=\"radio\" id=\"poll-answer-6\" name=\"poll_2\" value=\"6\" \/> <label for=\"poll-answer-6\">Ur\u010dit\u011b ano<\/label><\/li>\n\t\t<li><input type=\"radio\" id=\"poll-answer-7\" name=\"poll_2\" value=\"7\" \/> <label for=\"poll-answer-7\">Sp\u00ed\u0161e ano<\/label><\/li>\n\t\t<li><input type=\"radio\" id=\"poll-answer-8\" name=\"poll_2\" value=\"8\" \/> <label for=\"poll-answer-8\">Sp\u00ed\u0161e ne<\/label><\/li>\n\t\t<li><input type=\"radio\" id=\"poll-answer-9\" name=\"poll_2\" value=\"9\" \/> <label for=\"poll-answer-9\">Ur\u010dit\u011b ne<\/label><\/li>\n\t\t<li><input type=\"radio\" id=\"poll-answer-10\" name=\"poll_2\" value=\"10\" \/> <label for=\"poll-answer-10\">Nev\u00edm<\/label><\/li>\n\t\t<\/ul><p style=\"text-align: center;\"><input type=\"button\" name=\"vote\" value=\"   Hlasujte   \" class=\"Buttons\" onclick=\"poll_vote(2);\" \/><\/p><p style=\"text-align: center;\"><a href=\"#ViewPollResults\" onclick=\"poll_result(2); return false;\" title=\"Zobrazit v\u00fdsledky t\u00e9to ankety\">Zobrazit v\u00fdsledky<\/a><\/p><\/div>\n\t<\/form>\n<\/div>\n<div id=\"polls-2-loading\" class=\"wp-polls-loading\"><img loading=\"lazy\" decoding=\"async\" src=\"https:\/\/hul2.mendelu.cz\/wp-content\/plugins\/wp-polls\/images\/loading.gif\" width=\"16\" height=\"16\" alt=\"Nahr\u00e1v\u00e1n\u00ed ...\" title=\"Nahr\u00e1v\u00e1n\u00ed ...\" class=\"wp-polls-image\" \/>&nbsp;Nahr\u00e1v\u00e1n\u00ed ...<\/div>\n <div id=\"polls-3\" class=\"wp-polls\">\n\t<form id=\"polls_form_3\" class=\"wp-polls-form\" action=\"\/index.php\" method=\"post\">\n\t\t<p style=\"display: none;\"><input type=\"hidden\" id=\"poll_3_nonce\" name=\"wp-polls-nonce\" value=\"19180909b5\" \/><\/p>\n\t\t<p style=\"display: none;\"><input type=\"hidden\" name=\"poll_id\" value=\"3\" \/><\/p>\n\t\t<p style=\"display: none;\"><input type=\"hidden\" id=\"poll_multiple_ans_3\" name=\"poll_multiple_ans_3\" value=\"5\" \/><\/p>\n\t\t<p style=\"text-align: center;\"><strong>Pou\u017e\u00edv\u00e1n\u00ed v\u00edce model\u016f obhospoda\u0159ov\u00e1n\u00ed lesa na LHC pom\u016f\u017ee maximalizovat<\/strong><\/p><div id=\"polls-3-ans\" class=\"wp-polls-ans\"><ul class=\"wp-polls-ul\">\n\t\t<li><input type=\"checkbox\" id=\"poll-answer-11\" name=\"poll_3\" value=\"11\" \/> <label for=\"poll-answer-11\">Produk\u010dn\u00ed funkce lesa<\/label><\/li>\n\t\t<li><input type=\"checkbox\" id=\"poll-answer-12\" name=\"poll_3\" value=\"12\" \/> <label for=\"poll-answer-12\">Ekologick\u00e9 funkce lesa<\/label><\/li>\n\t\t<li><input type=\"checkbox\" id=\"poll-answer-13\" name=\"poll_3\" value=\"13\" \/> <label for=\"poll-answer-13\">Soci\u00e1ln\u00ed funkce lesa<\/label><\/li>\n\t\t<li><input type=\"checkbox\" id=\"poll-answer-14\" name=\"poll_3\" value=\"14\" \/> <label for=\"poll-answer-14\">V\u0161echny funkce lesa<\/label><\/li>\n\t\t<li><input type=\"checkbox\" id=\"poll-answer-15\" name=\"poll_3\" value=\"15\" \/> <label for=\"poll-answer-15\">Nev\u00edm<\/label><\/li>\n\t\t<\/ul><p style=\"text-align: center;\"><input type=\"button\" name=\"vote\" value=\"   Hlasujte   \" class=\"Buttons\" onclick=\"poll_vote(3);\" \/><\/p><p style=\"text-align: center;\"><a href=\"#ViewPollResults\" onclick=\"poll_result(3); return false;\" title=\"Zobrazit v\u00fdsledky t\u00e9to ankety\">Zobrazit v\u00fdsledky<\/a><\/p><\/div>\n\t<\/form>\n<\/div>\n<div id=\"polls-3-loading\" class=\"wp-polls-loading\"><img loading=\"lazy\" decoding=\"async\" src=\"https:\/\/hul2.mendelu.cz\/wp-content\/plugins\/wp-polls\/images\/loading.gif\" width=\"16\" height=\"16\" alt=\"Nahr\u00e1v\u00e1n\u00ed ...\" title=\"Nahr\u00e1v\u00e1n\u00ed ...\" class=\"wp-polls-image\" \/>&nbsp;Nahr\u00e1v\u00e1n\u00ed ...<\/div>\n<\/p>\n\n\n<p>Dosavadn\u00ed v\u00fdsledky hlasov\u00e1n\u00ed: <a href=\"https:\/\/hul2.mendelu.cz\/wp-content\/uploads\/2024\/09\/anketa2_16-09-2024.png\" target=\"_blank\" rel=\"noreferrer noopener\">16-09-2024<\/a><\/p>\n","protected":false},"excerpt":{"rendered":"<p>Odkaz na teorii vztahuj\u00edc\u00ed se k t\u00e9matu: Vybran\u00e9 lesnicky orientovan\u00e9 managementov\u00e9 syst\u00e9my podporuj\u00edc\u00ed biodiverzitu Prezentace ke sta\u017een\u00ed: P\u0159edn\u00e1\u0161ka \u010d. 2 &#8211; Vybran\u00e9 lesnicky orientovan\u00e9 managementov\u00e9 syst\u00e9my podporuj\u00edc\u00ed biodiverzitu Odpov\u011bdi v anket\u00e1ch slou\u017e\u00ed k diskuzi t\u00e9matu p\u0159edn\u00e1\u0161ky. (pokud jsou mo\u017enosti odpov\u011bd\u00ed ozna\u010deny \u010dtvere\u010dkem, pak m\u016f\u017eete najednou ozna\u010dit v\u00edce t\u011bchto mo\u017enost\u00ed) Dosavadn\u00ed v\u00fdsledky hlasov\u00e1n\u00ed: 16-09-2024<\/p>\n","protected":false},"author":4,"featured_media":0,"parent":35,"menu_order":0,"comment_status":"closed","ping_status":"closed","template":"","meta":{"zakra_page_container_layout":"customizer","zakra_page_sidebar_layout":"customizer","zakra_remove_content_margin":false,"zakra_sidebar":"customizer","zakra_transparent_header":"customizer","zakra_logo":0,"zakra_main_header_style":"default","zakra_menu_item_color":"","zakra_menu_item_hover_color":"","zakra_menu_item_active_color":"","zakra_menu_active_style":"","zakra_page_header":true,"footnotes":""},"class_list":["post-1487","page","type-page","status-publish","hentry"],"_links":{"self":[{"href":"https:\/\/hul2.mendelu.cz\/index.php?rest_route=\/wp\/v2\/pages\/1487","targetHints":{"allow":["GET"]}}],"collection":[{"href":"https:\/\/hul2.mendelu.cz\/index.php?rest_route=\/wp\/v2\/pages"}],"about":[{"href":"https:\/\/hul2.mendelu.cz\/index.php?rest_route=\/wp\/v2\/types\/page"}],"author":[{"embeddable":true,"href":"https:\/\/hul2.mendelu.cz\/index.php?rest_route=\/wp\/v2\/users\/4"}],"replies":[{"embeddable":true,"href":"https:\/\/hul2.mendelu.cz\/index.php?rest_route=%2Fwp%2Fv2%2Fcomments&post=1487"}],"version-history":[{"count":11,"href":"https:\/\/hul2.mendelu.cz\/index.php?rest_route=\/wp\/v2\/pages\/1487\/revisions"}],"predecessor-version":[{"id":2854,"href":"https:\/\/hul2.mendelu.cz\/index.php?rest_route=\/wp\/v2\/pages\/1487\/revisions\/2854"}],"up":[{"embeddable":true,"href":"https:\/\/hul2.mendelu.cz\/index.php?rest_route=\/wp\/v2\/pages\/35"}],"wp:attachment":[{"href":"https:\/\/hul2.mendelu.cz\/index.php?rest_route=%2Fwp%2Fv2%2Fmedia&parent=1487"}],"curies":[{"name":"wp","href":"https:\/\/api.w.org\/{rel}","templated":true}]}}