{"id":1489,"date":"2023-08-10T03:30:27","date_gmt":"2023-08-10T02:30:27","guid":{"rendered":"https:\/\/hul2.mendelu.cz\/?page_id=1489"},"modified":"2024-09-17T13:10:59","modified_gmt":"2024-09-17T12:10:59","slug":"3-2","status":"publish","type":"page","link":"https:\/\/hul2.mendelu.cz\/?page_id=1489","title":{"rendered":"3 &#8211; P\u0159\u00edrod\u011b bl\u00edzk\u00e9 a p\u0159\u00edrod\u011b bli\u017e\u0161\u00ed lesnictv\u00ed &#8211; manu\u00e1l pro celoevropskou implementaci"},"content":{"rendered":"\n<p>Odkaz na teorii vztahuj\u00edc\u00ed se k t\u00e9matu: <\/p>\n\n\n\n<ul style=\"list-style-type: circle;\">\n<li><a href=\"https:\/\/hul2.mendelu.cz\/?page_id=1673\">P\u0159\u00edrod\u011b bl\u00edzk\u00e9 lesnictv\u00ed<\/a><\/li>\n<li><a href=\"https:\/\/hul2.mendelu.cz\/?page_id=1953\">P\u0159\u00edrod\u011b bli\u017e\u0161\u00ed lesnictv\u00ed<\/a><\/li>\n<\/ul>\n\n\n\n<p>Prezentace ke sta\u017een\u00ed:<\/p>\n<ul style=\"list-style-type: circle;\">\n<li><a href=\"https:\/\/hul2.mendelu.cz\/wp-content\/uploads\/2023\/09\/prednes3.pdf\">P\u0159edn\u00e1\u0161ka \u010d. 3 \u2013 P\u0159\u00edrod\u011b bl\u00edzk\u00e9 a p\u0159\u00edrod\u011b bli\u017e\u0161\u00ed lesnictv\u00ed<\/a><\/li>\n<li><a href=\"https:\/\/hul2.mendelu.cz\/wp-content\/uploads\/2023\/09\/LHP-SLP-Krtiny-a-provozni-koncepce.pdf\">Metodick\u00e1 v\u00fdchodiska tvorby LHP pro \u0160LP ML K\u0159tiny ve vazb\u011b na Adapta\u010dn\u00ed strategii \u0160LP ML K\u0159tiny<\/a><\/li>\n<\/ul>\n<hr \/>\n<p>Odpov\u011bdi v anket\u00e1ch slou\u017e\u00ed k diskuzi t\u00e9matu p\u0159edn\u00e1\u0161ky.<\/p>\n<p><div id=\"polls-7\" class=\"wp-polls\">\n\t<form id=\"polls_form_7\" class=\"wp-polls-form\" action=\"\/index.php\" method=\"post\">\n\t\t<p style=\"display: none;\"><input type=\"hidden\" id=\"poll_7_nonce\" name=\"wp-polls-nonce\" value=\"ea60b17873\" \/><\/p>\n\t\t<p style=\"display: none;\"><input type=\"hidden\" name=\"poll_id\" value=\"7\" \/><\/p>\n\t\t<p style=\"text-align: center;\"><strong>Je sou\u010dasn\u00e9 lesnick\u00e9 hospoda\u0159en\u00ed p\u0159\u00edrod\u011b bl\u00edzk\u00e9?<\/strong><\/p><div id=\"polls-7-ans\" class=\"wp-polls-ans\"><ul class=\"wp-polls-ul\">\n\t\t<li><input type=\"radio\" id=\"poll-answer-31\" name=\"poll_7\" value=\"31\" \/> <label for=\"poll-answer-31\">ano, ur\u010dit\u011b je<\/label><\/li>\n\t\t<li><input type=\"radio\" id=\"poll-answer-32\" name=\"poll_7\" value=\"32\" \/> <label for=\"poll-answer-32\">sp\u00ed\u0161e ano<\/label><\/li>\n\t\t<li><input type=\"radio\" id=\"poll-answer-33\" name=\"poll_7\" value=\"33\" \/> <label for=\"poll-answer-33\">tak n\u011bjak st\u0159edn\u011b<\/label><\/li>\n\t\t<li><input type=\"radio\" id=\"poll-answer-34\" name=\"poll_7\" value=\"34\" \/> <label for=\"poll-answer-34\">sp\u00ed\u0161e ne<\/label><\/li>\n\t\t<li><input type=\"radio\" id=\"poll-answer-35\" name=\"poll_7\" value=\"35\" \/> <label for=\"poll-answer-35\">ne, ur\u010dit\u011b nen\u00ed<\/label><\/li>\n\t\t<\/ul><p style=\"text-align: center;\"><input type=\"button\" name=\"vote\" value=\"   Hlasujte   \" class=\"Buttons\" onclick=\"poll_vote(7);\" \/><\/p><p style=\"text-align: center;\"><a href=\"#ViewPollResults\" onclick=\"poll_result(7); return false;\" title=\"Zobrazit v\u00fdsledky t\u00e9to ankety\">Zobrazit v\u00fdsledky<\/a><\/p><\/div>\n\t<\/form>\n<\/div>\n<div id=\"polls-7-loading\" class=\"wp-polls-loading\"><img loading=\"lazy\" decoding=\"async\" src=\"https:\/\/hul2.mendelu.cz\/wp-content\/plugins\/wp-polls\/images\/loading.gif\" width=\"16\" height=\"16\" alt=\"Nahr\u00e1v\u00e1n\u00ed ...\" title=\"Nahr\u00e1v\u00e1n\u00ed ...\" class=\"wp-polls-image\" \/>&nbsp;Nahr\u00e1v\u00e1n\u00ed ...<\/div>\n <div id=\"polls-8\" class=\"wp-polls\">\n\t<form id=\"polls_form_8\" class=\"wp-polls-form\" action=\"\/index.php\" method=\"post\">\n\t\t<p style=\"display: none;\"><input type=\"hidden\" id=\"poll_8_nonce\" name=\"wp-polls-nonce\" value=\"c27a361c5f\" \/><\/p>\n\t\t<p style=\"display: none;\"><input type=\"hidden\" name=\"poll_id\" value=\"8\" \/><\/p>\n\t\t<p style=\"text-align: center;\"><strong>M\u016f\u017ee b\u00fdt lesnick\u00e9 hospoda\u0159en\u00ed p\u0159\u00edrod\u011b je\u0161t\u011b v\u00edc bli\u017e\u0161\u00ed?<\/strong><\/p><div id=\"polls-8-ans\" class=\"wp-polls-ans\"><ul class=\"wp-polls-ul\">\n\t\t<li><input type=\"radio\" id=\"poll-answer-36\" name=\"poll_8\" value=\"36\" \/> <label for=\"poll-answer-36\">ur\u010dit\u011b ano, m\u016f\u017ee<\/label><\/li>\n\t\t<li><input type=\"radio\" id=\"poll-answer-37\" name=\"poll_8\" value=\"37\" \/> <label for=\"poll-answer-37\">sp\u00ed\u0161e ano<\/label><\/li>\n\t\t<li><input type=\"radio\" id=\"poll-answer-38\" name=\"poll_8\" value=\"38\" \/> <label for=\"poll-answer-38\">tak n\u011bjak st\u0159edn\u011b<\/label><\/li>\n\t\t<li><input type=\"radio\" id=\"poll-answer-39\" name=\"poll_8\" value=\"39\" \/> <label for=\"poll-answer-39\">sp\u00ed\u0161e ne<\/label><\/li>\n\t\t<li><input type=\"radio\" id=\"poll-answer-40\" name=\"poll_8\" value=\"40\" \/> <label for=\"poll-answer-40\">ur\u010dit\u011b ne, nem\u016f\u017ee<\/label><\/li>\n\t\t<\/ul><p style=\"text-align: center;\"><input type=\"button\" name=\"vote\" value=\"   Hlasujte   \" class=\"Buttons\" onclick=\"poll_vote(8);\" \/><\/p><p style=\"text-align: center;\"><a href=\"#ViewPollResults\" onclick=\"poll_result(8); return false;\" title=\"Zobrazit v\u00fdsledky t\u00e9to ankety\">Zobrazit v\u00fdsledky<\/a><\/p><\/div>\n\t<\/form>\n<\/div>\n<div id=\"polls-8-loading\" class=\"wp-polls-loading\"><img loading=\"lazy\" decoding=\"async\" src=\"https:\/\/hul2.mendelu.cz\/wp-content\/plugins\/wp-polls\/images\/loading.gif\" width=\"16\" height=\"16\" alt=\"Nahr\u00e1v\u00e1n\u00ed ...\" title=\"Nahr\u00e1v\u00e1n\u00ed ...\" class=\"wp-polls-image\" \/>&nbsp;Nahr\u00e1v\u00e1n\u00ed ...<\/div>\n <div id=\"polls-9\" class=\"wp-polls\">\n\t<form id=\"polls_form_9\" class=\"wp-polls-form\" action=\"\/index.php\" method=\"post\">\n\t\t<p style=\"display: none;\"><input type=\"hidden\" id=\"poll_9_nonce\" name=\"wp-polls-nonce\" value=\"5c8a67aad2\" \/><\/p>\n\t\t<p style=\"display: none;\"><input type=\"hidden\" name=\"poll_id\" value=\"9\" \/><\/p>\n\t\t<p style=\"text-align: center;\"><strong>Zn\u00e1te evropsk\u00fd koncept \"Closer to Nature Forestry\"?<\/strong><\/p><div id=\"polls-9-ans\" class=\"wp-polls-ans\"><ul class=\"wp-polls-ul\">\n\t\t<li><input type=\"radio\" id=\"poll-answer-41\" name=\"poll_9\" value=\"41\" \/> <label for=\"poll-answer-41\">zn\u00e1m tento koncept<\/label><\/li>\n\t\t<li><input type=\"radio\" id=\"poll-answer-42\" name=\"poll_9\" value=\"42\" \/> <label for=\"poll-answer-42\">zn\u00e1m ho, doporu\u010duji ho<\/label><\/li>\n\t\t<li><input type=\"radio\" id=\"poll-answer-43\" name=\"poll_9\" value=\"43\" \/> <label for=\"poll-answer-43\">jen jsem o n\u011bm sly\u0161el(a)<\/label><\/li>\n\t\t<li><input type=\"radio\" id=\"poll-answer-44\" name=\"poll_9\" value=\"44\" \/> <label for=\"poll-answer-44\">zn\u00e1m ho, nedoporu\u010duji ho<\/label><\/li>\n\t\t<li><input type=\"radio\" id=\"poll-answer-45\" name=\"poll_9\" value=\"45\" \/> <label for=\"poll-answer-45\">ne nezn\u00e1m<\/label><\/li>\n\t\t<\/ul><p style=\"text-align: center;\"><input type=\"button\" name=\"vote\" value=\"   Hlasujte   \" class=\"Buttons\" onclick=\"poll_vote(9);\" \/><\/p><p style=\"text-align: center;\"><a href=\"#ViewPollResults\" onclick=\"poll_result(9); return false;\" title=\"Zobrazit v\u00fdsledky t\u00e9to ankety\">Zobrazit v\u00fdsledky<\/a><\/p><\/div>\n\t<\/form>\n<\/div>\n<div id=\"polls-9-loading\" class=\"wp-polls-loading\"><img loading=\"lazy\" decoding=\"async\" src=\"https:\/\/hul2.mendelu.cz\/wp-content\/plugins\/wp-polls\/images\/loading.gif\" width=\"16\" height=\"16\" alt=\"Nahr\u00e1v\u00e1n\u00ed ...\" title=\"Nahr\u00e1v\u00e1n\u00ed ...\" class=\"wp-polls-image\" \/>&nbsp;Nahr\u00e1v\u00e1n\u00ed ...<\/div>\n<\/p>\n\n\n\n<p>Dosavadn\u00ed v\u00fdsledky hlasov\u00e1n\u00ed: <a href=\"https:\/\/hul2.mendelu.cz\/wp-content\/uploads\/2024\/09\/anketa3_16-09-2024.png\" target=\"_blank\" rel=\"noreferrer noopener\">16-09-2024<\/a><\/p>\n","protected":false},"excerpt":{"rendered":"<p>Odkaz na teorii vztahuj\u00edc\u00ed se k t\u00e9matu: P\u0159\u00edrod\u011b bl\u00edzk\u00e9 lesnictv\u00ed P\u0159\u00edrod\u011b bli\u017e\u0161\u00ed lesnictv\u00ed Prezentace ke sta\u017een\u00ed: P\u0159edn\u00e1\u0161ka \u010d. 3 \u2013 P\u0159\u00edrod\u011b bl\u00edzk\u00e9 a p\u0159\u00edrod\u011b bli\u017e\u0161\u00ed lesnictv\u00ed Metodick\u00e1 v\u00fdchodiska tvorby LHP pro \u0160LP ML K\u0159tiny ve vazb\u011b na Adapta\u010dn\u00ed strategii \u0160LP ML K\u0159tiny Odpov\u011bdi v anket\u00e1ch slou\u017e\u00ed k diskuzi t\u00e9matu p\u0159edn\u00e1\u0161ky. Dosavadn\u00ed v\u00fdsledky hlasov\u00e1n\u00ed: 16-09-2024<\/p>\n","protected":false},"author":4,"featured_media":0,"parent":35,"menu_order":0,"comment_status":"closed","ping_status":"closed","template":"","meta":{"zakra_page_container_layout":"customizer","zakra_page_sidebar_layout":"customizer","zakra_remove_content_margin":false,"zakra_sidebar":"customizer","zakra_transparent_header":"customizer","zakra_logo":0,"zakra_main_header_style":"default","zakra_menu_item_color":"","zakra_menu_item_hover_color":"","zakra_menu_item_active_color":"","zakra_menu_active_style":"","zakra_page_header":true,"footnotes":""},"class_list":["post-1489","page","type-page","status-publish","hentry"],"_links":{"self":[{"href":"https:\/\/hul2.mendelu.cz\/index.php?rest_route=\/wp\/v2\/pages\/1489","targetHints":{"allow":["GET"]}}],"collection":[{"href":"https:\/\/hul2.mendelu.cz\/index.php?rest_route=\/wp\/v2\/pages"}],"about":[{"href":"https:\/\/hul2.mendelu.cz\/index.php?rest_route=\/wp\/v2\/types\/page"}],"author":[{"embeddable":true,"href":"https:\/\/hul2.mendelu.cz\/index.php?rest_route=\/wp\/v2\/users\/4"}],"replies":[{"embeddable":true,"href":"https:\/\/hul2.mendelu.cz\/index.php?rest_route=%2Fwp%2Fv2%2Fcomments&post=1489"}],"version-history":[{"count":15,"href":"https:\/\/hul2.mendelu.cz\/index.php?rest_route=\/wp\/v2\/pages\/1489\/revisions"}],"predecessor-version":[{"id":2853,"href":"https:\/\/hul2.mendelu.cz\/index.php?rest_route=\/wp\/v2\/pages\/1489\/revisions\/2853"}],"up":[{"embeddable":true,"href":"https:\/\/hul2.mendelu.cz\/index.php?rest_route=\/wp\/v2\/pages\/35"}],"wp:attachment":[{"href":"https:\/\/hul2.mendelu.cz\/index.php?rest_route=%2Fwp%2Fv2%2Fmedia&parent=1489"}],"curies":[{"name":"wp","href":"https:\/\/api.w.org\/{rel}","templated":true}]}}