{"id":1491,"date":"2023-08-10T03:31:04","date_gmt":"2023-08-10T02:31:04","guid":{"rendered":"https:\/\/hul2.mendelu.cz\/?page_id=1491"},"modified":"2024-09-17T13:09:47","modified_gmt":"2024-09-17T12:09:47","slug":"4-2","status":"publish","type":"page","link":"https:\/\/hul2.mendelu.cz\/?page_id=1491","title":{"rendered":"4 &#8211; Krit\u00e9ria a ukazatele biologick\u00e9 rozmanitosti les\u016f"},"content":{"rendered":"\n<p>Odkaz na teorii vztahuj\u00edc\u00ed se k t\u00e9matu: <a href=\"https:\/\/hul2.mendelu.cz\/?page_id=1650\">Evropsk\u00e9 iniciativy t\u00fdkaj\u00edc\u00ed se krit\u00e9ri\u00ed a ukazatel\u016f biologick\u00e9 rozmanitosti les\u016f<\/a><\/p>\n\n\n<p>Prezentace ke sta\u017een\u00ed: <a href=\"https:\/\/hul2.mendelu.cz\/wp-content\/uploads\/2023\/10\/4_Indikatory-biodiverzity.pdf\">P\u0159edn\u00e1\u0161ka \u010d. 4 &#8211; Krit\u00e9ria a ukazatele biologick\u00e9 rozmanitosti les\u016f<\/a><\/p>\n<hr \/>\n<p>Odpov\u011bdi v anket\u00e1ch slou\u017e\u00ed k diskuzi t\u00e9matu p\u0159edn\u00e1\u0161ky.<\/p>\n<p><div id=\"polls-22\" class=\"wp-polls\">\n\t<form id=\"polls_form_22\" class=\"wp-polls-form\" action=\"\/index.php\" method=\"post\">\n\t\t<p style=\"display: none;\"><input type=\"hidden\" id=\"poll_22_nonce\" name=\"wp-polls-nonce\" value=\"98f12490fa\" \/><\/p>\n\t\t<p style=\"display: none;\"><input type=\"hidden\" name=\"poll_id\" value=\"22\" \/><\/p>\n\t\t<p style=\"text-align: center;\"><strong>Je d\u016fle\u017eit\u00e9 monitorovat biologickou rozmanitost les\u016f?<\/strong><\/p><div id=\"polls-22-ans\" class=\"wp-polls-ans\"><ul class=\"wp-polls-ul\">\n\t\t<li><input type=\"radio\" id=\"poll-answer-106\" name=\"poll_22\" value=\"106\" \/> <label for=\"poll-answer-106\">ano, jednozna\u010dn\u011b<\/label><\/li>\n\t\t<li><input type=\"radio\" id=\"poll-answer-107\" name=\"poll_22\" value=\"107\" \/> <label for=\"poll-answer-107\">asi ano, asi to m\u00e1 smysl<\/label><\/li>\n\t\t<li><input type=\"radio\" id=\"poll-answer-108\" name=\"poll_22\" value=\"108\" \/> <label for=\"poll-answer-108\">asi ne, sp\u00ed\u0161 to nem\u00e1 smysl<\/label><\/li>\n\t\t<li><input type=\"radio\" id=\"poll-answer-109\" name=\"poll_22\" value=\"109\" \/> <label for=\"poll-answer-109\">nen\u00ed to v\u016fbec d\u016fle\u017eit\u00e9<\/label><\/li>\n\t\t<li><input type=\"radio\" id=\"poll-answer-110\" name=\"poll_22\" value=\"110\" \/> <label for=\"poll-answer-110\">nev\u00edm, nep\u0159em\u00fd\u0161lel(a) jsem o tom<\/label><\/li>\n\t\t<\/ul><p style=\"text-align: center;\"><input type=\"button\" name=\"vote\" value=\"   Hlasujte   \" class=\"Buttons\" onclick=\"poll_vote(22);\" \/><\/p><p style=\"text-align: center;\"><a href=\"#ViewPollResults\" onclick=\"poll_result(22); return false;\" title=\"Zobrazit v\u00fdsledky t\u00e9to ankety\">Zobrazit v\u00fdsledky<\/a><\/p><\/div>\n\t<\/form>\n<\/div>\n<div id=\"polls-22-loading\" class=\"wp-polls-loading\"><img loading=\"lazy\" decoding=\"async\" src=\"https:\/\/hul2.mendelu.cz\/wp-content\/plugins\/wp-polls\/images\/loading.gif\" width=\"16\" height=\"16\" alt=\"Nahr\u00e1v\u00e1n\u00ed ...\" title=\"Nahr\u00e1v\u00e1n\u00ed ...\" class=\"wp-polls-image\" \/>&nbsp;Nahr\u00e1v\u00e1n\u00ed ...<\/div>\n <div id=\"polls-23\" class=\"wp-polls\">\n\t<form id=\"polls_form_23\" class=\"wp-polls-form\" action=\"\/index.php\" method=\"post\">\n\t\t<p style=\"display: none;\"><input type=\"hidden\" id=\"poll_23_nonce\" name=\"wp-polls-nonce\" value=\"e7abc13021\" \/><\/p>\n\t\t<p style=\"display: none;\"><input type=\"hidden\" name=\"poll_id\" value=\"23\" \/><\/p>\n\t\t<p style=\"text-align: center;\"><strong>Zn\u00e1te krit\u00e9ria a indik\u00e1tory trvale udr\u017eiteln\u00e9ho lesn\u00edho hospod\u00e1\u0159stv\u00ed?<\/strong><\/p><div id=\"polls-23-ans\" class=\"wp-polls-ans\"><ul class=\"wp-polls-ul\">\n\t\t<li><input type=\"radio\" id=\"poll-answer-111\" name=\"poll_23\" value=\"111\" \/> <label for=\"poll-answer-111\">ano, zn\u00e1m<\/label><\/li>\n\t\t<li><input type=\"radio\" id=\"poll-answer-112\" name=\"poll_23\" value=\"112\" \/> <label for=\"poll-answer-112\">v\u011bt\u0161inu z nich zn\u00e1m<\/label><\/li>\n\t\t<li><input type=\"radio\" id=\"poll-answer-113\" name=\"poll_23\" value=\"113\" \/> <label for=\"poll-answer-113\">pletou se mi<\/label><\/li>\n\t\t<li><input type=\"radio\" id=\"poll-answer-114\" name=\"poll_23\" value=\"114\" \/> <label for=\"poll-answer-114\">matn\u011b si n\u011bco vybavuji<\/label><\/li>\n\t\t<li><input type=\"radio\" id=\"poll-answer-115\" name=\"poll_23\" value=\"115\" \/> <label for=\"poll-answer-115\">ne, nezn\u00e1m<\/label><\/li>\n\t\t<\/ul><p style=\"text-align: center;\"><input type=\"button\" name=\"vote\" value=\"   Hlasujte   \" class=\"Buttons\" onclick=\"poll_vote(23);\" \/><\/p><p style=\"text-align: center;\"><a href=\"#ViewPollResults\" onclick=\"poll_result(23); return false;\" title=\"Zobrazit v\u00fdsledky t\u00e9to ankety\">Zobrazit v\u00fdsledky<\/a><\/p><\/div>\n\t<\/form>\n<\/div>\n<div id=\"polls-23-loading\" class=\"wp-polls-loading\"><img loading=\"lazy\" decoding=\"async\" src=\"https:\/\/hul2.mendelu.cz\/wp-content\/plugins\/wp-polls\/images\/loading.gif\" width=\"16\" height=\"16\" alt=\"Nahr\u00e1v\u00e1n\u00ed ...\" title=\"Nahr\u00e1v\u00e1n\u00ed ...\" class=\"wp-polls-image\" \/>&nbsp;Nahr\u00e1v\u00e1n\u00ed ...<\/div>\n <div id=\"polls-24\" class=\"wp-polls\">\n\t<form id=\"polls_form_24\" class=\"wp-polls-form\" action=\"\/index.php\" method=\"post\">\n\t\t<p style=\"display: none;\"><input type=\"hidden\" id=\"poll_24_nonce\" name=\"wp-polls-nonce\" value=\"3c3149ce5f\" \/><\/p>\n\t\t<p style=\"display: none;\"><input type=\"hidden\" name=\"poll_id\" value=\"24\" \/><\/p>\n\t\t<p style=\"text-align: center;\"><strong>M\u011blo by hodnocen\u00ed rozmanitosti les\u016f b\u00fdt sou\u010d\u00e1st\u00ed lesn\u00edho hospod\u00e1\u0159sk\u00e9ho pl\u00e1nu?<\/strong><\/p><div id=\"polls-24-ans\" class=\"wp-polls-ans\"><ul class=\"wp-polls-ul\">\n\t\t<li><input type=\"radio\" id=\"poll-answer-116\" name=\"poll_24\" value=\"116\" \/> <label for=\"poll-answer-116\">ano, jednozna\u010dn\u011b ano<\/label><\/li>\n\t\t<li><input type=\"radio\" id=\"poll-answer-117\" name=\"poll_24\" value=\"117\" \/> <label for=\"poll-answer-117\">sp\u00ed\u0161e ano<\/label><\/li>\n\t\t<li><input type=\"radio\" id=\"poll-answer-118\" name=\"poll_24\" value=\"118\" \/> <label for=\"poll-answer-118\">sp\u00ed\u0161e ne<\/label><\/li>\n\t\t<li><input type=\"radio\" id=\"poll-answer-119\" name=\"poll_24\" value=\"119\" \/> <label for=\"poll-answer-119\">ne, nen\u00ed k tomu d\u016fvod<\/label><\/li>\n\t\t<li><input type=\"radio\" id=\"poll-answer-120\" name=\"poll_24\" value=\"120\" \/> <label for=\"poll-answer-120\">nev\u00edm, nep\u0159em\u00fd\u0161lel(a) jsem o tom<\/label><\/li>\n\t\t<\/ul><p style=\"text-align: center;\"><input type=\"button\" name=\"vote\" value=\"   Hlasujte   \" class=\"Buttons\" onclick=\"poll_vote(24);\" \/><\/p><p style=\"text-align: center;\"><a href=\"#ViewPollResults\" onclick=\"poll_result(24); return false;\" title=\"Zobrazit v\u00fdsledky t\u00e9to ankety\">Zobrazit v\u00fdsledky<\/a><\/p><\/div>\n\t<\/form>\n<\/div>\n<div id=\"polls-24-loading\" class=\"wp-polls-loading\"><img loading=\"lazy\" decoding=\"async\" src=\"https:\/\/hul2.mendelu.cz\/wp-content\/plugins\/wp-polls\/images\/loading.gif\" width=\"16\" height=\"16\" alt=\"Nahr\u00e1v\u00e1n\u00ed ...\" title=\"Nahr\u00e1v\u00e1n\u00ed ...\" class=\"wp-polls-image\" \/>&nbsp;Nahr\u00e1v\u00e1n\u00ed ...<\/div>\n<\/p>\n\n\n<p>Dosavadn\u00ed v\u00fdsledky hlasov\u00e1n\u00ed: <a href=\"https:\/\/hul2.mendelu.cz\/wp-content\/uploads\/2024\/09\/anketa4_16-09-2024.png\" target=\"_blank\" rel=\"noreferrer noopener\">16-09-2024<\/a><\/p>\n","protected":false},"excerpt":{"rendered":"<p>Odkaz na teorii vztahuj\u00edc\u00ed se k t\u00e9matu: Evropsk\u00e9 iniciativy t\u00fdkaj\u00edc\u00ed se krit\u00e9ri\u00ed a ukazatel\u016f biologick\u00e9 rozmanitosti les\u016f Prezentace ke sta\u017een\u00ed: P\u0159edn\u00e1\u0161ka \u010d. 4 &#8211; Krit\u00e9ria a ukazatele biologick\u00e9 rozmanitosti les\u016f Odpov\u011bdi v anket\u00e1ch slou\u017e\u00ed k diskuzi t\u00e9matu p\u0159edn\u00e1\u0161ky. Dosavadn\u00ed v\u00fdsledky hlasov\u00e1n\u00ed: 16-09-2024<\/p>\n","protected":false},"author":4,"featured_media":0,"parent":35,"menu_order":0,"comment_status":"closed","ping_status":"closed","template":"","meta":{"zakra_page_container_layout":"customizer","zakra_page_sidebar_layout":"customizer","zakra_remove_content_margin":false,"zakra_sidebar":"customizer","zakra_transparent_header":"customizer","zakra_logo":0,"zakra_main_header_style":"default","zakra_menu_item_color":"","zakra_menu_item_hover_color":"","zakra_menu_item_active_color":"","zakra_menu_active_style":"","zakra_page_header":true,"footnotes":""},"class_list":["post-1491","page","type-page","status-publish","hentry"],"_links":{"self":[{"href":"https:\/\/hul2.mendelu.cz\/index.php?rest_route=\/wp\/v2\/pages\/1491","targetHints":{"allow":["GET"]}}],"collection":[{"href":"https:\/\/hul2.mendelu.cz\/index.php?rest_route=\/wp\/v2\/pages"}],"about":[{"href":"https:\/\/hul2.mendelu.cz\/index.php?rest_route=\/wp\/v2\/types\/page"}],"author":[{"embeddable":true,"href":"https:\/\/hul2.mendelu.cz\/index.php?rest_route=\/wp\/v2\/users\/4"}],"replies":[{"embeddable":true,"href":"https:\/\/hul2.mendelu.cz\/index.php?rest_route=%2Fwp%2Fv2%2Fcomments&post=1491"}],"version-history":[{"count":9,"href":"https:\/\/hul2.mendelu.cz\/index.php?rest_route=\/wp\/v2\/pages\/1491\/revisions"}],"predecessor-version":[{"id":2852,"href":"https:\/\/hul2.mendelu.cz\/index.php?rest_route=\/wp\/v2\/pages\/1491\/revisions\/2852"}],"up":[{"embeddable":true,"href":"https:\/\/hul2.mendelu.cz\/index.php?rest_route=\/wp\/v2\/pages\/35"}],"wp:attachment":[{"href":"https:\/\/hul2.mendelu.cz\/index.php?rest_route=%2Fwp%2Fv2%2Fmedia&parent=1491"}],"curies":[{"name":"wp","href":"https:\/\/api.w.org\/{rel}","templated":true}]}}