{"id":1493,"date":"2023-08-10T03:31:36","date_gmt":"2023-08-10T02:31:36","guid":{"rendered":"https:\/\/hul2.mendelu.cz\/?page_id=1493"},"modified":"2025-12-16T08:19:25","modified_gmt":"2025-12-16T07:19:25","slug":"5-2","status":"publish","type":"page","link":"https:\/\/hul2.mendelu.cz\/?page_id=1493","title":{"rendered":"5 &#8211; Managementov\u00e9 (p\u011bstebn\u00ed) syst\u00e9my a v\u00edce\u00fa\u010delov\u00e9 lesnictv\u00ed ekosyst\u00e9mov\u00fdch slu\u017eeb"},"content":{"rendered":"\n<p>Odkaz na teorii vztahuj\u00edc\u00ed se k t\u00e9matu: <a href=\"https:\/\/hul2.mendelu.cz\/?page_id=1653\">P\u011bstebn\u00ed syst\u00e9my a v\u00edce\u00fa\u010delov\u00e9 lesnictv\u00ed<\/a><\/p>\n\n\n<p>Prezentace ke sta\u017een\u00ed:<\/p>\n<ul style=\"list-style-type: circle;\">\n<li>Vy\u017e\u00e1dan\u00e1 p\u0159edn\u00e1\u0161ka &#8211; rok 2025: <a href=\"https:\/\/hul2.mendelu.cz\/wp-content\/uploads\/2025\/12\/MCDA_ANALYSIS_PRESENTATION_CZ_GAME.pdf\">Managementov\u00e9 (p\u011bstebn\u00ed) syst\u00e9my a v\u00edce\u00fa\u010delov\u00e9 lesnictv\u00ed ekosyst\u00e9mov\u00fdch slu\u017eeb<\/a> &#8211; J. Ka\u0161par (Holdio + KH\u00daL, FLD \u010cZU)<\/li>\n<li>Podkladov\u00e9 materi\u00e1ly k p\u0159edn\u00e1\u0161ce J. Ka\u0161para:\n<ul>\n<li>manuskript dopl\u0148uj\u00edc\u00ed p\u0159edn\u00e1\u0161ku ke <a href=\"https:\/\/hul2.mendelu.cz\/wp-content\/uploads\/2025\/12\/Evaluation-of-selected-FES_manuscript.pdf\">sta\u017een\u00ed<\/a><\/li>\n<li>odkaz na hru ke <a href=\"https:\/\/research.fs.usda.gov\/sites\/default\/files\/2023-09\/nrs-impact-forestry-edition-print-and-play.pdf\">sta\u017een\u00ed<\/a><\/li>\n<\/ul>\n<\/li>\n<\/ul>\n<p>&#8212;&#8212;&#8212;&#8212;&#8212;&#8212;&#8212;&#8212;&#8212;&#8212;&#8212;&#8212;&#8212;&#8212;&#8212;&#8212;&#8212;&#8212;&#8212;&#8212;&#8212;&#8212;&#8212;&#8212;&#8212;&#8212;&#8212;&#8212;&#8212;&#8212;&#8212;&#8212;&#8212;&#8212;&#8212;&#8212;&#8212;&#8212;-<\/p>\n<ul style=\"list-style-type: circle;\">\n<li>Vy\u017e\u00e1dan\u00e1 p\u0159edn\u00e1\u0161ka &#8211; rok 2023, 2024: <a href=\"https:\/\/hul2.mendelu.cz\/wp-content\/uploads\/2023\/11\/prednaska-MENDELU-2023.pdf\">Managementov\u00e9 (p\u011bstebn\u00ed) syst\u00e9my a v\u00edce\u00fa\u010delov\u00e9 lesnictv\u00ed ekosyst\u00e9mov\u00fdch slu\u017eeb<\/a> &#8211; J. Ka\u0161par (KH\u00daL, FLD \u010cZU)<\/li>\n<li>Podkladov\u00e9 materi\u00e1ly k p\u0159edn\u00e1\u0161ce J. Ka\u0161para:\n<ul style=\"list-style-type: circle;\">\n<li>p\u0159\u00edklad &#8211; cvi\u010den\u00ed: <a href=\"https:\/\/hul2.mendelu.cz\/wp-content\/uploads\/2023\/11\/cviceni-Utility-Function.xlsx\">Utility Function<\/a>&#8222;<\/li>\n<li><a href=\"https:\/\/hul2.mendelu.cz\/wp-content\/uploads\/2023\/11\/cl_2.pdf\">\u010dl\u00e1nek 1<\/a><\/li>\n<li><a href=\"https:\/\/hul2.mendelu.cz\/wp-content\/uploads\/2023\/11\/cl_3.pdf\">\u010dl\u00e1nek 2<\/a><\/li>\n<\/ul>\n<\/li>\n<\/ul>\n<hr \/>\n<p>Odpov\u011bdi v anket\u00e1ch slou\u017e\u00ed k diskuzi t\u00e9matu p\u0159edn\u00e1\u0161ky.<\/p>\n<p><div id=\"polls-10\" class=\"wp-polls\">\n\t<form id=\"polls_form_10\" class=\"wp-polls-form\" action=\"\/index.php\" method=\"post\">\n\t\t<p style=\"display: none;\"><input type=\"hidden\" id=\"poll_10_nonce\" name=\"wp-polls-nonce\" value=\"9825d5e981\" \/><\/p>\n\t\t<p style=\"display: none;\"><input type=\"hidden\" name=\"poll_id\" value=\"10\" \/><\/p>\n\t\t<p style=\"text-align: center;\"><strong>M\u016f\u017eeme managementem ovlivnit poskytovan\u00e9 ekosyst\u00e9mov\u00e9 slu\u017eby lesa?<\/strong><\/p><div id=\"polls-10-ans\" class=\"wp-polls-ans\"><ul class=\"wp-polls-ul\">\n\t\t<li><input type=\"radio\" id=\"poll-answer-46\" name=\"poll_10\" value=\"46\" \/> <label for=\"poll-answer-46\">ur\u010dit\u011b ano, m\u016f\u017eeme<\/label><\/li>\n\t\t<li><input type=\"radio\" id=\"poll-answer-47\" name=\"poll_10\" value=\"47\" \/> <label for=\"poll-answer-47\">sp\u00ed\u0161e ano<\/label><\/li>\n\t\t<li><input type=\"radio\" id=\"poll-answer-48\" name=\"poll_10\" value=\"48\" \/> <label for=\"poll-answer-48\">tak n\u011bjak st\u0159edn\u011b<\/label><\/li>\n\t\t<li><input type=\"radio\" id=\"poll-answer-49\" name=\"poll_10\" value=\"49\" \/> <label for=\"poll-answer-49\">sp\u00ed\u0161e ne<\/label><\/li>\n\t\t<li><input type=\"radio\" id=\"poll-answer-50\" name=\"poll_10\" value=\"50\" \/> <label for=\"poll-answer-50\">ur\u010dit\u011b ne, nem\u016f\u017eeme<\/label><\/li>\n\t\t<\/ul><p style=\"text-align: center;\"><input type=\"button\" name=\"vote\" value=\"   Hlasujte   \" class=\"Buttons\" onclick=\"poll_vote(10);\" \/><\/p><p style=\"text-align: center;\"><a href=\"#ViewPollResults\" onclick=\"poll_result(10); return false;\" title=\"Zobrazit v\u00fdsledky t\u00e9to ankety\">Zobrazit v\u00fdsledky<\/a><\/p><\/div>\n\t<\/form>\n<\/div>\n<div id=\"polls-10-loading\" class=\"wp-polls-loading\"><img loading=\"lazy\" decoding=\"async\" src=\"https:\/\/hul2.mendelu.cz\/wp-content\/plugins\/wp-polls\/images\/loading.gif\" width=\"16\" height=\"16\" alt=\"Nahr\u00e1v\u00e1n\u00ed ...\" title=\"Nahr\u00e1v\u00e1n\u00ed ...\" class=\"wp-polls-image\" \/>&nbsp;Nahr\u00e1v\u00e1n\u00ed ...<\/div>\n <div id=\"polls-11\" class=\"wp-polls\">\n\t<form id=\"polls_form_11\" class=\"wp-polls-form\" action=\"\/index.php\" method=\"post\">\n\t\t<p style=\"display: none;\"><input type=\"hidden\" id=\"poll_11_nonce\" name=\"wp-polls-nonce\" value=\"9d96d901e7\" \/><\/p>\n\t\t<p style=\"display: none;\"><input type=\"hidden\" name=\"poll_id\" value=\"11\" \/><\/p>\n\t\t<p style=\"text-align: center;\"><strong>M\u016f\u017eeme management nastavit tak, aby v\u0161echny ekosyst\u00e9mov\u00e9 slu\u017eby les poskytoval rovnom\u011brn\u011b a vyv\u00e1\u017een\u011b?<\/strong><\/p><div id=\"polls-11-ans\" class=\"wp-polls-ans\"><ul class=\"wp-polls-ul\">\n\t\t<li><input type=\"radio\" id=\"poll-answer-51\" name=\"poll_11\" value=\"51\" \/> <label for=\"poll-answer-51\">ur\u010dit\u011b ano, m\u016f\u017eeme<\/label><\/li>\n\t\t<li><input type=\"radio\" id=\"poll-answer-52\" name=\"poll_11\" value=\"52\" \/> <label for=\"poll-answer-52\">sp\u00ed\u0161e ano<\/label><\/li>\n\t\t<li><input type=\"radio\" id=\"poll-answer-53\" name=\"poll_11\" value=\"53\" \/> <label for=\"poll-answer-53\">tak n\u011bjak st\u0159edn\u011b<\/label><\/li>\n\t\t<li><input type=\"radio\" id=\"poll-answer-54\" name=\"poll_11\" value=\"54\" \/> <label for=\"poll-answer-54\">sp\u00ed\u0161e ne<\/label><\/li>\n\t\t<li><input type=\"radio\" id=\"poll-answer-55\" name=\"poll_11\" value=\"55\" \/> <label for=\"poll-answer-55\">ur\u010dit\u011b ne, nem\u016f\u017eeme<\/label><\/li>\n\t\t<\/ul><p style=\"text-align: center;\"><input type=\"button\" name=\"vote\" value=\"   Hlasujte   \" class=\"Buttons\" onclick=\"poll_vote(11);\" \/><\/p><p style=\"text-align: center;\"><a href=\"#ViewPollResults\" onclick=\"poll_result(11); return false;\" title=\"Zobrazit v\u00fdsledky t\u00e9to ankety\">Zobrazit v\u00fdsledky<\/a><\/p><\/div>\n\t<\/form>\n<\/div>\n<div id=\"polls-11-loading\" class=\"wp-polls-loading\"><img loading=\"lazy\" decoding=\"async\" src=\"https:\/\/hul2.mendelu.cz\/wp-content\/plugins\/wp-polls\/images\/loading.gif\" width=\"16\" height=\"16\" alt=\"Nahr\u00e1v\u00e1n\u00ed ...\" title=\"Nahr\u00e1v\u00e1n\u00ed ...\" class=\"wp-polls-image\" \/>&nbsp;Nahr\u00e1v\u00e1n\u00ed ...<\/div>\n <div id=\"polls-12\" class=\"wp-polls\">\n\t<form id=\"polls_form_12\" class=\"wp-polls-form\" action=\"\/index.php\" method=\"post\">\n\t\t<p style=\"display: none;\"><input type=\"hidden\" id=\"poll_12_nonce\" name=\"wp-polls-nonce\" value=\"617bb68e89\" \/><\/p>\n\t\t<p style=\"display: none;\"><input type=\"hidden\" name=\"poll_id\" value=\"12\" \/><\/p>\n\t\t<p style=\"text-align: center;\"><strong>M\u016f\u017eeme pl\u00e1novit\u011b \u0159\u00eddit poskytovan\u00e9 ekosyst\u00e9mov\u00e9 slu\u017eby lesa?<\/strong><\/p><div id=\"polls-12-ans\" class=\"wp-polls-ans\"><ul class=\"wp-polls-ul\">\n\t\t<li><input type=\"radio\" id=\"poll-answer-56\" name=\"poll_12\" value=\"56\" \/> <label for=\"poll-answer-56\">ur\u010dit\u011b ano, m\u016f\u017eeme<\/label><\/li>\n\t\t<li><input type=\"radio\" id=\"poll-answer-57\" name=\"poll_12\" value=\"57\" \/> <label for=\"poll-answer-57\">sp\u00ed\u0161e ano<\/label><\/li>\n\t\t<li><input type=\"radio\" id=\"poll-answer-58\" name=\"poll_12\" value=\"58\" \/> <label for=\"poll-answer-58\">tak n\u011bjak st\u0159edn\u011b<\/label><\/li>\n\t\t<li><input type=\"radio\" id=\"poll-answer-59\" name=\"poll_12\" value=\"59\" \/> <label for=\"poll-answer-59\">sp\u00ed\u0161e ne<\/label><\/li>\n\t\t<li><input type=\"radio\" id=\"poll-answer-60\" name=\"poll_12\" value=\"60\" \/> <label for=\"poll-answer-60\">ur\u010dit\u011b ne, nem\u016f\u017eeme<\/label><\/li>\n\t\t<\/ul><p style=\"text-align: center;\"><input type=\"button\" name=\"vote\" value=\"   Hlasujte   \" class=\"Buttons\" onclick=\"poll_vote(12);\" \/><\/p><p style=\"text-align: center;\"><a href=\"#ViewPollResults\" onclick=\"poll_result(12); return false;\" title=\"Zobrazit v\u00fdsledky t\u00e9to ankety\">Zobrazit v\u00fdsledky<\/a><\/p><\/div>\n\t<\/form>\n<\/div>\n<div id=\"polls-12-loading\" class=\"wp-polls-loading\"><img loading=\"lazy\" decoding=\"async\" src=\"https:\/\/hul2.mendelu.cz\/wp-content\/plugins\/wp-polls\/images\/loading.gif\" width=\"16\" height=\"16\" alt=\"Nahr\u00e1v\u00e1n\u00ed ...\" title=\"Nahr\u00e1v\u00e1n\u00ed ...\" class=\"wp-polls-image\" \/>&nbsp;Nahr\u00e1v\u00e1n\u00ed ...<\/div>\n<\/p>\n\n\n<p>Dosavadn\u00ed v\u00fdsledky hlasov\u00e1n\u00ed: <a href=\"https:\/\/hul2.mendelu.cz\/wp-content\/uploads\/2024\/09\/anketa5_16-09-2024.png\" target=\"_blank\" rel=\"noreferrer noopener\">16-09-2024<\/a><\/p>\n","protected":false},"excerpt":{"rendered":"<p>Odkaz na teorii vztahuj\u00edc\u00ed se k t\u00e9matu: P\u011bstebn\u00ed syst\u00e9my a v\u00edce\u00fa\u010delov\u00e9 lesnictv\u00ed Prezentace ke sta\u017een\u00ed: Vy\u017e\u00e1dan\u00e1 p\u0159edn\u00e1\u0161ka &#8211; rok 2025: Managementov\u00e9 (p\u011bstebn\u00ed) syst\u00e9my a v\u00edce\u00fa\u010delov\u00e9 lesnictv\u00ed ekosyst\u00e9mov\u00fdch slu\u017eeb &#8211; J. Ka\u0161par (Holdio + KH\u00daL, FLD \u010cZU) Podkladov\u00e9 materi\u00e1ly k p\u0159edn\u00e1\u0161ce J. Ka\u0161para: manuskript dopl\u0148uj\u00edc\u00ed p\u0159edn\u00e1\u0161ku ke sta\u017een\u00ed odkaz na hru ke sta\u017een\u00ed &#8212;&#8212;&#8212;&#8212;&#8212;&#8212;&#8212;&#8212;&#8212;&#8212;&#8212;&#8212;&#8212;&#8212;&#8212;&#8212;&#8212;&#8212;&#8212;&#8212;&#8212;&#8212;&#8212;&#8212;&#8212;&#8212;&#8212;&#8212;&#8212;&#8212;&#8212;&#8212;&#8212;&#8212;&#8212;&#8212;&#8212;&#8212;- Vy\u017e\u00e1dan\u00e1 p\u0159edn\u00e1\u0161ka [&hellip;]<\/p>\n","protected":false},"author":4,"featured_media":0,"parent":35,"menu_order":0,"comment_status":"closed","ping_status":"closed","template":"","meta":{"zakra_page_container_layout":"customizer","zakra_page_sidebar_layout":"customizer","zakra_remove_content_margin":false,"zakra_sidebar":"customizer","zakra_transparent_header":"customizer","zakra_logo":0,"zakra_main_header_style":"default","zakra_menu_item_color":"","zakra_menu_item_hover_color":"","zakra_menu_item_active_color":"","zakra_menu_active_style":"","zakra_page_header":true,"footnotes":""},"class_list":["post-1493","page","type-page","status-publish","hentry"],"_links":{"self":[{"href":"https:\/\/hul2.mendelu.cz\/index.php?rest_route=\/wp\/v2\/pages\/1493","targetHints":{"allow":["GET"]}}],"collection":[{"href":"https:\/\/hul2.mendelu.cz\/index.php?rest_route=\/wp\/v2\/pages"}],"about":[{"href":"https:\/\/hul2.mendelu.cz\/index.php?rest_route=\/wp\/v2\/types\/page"}],"author":[{"embeddable":true,"href":"https:\/\/hul2.mendelu.cz\/index.php?rest_route=\/wp\/v2\/users\/4"}],"replies":[{"embeddable":true,"href":"https:\/\/hul2.mendelu.cz\/index.php?rest_route=%2Fwp%2Fv2%2Fcomments&post=1493"}],"version-history":[{"count":12,"href":"https:\/\/hul2.mendelu.cz\/index.php?rest_route=\/wp\/v2\/pages\/1493\/revisions"}],"predecessor-version":[{"id":2945,"href":"https:\/\/hul2.mendelu.cz\/index.php?rest_route=\/wp\/v2\/pages\/1493\/revisions\/2945"}],"up":[{"embeddable":true,"href":"https:\/\/hul2.mendelu.cz\/index.php?rest_route=\/wp\/v2\/pages\/35"}],"wp:attachment":[{"href":"https:\/\/hul2.mendelu.cz\/index.php?rest_route=%2Fwp%2Fv2%2Fmedia&parent=1493"}],"curies":[{"name":"wp","href":"https:\/\/api.w.org\/{rel}","templated":true}]}}