{"id":1497,"date":"2023-08-10T03:33:12","date_gmt":"2023-08-10T02:33:12","guid":{"rendered":"https:\/\/hul2.mendelu.cz\/?page_id=1497"},"modified":"2024-09-17T13:05:57","modified_gmt":"2024-09-17T12:05:57","slug":"7-3","status":"publish","type":"page","link":"https:\/\/hul2.mendelu.cz\/?page_id=1497","title":{"rendered":"7 &#8211; Jak na vyv\u00e1\u017eenou integraci prvk\u016f ochrany p\u0159\u00edrody do hospod\u00e1\u0159sk\u00e9 \u00fapravy hospod\u00e1\u0159sk\u00e9ho lesa"},"content":{"rendered":"\n<p>Odkaz na teorii vztahuj\u00edc\u00ed se k t\u00e9matu: <a href=\"https:\/\/hul2.mendelu.cz\/?page_id=2034\">Vyva\u017eov\u00e1n\u00ed produk\u010dn\u011b orientovan\u00e9ho lesnictv\u00ed a zachov\u00e1v\u00e1n\u00ed biologick\u00e9 rozmanitosti<\/a><\/p>\n\n\n\n<p>Prezentace ke sta\u017een\u00ed:<\/p>\n<ul style=\"list-style-type: circle;\">\n<li>Vy\u017e\u00e1dan\u00e1 p\u0159edn\u00e1\u0161ka: <a href=\"https:\/\/hul2.mendelu.cz\/wp-content\/uploads\/2023\/11\/Prezentace_MZP-MENDELU-fin-JS.pdf\">Jak na vyv\u00e1\u017eenou integraci prvk\u016f ochrany p\u0159\u00edrody do hospod\u00e1\u0159sk\u00e9 \u00fapravy hospod\u00e1\u0159sk\u00e9ho lesa<\/a> (M. Servus, M\u017dP &#8211; vrchn\u00ed \u0159editel sekce ochrany p\u0159\u00edrody a krajiny)<\/li>\n<\/ul>\n<hr \/>\n<p>Odpov\u011bdi v anket\u00e1ch slou\u017e\u00ed k diskuzi t\u00e9matu p\u0159edn\u00e1\u0161ky. <\/p>\n<p><div id=\"polls-13\" class=\"wp-polls\">\n\t<form id=\"polls_form_13\" class=\"wp-polls-form\" action=\"\/index.php\" method=\"post\">\n\t\t<p style=\"display: none;\"><input type=\"hidden\" id=\"poll_13_nonce\" name=\"wp-polls-nonce\" value=\"352382852e\" \/><\/p>\n\t\t<p style=\"display: none;\"><input type=\"hidden\" name=\"poll_id\" value=\"13\" \/><\/p>\n\t\t<p style=\"text-align: center;\"><strong>Najdete rozd\u00edly mezi segrega\u010dn\u00edm a integra\u010dn\u00edm p\u0159\u00edstupem poskytov\u00e1n\u00ed ekosyst\u00e9mov\u00fdch slu\u017eeb lesa?<\/strong><\/p><div id=\"polls-13-ans\" class=\"wp-polls-ans\"><ul class=\"wp-polls-ul\">\n\t\t<li><input type=\"radio\" id=\"poll-answer-61\" name=\"poll_13\" value=\"61\" \/> <label for=\"poll-answer-61\">ur\u010dit\u011b, rozd\u00edly jsou jasn\u00e9<\/label><\/li>\n\t\t<li><input type=\"radio\" id=\"poll-answer-62\" name=\"poll_13\" value=\"62\" \/> <label for=\"poll-answer-62\">asi bych je na\u0161el(a)<\/label><\/li>\n\t\t<li><input type=\"radio\" id=\"poll-answer-63\" name=\"poll_13\" value=\"63\" \/> <label for=\"poll-answer-63\">t\u00e1pu, asi rozd\u00edly ned\u00e1m<\/label><\/li>\n\t\t<li><input type=\"radio\" id=\"poll-answer-64\" name=\"poll_13\" value=\"64\" \/> <label for=\"poll-answer-64\">ne, nezn\u00e1m rozd\u00edly<\/label><\/li>\n\t\t<li><input type=\"radio\" id=\"poll-answer-65\" name=\"poll_13\" value=\"65\" \/> <label for=\"poll-answer-65\">nev\u00edm, nikdy jsem to neslyl\u0161el<\/label><\/li>\n\t\t<\/ul><p style=\"text-align: center;\"><input type=\"button\" name=\"vote\" value=\"   Hlasujte   \" class=\"Buttons\" onclick=\"poll_vote(13);\" \/><\/p><p style=\"text-align: center;\"><a href=\"#ViewPollResults\" onclick=\"poll_result(13); return false;\" title=\"Zobrazit v\u00fdsledky t\u00e9to ankety\">Zobrazit v\u00fdsledky<\/a><\/p><\/div>\n\t<\/form>\n<\/div>\n<div id=\"polls-13-loading\" class=\"wp-polls-loading\"><img loading=\"lazy\" decoding=\"async\" src=\"https:\/\/hul2.mendelu.cz\/wp-content\/plugins\/wp-polls\/images\/loading.gif\" width=\"16\" height=\"16\" alt=\"Nahr\u00e1v\u00e1n\u00ed ...\" title=\"Nahr\u00e1v\u00e1n\u00ed ...\" class=\"wp-polls-image\" \/>&nbsp;Nahr\u00e1v\u00e1n\u00ed ...<\/div>\n <div id=\"polls-14\" class=\"wp-polls\">\n\t<form id=\"polls_form_14\" class=\"wp-polls-form\" action=\"\/index.php\" method=\"post\">\n\t\t<p style=\"display: none;\"><input type=\"hidden\" id=\"poll_14_nonce\" name=\"wp-polls-nonce\" value=\"9653f9c019\" \/><\/p>\n\t\t<p style=\"display: none;\"><input type=\"hidden\" name=\"poll_id\" value=\"14\" \/><\/p>\n\t\t<p style=\"text-align: center;\"><strong>M\u016f\u017ee b\u00fdt v\u00edce\u00fa\u010delov\u00e9 lesnictv\u00ed alternativou k segrega\u010dn\u00edmu p\u0159\u00edstupu poskytov\u00e1n\u00ed ekosyst\u00e9mov\u00fdch slu\u017eeb lesa?<\/strong><\/p><div id=\"polls-14-ans\" class=\"wp-polls-ans\"><ul class=\"wp-polls-ul\">\n\t\t<li><input type=\"radio\" id=\"poll-answer-66\" name=\"poll_14\" value=\"66\" \/> <label for=\"poll-answer-66\">ano, jednozna\u010dn\u011b m\u016f\u017ee<\/label><\/li>\n\t\t<li><input type=\"radio\" id=\"poll-answer-67\" name=\"poll_14\" value=\"67\" \/> <label for=\"poll-answer-67\">sp\u00ed\u0161e m\u016f\u017ee<\/label><\/li>\n\t\t<li><input type=\"radio\" id=\"poll-answer-68\" name=\"poll_14\" value=\"68\" \/> <label for=\"poll-answer-68\">sp\u00ed\u0161e nem\u016f\u017ee<\/label><\/li>\n\t\t<li><input type=\"radio\" id=\"poll-answer-69\" name=\"poll_14\" value=\"69\" \/> <label for=\"poll-answer-69\">ne, nem\u016f\u017ee<\/label><\/li>\n\t\t<li><input type=\"radio\" id=\"poll-answer-70\" name=\"poll_14\" value=\"70\" \/> <label for=\"poll-answer-70\">nev\u00edm, nezn\u00e1m<\/label><\/li>\n\t\t<\/ul><p style=\"text-align: center;\"><input type=\"button\" name=\"vote\" value=\"   Hlasujte   \" class=\"Buttons\" onclick=\"poll_vote(14);\" \/><\/p><p style=\"text-align: center;\"><a href=\"#ViewPollResults\" onclick=\"poll_result(14); return false;\" title=\"Zobrazit v\u00fdsledky t\u00e9to ankety\">Zobrazit v\u00fdsledky<\/a><\/p><\/div>\n\t<\/form>\n<\/div>\n<div id=\"polls-14-loading\" class=\"wp-polls-loading\"><img loading=\"lazy\" decoding=\"async\" src=\"https:\/\/hul2.mendelu.cz\/wp-content\/plugins\/wp-polls\/images\/loading.gif\" width=\"16\" height=\"16\" alt=\"Nahr\u00e1v\u00e1n\u00ed ...\" title=\"Nahr\u00e1v\u00e1n\u00ed ...\" class=\"wp-polls-image\" \/>&nbsp;Nahr\u00e1v\u00e1n\u00ed ...<\/div>\n <div id=\"polls-15\" class=\"wp-polls\">\n\t<form id=\"polls_form_15\" class=\"wp-polls-form\" action=\"\/index.php\" method=\"post\">\n\t\t<p style=\"display: none;\"><input type=\"hidden\" id=\"poll_15_nonce\" name=\"wp-polls-nonce\" value=\"2d510eef70\" \/><\/p>\n\t\t<p style=\"display: none;\"><input type=\"hidden\" name=\"poll_id\" value=\"15\" \/><\/p>\n\t\t<p style=\"text-align: center;\"><strong>Je mo\u017en\u00e9 oba p\u0159\u00edstupy poskytov\u00e1n\u00ed ekosyst\u00e9mov\u00fdch slu\u017eeb lesa (segregace x integrace) sladit do jednoho lesn\u00edho hospod\u00e1\u0159stv\u00ed?<\/strong><\/p><div id=\"polls-15-ans\" class=\"wp-polls-ans\"><ul class=\"wp-polls-ul\">\n\t\t<li><input type=\"radio\" id=\"poll-answer-71\" name=\"poll_15\" value=\"71\" \/> <label for=\"poll-answer-71\">jednozna\u010dn\u011b ano<\/label><\/li>\n\t\t<li><input type=\"radio\" id=\"poll-answer-72\" name=\"poll_15\" value=\"72\" \/> <label for=\"poll-answer-72\">sp\u00ed\u0161e ano<\/label><\/li>\n\t\t<li><input type=\"radio\" id=\"poll-answer-73\" name=\"poll_15\" value=\"73\" \/> <label for=\"poll-answer-73\">sp\u00ed\u0161e ne<\/label><\/li>\n\t\t<li><input type=\"radio\" id=\"poll-answer-74\" name=\"poll_15\" value=\"74\" \/> <label for=\"poll-answer-74\">ne, to nejde<\/label><\/li>\n\t\t<li><input type=\"radio\" id=\"poll-answer-75\" name=\"poll_15\" value=\"75\" \/> <label for=\"poll-answer-75\">nev\u00edm<\/label><\/li>\n\t\t<\/ul><p style=\"text-align: center;\"><input type=\"button\" name=\"vote\" value=\"   Hlasujte   \" class=\"Buttons\" onclick=\"poll_vote(15);\" \/><\/p><p style=\"text-align: center;\"><a href=\"#ViewPollResults\" onclick=\"poll_result(15); return false;\" title=\"Zobrazit v\u00fdsledky t\u00e9to ankety\">Zobrazit v\u00fdsledky<\/a><\/p><\/div>\n\t<\/form>\n<\/div>\n<div id=\"polls-15-loading\" class=\"wp-polls-loading\"><img loading=\"lazy\" decoding=\"async\" src=\"https:\/\/hul2.mendelu.cz\/wp-content\/plugins\/wp-polls\/images\/loading.gif\" width=\"16\" height=\"16\" alt=\"Nahr\u00e1v\u00e1n\u00ed ...\" title=\"Nahr\u00e1v\u00e1n\u00ed ...\" class=\"wp-polls-image\" \/>&nbsp;Nahr\u00e1v\u00e1n\u00ed ...<\/div>\n<\/p>\n","protected":false},"excerpt":{"rendered":"<p>Odkaz na teorii vztahuj\u00edc\u00ed se k t\u00e9matu: Vyva\u017eov\u00e1n\u00ed produk\u010dn\u011b orientovan\u00e9ho lesnictv\u00ed a zachov\u00e1v\u00e1n\u00ed biologick\u00e9 rozmanitosti Prezentace ke sta\u017een\u00ed: Vy\u017e\u00e1dan\u00e1 p\u0159edn\u00e1\u0161ka: Jak na vyv\u00e1\u017eenou integraci prvk\u016f ochrany p\u0159\u00edrody do hospod\u00e1\u0159sk\u00e9 \u00fapravy hospod\u00e1\u0159sk\u00e9ho lesa (M. Servus, M\u017dP &#8211; vrchn\u00ed \u0159editel sekce ochrany p\u0159\u00edrody a krajiny) Odpov\u011bdi v anket\u00e1ch slou\u017e\u00ed k diskuzi t\u00e9matu p\u0159edn\u00e1\u0161ky.<\/p>\n","protected":false},"author":4,"featured_media":0,"parent":35,"menu_order":0,"comment_status":"closed","ping_status":"closed","template":"","meta":{"zakra_page_container_layout":"customizer","zakra_page_sidebar_layout":"customizer","zakra_remove_content_margin":false,"zakra_sidebar":"customizer","zakra_transparent_header":"customizer","zakra_logo":0,"zakra_main_header_style":"default","zakra_menu_item_color":"","zakra_menu_item_hover_color":"","zakra_menu_item_active_color":"","zakra_menu_active_style":"","zakra_page_header":true,"footnotes":""},"class_list":["post-1497","page","type-page","status-publish","hentry"],"_links":{"self":[{"href":"https:\/\/hul2.mendelu.cz\/index.php?rest_route=\/wp\/v2\/pages\/1497","targetHints":{"allow":["GET"]}}],"collection":[{"href":"https:\/\/hul2.mendelu.cz\/index.php?rest_route=\/wp\/v2\/pages"}],"about":[{"href":"https:\/\/hul2.mendelu.cz\/index.php?rest_route=\/wp\/v2\/types\/page"}],"author":[{"embeddable":true,"href":"https:\/\/hul2.mendelu.cz\/index.php?rest_route=\/wp\/v2\/users\/4"}],"replies":[{"embeddable":true,"href":"https:\/\/hul2.mendelu.cz\/index.php?rest_route=%2Fwp%2Fv2%2Fcomments&post=1497"}],"version-history":[{"count":8,"href":"https:\/\/hul2.mendelu.cz\/index.php?rest_route=\/wp\/v2\/pages\/1497\/revisions"}],"predecessor-version":[{"id":2849,"href":"https:\/\/hul2.mendelu.cz\/index.php?rest_route=\/wp\/v2\/pages\/1497\/revisions\/2849"}],"up":[{"embeddable":true,"href":"https:\/\/hul2.mendelu.cz\/index.php?rest_route=\/wp\/v2\/pages\/35"}],"wp:attachment":[{"href":"https:\/\/hul2.mendelu.cz\/index.php?rest_route=%2Fwp%2Fv2%2Fmedia&parent=1497"}],"curies":[{"name":"wp","href":"https:\/\/api.w.org\/{rel}","templated":true}]}}