{"id":1499,"date":"2023-08-10T03:33:50","date_gmt":"2023-08-10T02:33:50","guid":{"rendered":"https:\/\/hul2.mendelu.cz\/?page_id=1499"},"modified":"2025-11-20T08:36:55","modified_gmt":"2025-11-20T07:36:55","slug":"8-2","status":"publish","type":"page","link":"https:\/\/hul2.mendelu.cz\/?page_id=1499","title":{"rendered":"8 &#8211; Hlavn\u00ed hnac\u00ed faktory integrovan\u00e9ho lesn\u00edho hospod\u00e1\u0159stv\u00ed \u2013 nad v\u00fdsledky v\u00fdzkumu"},"content":{"rendered":"\n<p>Odkaz na teorii vztahuj\u00edc\u00ed se k t\u00e9matu: <a href=\"https:\/\/hul2.mendelu.cz\/?page_id=2053\">Hnac\u00ed faktory integrovan\u00e9ho lesn\u00edho hospod\u00e1\u0159stv\u00ed v Evrop\u011b<\/a><\/p>\n\n\n<p>Prezentace ke sta\u017een\u00ed:<\/p>\n<p>Vy\u017e\u00e1dan\u00e1 p\u0159edn\u00e1\u0161ka:<\/p>\n<ul style=\"list-style-type: circle;\">\n<li><a href=\"https:\/\/hul2.mendelu.cz\/wp-content\/uploads\/2025\/11\/ekologicke-lesnictvi-MENDELU-2.pdf\">Ekologick\u00e9 lesnictv\u00ed &#8211; p\u0159\u00edroda jako model<\/a> (P. Kju\u010dukov &#8211; L\u010cR s.p. LZ Konopi\u0161t\u011b a FLD \u010cZU Katedra ekologie lesa) &#8211; verze 2025<\/li>\n<li><a href=\"https:\/\/hul2.mendelu.cz\/wp-content\/uploads\/2024\/11\/ekologicke-lesnictvi-MENDELU.pdf\">Ekologick\u00e9 lesnictv\u00ed &#8211; p\u0159\u00edroda jako model<\/a> (P. Kju\u010dukov &#8211; L\u010cR s.p. LZ Konopi\u0161t\u011b a FLD \u010cZU Katedra ekologie lesa) &#8211; verze 2024<\/li>\n<li><a href=\"https:\/\/hul2.mendelu.cz\/wp-content\/uploads\/2023\/12\/ekologicke-lesnictvi-MENDELU.pdf\">Ekologick\u00e9 lesnictv\u00ed &#8211; p\u0159\u00edroda jako model<\/a> (P. Kju\u010dukov &#8211; L\u010cR s.p. LZ Konopi\u0161t\u011b a FLD \u010cZU Katedra ekologie lesa) &#8211; verze 2023<\/li>\n<\/ul>\n<hr \/>\n<p>Odpov\u011bdi v anket\u00e1ch slou\u017e\u00ed k diskuzi t\u00e9matu p\u0159edn\u00e1\u0161ky.<\/p>\n<p><div id=\"polls-28\" class=\"wp-polls\">\n\t<form id=\"polls_form_28\" class=\"wp-polls-form\" action=\"\/index.php\" method=\"post\">\n\t\t<p style=\"display: none;\"><input type=\"hidden\" id=\"poll_28_nonce\" name=\"wp-polls-nonce\" value=\"61789edac8\" \/><\/p>\n\t\t<p style=\"display: none;\"><input type=\"hidden\" name=\"poll_id\" value=\"28\" \/><\/p>\n\t\t<p style=\"text-align: center;\"><strong>Mohla by k prosazen\u00ed integrativn\u00edho lesnictv\u00ed p\u0159isp\u011bt nap\u0159. informace o hodnot\u011b rozkl\u00e1daj\u00edc\u00edho se d\u0159eva jako stanovi\u0161t\u011b pro saproxylick\u00e9 druhy?<\/strong><\/p><div id=\"polls-28-ans\" class=\"wp-polls-ans\"><ul class=\"wp-polls-ul\">\n\t\t<li><input type=\"radio\" id=\"poll-answer-136\" name=\"poll_28\" value=\"136\" \/> <label for=\"poll-answer-136\">ano, jednozna\u010dn\u011b ano<\/label><\/li>\n\t\t<li><input type=\"radio\" id=\"poll-answer-137\" name=\"poll_28\" value=\"137\" \/> <label for=\"poll-answer-137\">sp\u00ed\u0161e ano<\/label><\/li>\n\t\t<li><input type=\"radio\" id=\"poll-answer-138\" name=\"poll_28\" value=\"138\" \/> <label for=\"poll-answer-138\">n\u011bkde ano, n\u011bkde ne<\/label><\/li>\n\t\t<li><input type=\"radio\" id=\"poll-answer-139\" name=\"poll_28\" value=\"139\" \/> <label for=\"poll-answer-139\">sp\u00ed\u0161e ne<\/label><\/li>\n\t\t<li><input type=\"radio\" id=\"poll-answer-140\" name=\"poll_28\" value=\"140\" \/> <label for=\"poll-answer-140\">nev\u00edm, nep\u0159em\u00fd\u0161lel(a) jsem o tom<\/label><\/li>\n\t\t<\/ul><p style=\"text-align: center;\"><input type=\"button\" name=\"vote\" value=\"   Hlasujte   \" class=\"Buttons\" onclick=\"poll_vote(28);\" \/><\/p><p style=\"text-align: center;\"><a href=\"#ViewPollResults\" onclick=\"poll_result(28); return false;\" title=\"Zobrazit v\u00fdsledky t\u00e9to ankety\">Zobrazit v\u00fdsledky<\/a><\/p><\/div>\n\t<\/form>\n<\/div>\n<div id=\"polls-28-loading\" class=\"wp-polls-loading\"><img loading=\"lazy\" decoding=\"async\" src=\"https:\/\/hul2.mendelu.cz\/wp-content\/plugins\/wp-polls\/images\/loading.gif\" width=\"16\" height=\"16\" alt=\"Nahr\u00e1v\u00e1n\u00ed ...\" title=\"Nahr\u00e1v\u00e1n\u00ed ...\" class=\"wp-polls-image\" \/>&nbsp;Nahr\u00e1v\u00e1n\u00ed ...<\/div>\n <div id=\"polls-29\" class=\"wp-polls\">\n\t<form id=\"polls_form_29\" class=\"wp-polls-form\" action=\"\/index.php\" method=\"post\">\n\t\t<p style=\"display: none;\"><input type=\"hidden\" id=\"poll_29_nonce\" name=\"wp-polls-nonce\" value=\"4bc4a44429\" \/><\/p>\n\t\t<p style=\"display: none;\"><input type=\"hidden\" name=\"poll_id\" value=\"29\" \/><\/p>\n\t\t<p style=\"text-align: center;\"><strong>Jak podle v\u00e1s ve\u0159ejnost vn\u00edm\u00e1 vztah mezi biodiverzitou a odolnost\u00ed les\u016f?<\/strong><\/p><div id=\"polls-29-ans\" class=\"wp-polls-ans\"><ul class=\"wp-polls-ul\">\n\t\t<li><input type=\"radio\" id=\"poll-answer-141\" name=\"poll_29\" value=\"141\" \/> <label for=\"poll-answer-141\">ch\u00e1pou silnou p\u0159\u00ed\u010dinnou souvislost<\/label><\/li>\n\t\t<li><input type=\"radio\" id=\"poll-answer-142\" name=\"poll_29\" value=\"142\" \/> <label for=\"poll-answer-142\">sp\u00ed\u0161 vztah tu\u0161\u00ed<\/label><\/li>\n\t\t<li><input type=\"radio\" id=\"poll-answer-143\" name=\"poll_29\" value=\"143\" \/> <label for=\"poll-answer-143\">n\u011bkte\u0159\u00ed souvislost vid\u00ed, jin\u00ed ne<\/label><\/li>\n\t\t<li><input type=\"radio\" id=\"poll-answer-144\" name=\"poll_29\" value=\"144\" \/> <label for=\"poll-answer-144\">vztah tam v\u011bt\u0161ina nevid\u00ed<\/label><\/li>\n\t\t<li><input type=\"radio\" id=\"poll-answer-145\" name=\"poll_29\" value=\"145\" \/> <label for=\"poll-answer-145\">nev\u00edm, neum\u00edm posoudit<\/label><\/li>\n\t\t<\/ul><p style=\"text-align: center;\"><input type=\"button\" name=\"vote\" value=\"   Hlasujte   \" class=\"Buttons\" onclick=\"poll_vote(29);\" \/><\/p><p style=\"text-align: center;\"><a href=\"#ViewPollResults\" onclick=\"poll_result(29); return false;\" title=\"Zobrazit v\u00fdsledky t\u00e9to ankety\">Zobrazit v\u00fdsledky<\/a><\/p><\/div>\n\t<\/form>\n<\/div>\n<div id=\"polls-29-loading\" class=\"wp-polls-loading\"><img loading=\"lazy\" decoding=\"async\" src=\"https:\/\/hul2.mendelu.cz\/wp-content\/plugins\/wp-polls\/images\/loading.gif\" width=\"16\" height=\"16\" alt=\"Nahr\u00e1v\u00e1n\u00ed ...\" title=\"Nahr\u00e1v\u00e1n\u00ed ...\" class=\"wp-polls-image\" \/>&nbsp;Nahr\u00e1v\u00e1n\u00ed ...<\/div>\n <div id=\"polls-30\" class=\"wp-polls\">\n\t<form id=\"polls_form_30\" class=\"wp-polls-form\" action=\"\/index.php\" method=\"post\">\n\t\t<p style=\"display: none;\"><input type=\"hidden\" id=\"poll_30_nonce\" name=\"wp-polls-nonce\" value=\"566423f804\" \/><\/p>\n\t\t<p style=\"display: none;\"><input type=\"hidden\" name=\"poll_id\" value=\"30\" \/><\/p>\n\t\t<p style=\"text-align: center;\"><strong>Pomohl by k roz\u0161\u00ed\u0159en\u00ed integrativn\u00edho lesnictv\u00ed v hospod\u00e1\u0159sk\u00fdch les\u00edch syst\u00e9m podpor a pob\u00eddek pro jin\u00e9 ekosyst\u00e9mov\u00e9 slu\u017eby ne\u017e k produkci d\u0159eva?<\/strong><\/p><div id=\"polls-30-ans\" class=\"wp-polls-ans\"><ul class=\"wp-polls-ul\">\n\t\t<li><input type=\"radio\" id=\"poll-answer-146\" name=\"poll_30\" value=\"146\" \/> <label for=\"poll-answer-146\">ano, jednozna\u010dn\u011b ano<\/label><\/li>\n\t\t<li><input type=\"radio\" id=\"poll-answer-147\" name=\"poll_30\" value=\"147\" \/> <label for=\"poll-answer-147\">sp\u00ed\u0161e pomohl<\/label><\/li>\n\t\t<li><input type=\"radio\" id=\"poll-answer-148\" name=\"poll_30\" value=\"148\" \/> <label for=\"poll-answer-148\">n\u011bkde ano, n\u011bkde ne<\/label><\/li>\n\t\t<li><input type=\"radio\" id=\"poll-answer-149\" name=\"poll_30\" value=\"149\" \/> <label for=\"poll-answer-149\">sp\u00ed\u0161e nepomohl<\/label><\/li>\n\t\t<li><input type=\"radio\" id=\"poll-answer-150\" name=\"poll_30\" value=\"150\" \/> <label for=\"poll-answer-150\">nev\u00edm, nem\u00e1m na to n\u00e1zor<\/label><\/li>\n\t\t<\/ul><p style=\"text-align: center;\"><input type=\"button\" name=\"vote\" value=\"   Hlasujte   \" class=\"Buttons\" onclick=\"poll_vote(30);\" \/><\/p><p style=\"text-align: center;\"><a href=\"#ViewPollResults\" onclick=\"poll_result(30); return false;\" title=\"Zobrazit v\u00fdsledky t\u00e9to ankety\">Zobrazit v\u00fdsledky<\/a><\/p><\/div>\n\t<\/form>\n<\/div>\n<div id=\"polls-30-loading\" class=\"wp-polls-loading\"><img loading=\"lazy\" decoding=\"async\" src=\"https:\/\/hul2.mendelu.cz\/wp-content\/plugins\/wp-polls\/images\/loading.gif\" width=\"16\" height=\"16\" alt=\"Nahr\u00e1v\u00e1n\u00ed ...\" title=\"Nahr\u00e1v\u00e1n\u00ed ...\" class=\"wp-polls-image\" \/>&nbsp;Nahr\u00e1v\u00e1n\u00ed ...<\/div>\n<\/p>","protected":false},"excerpt":{"rendered":"<p>Odkaz na teorii vztahuj\u00edc\u00ed se k t\u00e9matu: Hnac\u00ed faktory integrovan\u00e9ho lesn\u00edho hospod\u00e1\u0159stv\u00ed v Evrop\u011b Prezentace ke sta\u017een\u00ed: Vy\u017e\u00e1dan\u00e1 p\u0159edn\u00e1\u0161ka: Ekologick\u00e9 lesnictv\u00ed &#8211; p\u0159\u00edroda jako model (P. Kju\u010dukov &#8211; L\u010cR s.p. LZ Konopi\u0161t\u011b a FLD \u010cZU Katedra ekologie lesa) &#8211; verze 2025 Ekologick\u00e9 lesnictv\u00ed &#8211; p\u0159\u00edroda jako model (P. Kju\u010dukov &#8211; L\u010cR s.p. LZ Konopi\u0161t\u011b a [&hellip;]<\/p>\n","protected":false},"author":4,"featured_media":0,"parent":35,"menu_order":0,"comment_status":"closed","ping_status":"closed","template":"","meta":{"zakra_page_container_layout":"customizer","zakra_page_sidebar_layout":"customizer","zakra_remove_content_margin":false,"zakra_sidebar":"customizer","zakra_transparent_header":"customizer","zakra_logo":0,"zakra_main_header_style":"default","zakra_menu_item_color":"","zakra_menu_item_hover_color":"","zakra_menu_item_active_color":"","zakra_menu_active_style":"","zakra_page_header":true,"footnotes":""},"class_list":["post-1499","page","type-page","status-publish","hentry"],"_links":{"self":[{"href":"https:\/\/hul2.mendelu.cz\/index.php?rest_route=\/wp\/v2\/pages\/1499","targetHints":{"allow":["GET"]}}],"collection":[{"href":"https:\/\/hul2.mendelu.cz\/index.php?rest_route=\/wp\/v2\/pages"}],"about":[{"href":"https:\/\/hul2.mendelu.cz\/index.php?rest_route=\/wp\/v2\/types\/page"}],"author":[{"embeddable":true,"href":"https:\/\/hul2.mendelu.cz\/index.php?rest_route=\/wp\/v2\/users\/4"}],"replies":[{"embeddable":true,"href":"https:\/\/hul2.mendelu.cz\/index.php?rest_route=%2Fwp%2Fv2%2Fcomments&post=1499"}],"version-history":[{"count":10,"href":"https:\/\/hul2.mendelu.cz\/index.php?rest_route=\/wp\/v2\/pages\/1499\/revisions"}],"predecessor-version":[{"id":2932,"href":"https:\/\/hul2.mendelu.cz\/index.php?rest_route=\/wp\/v2\/pages\/1499\/revisions\/2932"}],"up":[{"embeddable":true,"href":"https:\/\/hul2.mendelu.cz\/index.php?rest_route=\/wp\/v2\/pages\/35"}],"wp:attachment":[{"href":"https:\/\/hul2.mendelu.cz\/index.php?rest_route=%2Fwp%2Fv2%2Fmedia&parent=1499"}],"curies":[{"name":"wp","href":"https:\/\/api.w.org\/{rel}","templated":true}]}}