{"id":1501,"date":"2023-08-10T03:34:06","date_gmt":"2023-08-10T02:34:06","guid":{"rendered":"https:\/\/hul2.mendelu.cz\/?page_id=1501"},"modified":"2025-12-05T08:32:59","modified_gmt":"2025-12-05T07:32:59","slug":"9-2","status":"publish","type":"page","link":"https:\/\/hul2.mendelu.cz\/?page_id=1501","title":{"rendered":"9 &#8211; Marteloskop a jeho vyu\u017eit\u00ed v integrativn\u00edm lesnictv\u00ed"},"content":{"rendered":"\n<p>Odkaz na teorii vztahuj\u00edc\u00ed se k t\u00e9matu: <a href=\"https:\/\/hul2.mendelu.cz\/?page_id=1684\">Marteloskop &#8211; co to je?<\/a><\/p>\n\n\n<p>Prezentace ke sta\u017een\u00ed:<\/p>\n<ul style=\"list-style-type: circle;\">\n<li>Vy\u017e\u00e1dan\u00e1 p\u0159edn\u00e1\u0161ka &#8222;<a href=\"https:\/\/hul2.mendelu.cz\/wp-content\/uploads\/2025\/12\/Marteloscope_2025.pdf\">Marteloskop a jeho vyu\u017eit\u00ed v integrativn\u00edm lesnictv\u00ed &#8211; verze 2025<\/a>&#8220; (Lehnerov\u00e1, NLI pobo\u010dka Plze\u0148)<\/li>\n<li>Vy\u017e\u00e1dan\u00e1 p\u0159edn\u00e1\u0161ka &#8222;<a href=\"https:\/\/hul2.mendelu.cz\/wp-content\/uploads\/2023\/11\/Marteloscopes_integrate_ver2.pdf\">Marteloskop a jeho vyu\u017eit\u00ed v integrativn\u00edm lesnictv\u00ed &#8211; verze 2023<\/a>&#8220; (Lehnerov\u00e1, \u00daH\u00daL pobo\u010dka Plze\u0148)<\/li>\n<\/ul>\n<hr \/>\n<p>Odpov\u011bdi v anket\u00e1ch slou\u017e\u00ed k diskuzi t\u00e9matu p\u0159edn\u00e1\u0161ky.<\/p>\n<p>(pokud jsou mo\u017enosti odpov\u011bd\u00ed ozna\u010deny \u010dtvere\u010dkem, pak m\u016f\u017eete najednou ozna\u010dit v\u00edce t\u011bchto mo\u017enost\u00ed)<\/p>\n<p><div id=\"polls-16\" class=\"wp-polls\">\n\t<form id=\"polls_form_16\" class=\"wp-polls-form\" action=\"\/index.php\" method=\"post\">\n\t\t<p style=\"display: none;\"><input type=\"hidden\" id=\"poll_16_nonce\" name=\"wp-polls-nonce\" value=\"8610f90e2a\" \/><\/p>\n\t\t<p style=\"display: none;\"><input type=\"hidden\" name=\"poll_id\" value=\"16\" \/><\/p>\n\t\t<p style=\"display: none;\"><input type=\"hidden\" id=\"poll_multiple_ans_16\" name=\"poll_multiple_ans_16\" value=\"5\" \/><\/p>\n\t\t<p style=\"text-align: center;\"><strong>Sly\u0161ela(a) jste o technice \u0161kolen\u00ed vyzna\u010dov\u00e1n\u00ed z\u00e1sah\u016f v lese formou tr\u00e9novac\u00ed plochy - Marteloskop?<\/strong><\/p><div id=\"polls-16-ans\" class=\"wp-polls-ans\"><ul class=\"wp-polls-ul\">\n\t\t<li><input type=\"checkbox\" id=\"poll-answer-76\" name=\"poll_16\" value=\"76\" \/> <label for=\"poll-answer-76\">ano, zn\u00e1m to<\/label><\/li>\n\t\t<li><input type=\"checkbox\" id=\"poll-answer-77\" name=\"poll_16\" value=\"77\" \/> <label for=\"poll-answer-77\">\u00fa\u010dastnil(a) jsem se \u0161kolen\u00ed<\/label><\/li>\n\t\t<li><input type=\"checkbox\" id=\"poll-answer-78\" name=\"poll_16\" value=\"78\" \/> <label for=\"poll-answer-78\">n\u011bkdo mi o tom mysl\u00edm \u0159\u00edkal<\/label><\/li>\n\t\t<li><input type=\"checkbox\" id=\"poll-answer-79\" name=\"poll_16\" value=\"79\" \/> <label for=\"poll-answer-79\">mysl\u00edm, \u017ee jsem o tom \u010detla(a)<\/label><\/li>\n\t\t<li><input type=\"checkbox\" id=\"poll-answer-80\" name=\"poll_16\" value=\"80\" \/> <label for=\"poll-answer-80\">ne, nezn\u00e1m to<\/label><\/li>\n\t\t<\/ul><p style=\"text-align: center;\"><input type=\"button\" name=\"vote\" value=\"   Hlasujte   \" class=\"Buttons\" onclick=\"poll_vote(16);\" \/><\/p><p style=\"text-align: center;\"><a href=\"#ViewPollResults\" onclick=\"poll_result(16); return false;\" title=\"Zobrazit v\u00fdsledky t\u00e9to ankety\">Zobrazit v\u00fdsledky<\/a><\/p><\/div>\n\t<\/form>\n<\/div>\n<div id=\"polls-16-loading\" class=\"wp-polls-loading\"><img loading=\"lazy\" decoding=\"async\" src=\"https:\/\/hul2.mendelu.cz\/wp-content\/plugins\/wp-polls\/images\/loading.gif\" width=\"16\" height=\"16\" alt=\"Nahr\u00e1v\u00e1n\u00ed ...\" title=\"Nahr\u00e1v\u00e1n\u00ed ...\" class=\"wp-polls-image\" \/>&nbsp;Nahr\u00e1v\u00e1n\u00ed ...<\/div>\n <div id=\"polls-17\" class=\"wp-polls\">\n\t<form id=\"polls_form_17\" class=\"wp-polls-form\" action=\"\/index.php\" method=\"post\">\n\t\t<p style=\"display: none;\"><input type=\"hidden\" id=\"poll_17_nonce\" name=\"wp-polls-nonce\" value=\"d9325b9014\" \/><\/p>\n\t\t<p style=\"display: none;\"><input type=\"hidden\" name=\"poll_id\" value=\"17\" \/><\/p>\n\t\t<p style=\"text-align: center;\"><strong>Mysl\u00edte si, \u017ee technika Marteloskopu je vhodn\u00e1 pro \u0161kolen\u00ed vyzna\u010dov\u00e1n\u00ed z\u00e1sah\u016f integrativn\u00edho lesnictv\u00ed?<\/strong><\/p><div id=\"polls-17-ans\" class=\"wp-polls-ans\"><ul class=\"wp-polls-ul\">\n\t\t<li><input type=\"radio\" id=\"poll-answer-81\" name=\"poll_17\" value=\"81\" \/> <label for=\"poll-answer-81\">jednozna\u010dn\u011b ano<\/label><\/li>\n\t\t<li><input type=\"radio\" id=\"poll-answer-82\" name=\"poll_17\" value=\"82\" \/> <label for=\"poll-answer-82\">sp\u00ed\u0161e ano<\/label><\/li>\n\t\t<li><input type=\"radio\" id=\"poll-answer-83\" name=\"poll_17\" value=\"83\" \/> <label for=\"poll-answer-83\">sp\u00ed\u0161e ne<\/label><\/li>\n\t\t<li><input type=\"radio\" id=\"poll-answer-84\" name=\"poll_17\" value=\"84\" \/> <label for=\"poll-answer-84\">ne, nen\u00ed vhodn\u00e1<\/label><\/li>\n\t\t<li><input type=\"radio\" id=\"poll-answer-85\" name=\"poll_17\" value=\"85\" \/> <label for=\"poll-answer-85\">nev\u00edm, nesly\u0161el(a) jsem o tom<\/label><\/li>\n\t\t<\/ul><p style=\"text-align: center;\"><input type=\"button\" name=\"vote\" value=\"   Hlasujte   \" class=\"Buttons\" onclick=\"poll_vote(17);\" \/><\/p><p style=\"text-align: center;\"><a href=\"#ViewPollResults\" onclick=\"poll_result(17); return false;\" title=\"Zobrazit v\u00fdsledky t\u00e9to ankety\">Zobrazit v\u00fdsledky<\/a><\/p><\/div>\n\t<\/form>\n<\/div>\n<div id=\"polls-17-loading\" class=\"wp-polls-loading\"><img loading=\"lazy\" decoding=\"async\" src=\"https:\/\/hul2.mendelu.cz\/wp-content\/plugins\/wp-polls\/images\/loading.gif\" width=\"16\" height=\"16\" alt=\"Nahr\u00e1v\u00e1n\u00ed ...\" title=\"Nahr\u00e1v\u00e1n\u00ed ...\" class=\"wp-polls-image\" \/>&nbsp;Nahr\u00e1v\u00e1n\u00ed ...<\/div>\n <div id=\"polls-18\" class=\"wp-polls\">\n\t<form id=\"polls_form_18\" class=\"wp-polls-form\" action=\"\/index.php\" method=\"post\">\n\t\t<p style=\"display: none;\"><input type=\"hidden\" id=\"poll_18_nonce\" name=\"wp-polls-nonce\" value=\"752e108067\" \/><\/p>\n\t\t<p style=\"display: none;\"><input type=\"hidden\" name=\"poll_id\" value=\"18\" \/><\/p>\n\t\t<p style=\"text-align: center;\"><strong>Setkal(a) jste se s Marteloskopem n\u011bkde na \u00fazem\u00ed les\u016f v \u010cR?<\/strong><\/p><div id=\"polls-18-ans\" class=\"wp-polls-ans\"><ul class=\"wp-polls-ul\">\n\t\t<li><input type=\"radio\" id=\"poll-answer-86\" name=\"poll_18\" value=\"86\" \/> <label for=\"poll-answer-86\">ano, byl(a) jsem na n\u00ed<\/label><\/li>\n\t\t<li><input type=\"radio\" id=\"poll-answer-87\" name=\"poll_18\" value=\"87\" \/> <label for=\"poll-answer-87\">mysl\u00edm, \u017ee ano<\/label><\/li>\n\t\t<li><input type=\"radio\" id=\"poll-answer-88\" name=\"poll_18\" value=\"88\" \/> <label for=\"poll-answer-88\">mysl\u00edm, \u017ee ne<\/label><\/li>\n\t\t<li><input type=\"radio\" id=\"poll-answer-89\" name=\"poll_18\" value=\"89\" \/> <label for=\"poll-answer-89\">ne, nev\u00edm o tom<\/label><\/li>\n\t\t<li><input type=\"radio\" id=\"poll-answer-90\" name=\"poll_18\" value=\"90\" \/> <label for=\"poll-answer-90\">nev\u00edm, nevybavuji si<\/label><\/li>\n\t\t<\/ul><p style=\"text-align: center;\"><input type=\"button\" name=\"vote\" value=\"   Hlasujte   \" class=\"Buttons\" onclick=\"poll_vote(18);\" \/><\/p><p style=\"text-align: center;\"><a href=\"#ViewPollResults\" onclick=\"poll_result(18); return false;\" title=\"Zobrazit v\u00fdsledky t\u00e9to ankety\">Zobrazit v\u00fdsledky<\/a><\/p><\/div>\n\t<\/form>\n<\/div>\n<div id=\"polls-18-loading\" class=\"wp-polls-loading\"><img loading=\"lazy\" decoding=\"async\" src=\"https:\/\/hul2.mendelu.cz\/wp-content\/plugins\/wp-polls\/images\/loading.gif\" width=\"16\" height=\"16\" alt=\"Nahr\u00e1v\u00e1n\u00ed ...\" title=\"Nahr\u00e1v\u00e1n\u00ed ...\" class=\"wp-polls-image\" \/>&nbsp;Nahr\u00e1v\u00e1n\u00ed ...<\/div>\n<\/p>","protected":false},"excerpt":{"rendered":"<p>Odkaz na teorii vztahuj\u00edc\u00ed se k t\u00e9matu: Marteloskop &#8211; co to je? Prezentace ke sta\u017een\u00ed: Vy\u017e\u00e1dan\u00e1 p\u0159edn\u00e1\u0161ka &#8222;Marteloskop a jeho vyu\u017eit\u00ed v integrativn\u00edm lesnictv\u00ed &#8211; verze 2025&#8220; (Lehnerov\u00e1, NLI pobo\u010dka Plze\u0148) Vy\u017e\u00e1dan\u00e1 p\u0159edn\u00e1\u0161ka &#8222;Marteloskop a jeho vyu\u017eit\u00ed v integrativn\u00edm lesnictv\u00ed &#8211; verze 2023&#8220; (Lehnerov\u00e1, \u00daH\u00daL pobo\u010dka Plze\u0148) Odpov\u011bdi v anket\u00e1ch slou\u017e\u00ed k diskuzi t\u00e9matu p\u0159edn\u00e1\u0161ky. [&hellip;]<\/p>\n","protected":false},"author":4,"featured_media":0,"parent":35,"menu_order":0,"comment_status":"closed","ping_status":"closed","template":"","meta":{"zakra_page_container_layout":"customizer","zakra_page_sidebar_layout":"customizer","zakra_remove_content_margin":false,"zakra_sidebar":"customizer","zakra_transparent_header":"customizer","zakra_logo":0,"zakra_main_header_style":"default","zakra_menu_item_color":"","zakra_menu_item_hover_color":"","zakra_menu_item_active_color":"","zakra_menu_active_style":"","zakra_page_header":true,"footnotes":""},"class_list":["post-1501","page","type-page","status-publish","hentry"],"_links":{"self":[{"href":"https:\/\/hul2.mendelu.cz\/index.php?rest_route=\/wp\/v2\/pages\/1501","targetHints":{"allow":["GET"]}}],"collection":[{"href":"https:\/\/hul2.mendelu.cz\/index.php?rest_route=\/wp\/v2\/pages"}],"about":[{"href":"https:\/\/hul2.mendelu.cz\/index.php?rest_route=\/wp\/v2\/types\/page"}],"author":[{"embeddable":true,"href":"https:\/\/hul2.mendelu.cz\/index.php?rest_route=\/wp\/v2\/users\/4"}],"replies":[{"embeddable":true,"href":"https:\/\/hul2.mendelu.cz\/index.php?rest_route=%2Fwp%2Fv2%2Fcomments&post=1501"}],"version-history":[{"count":12,"href":"https:\/\/hul2.mendelu.cz\/index.php?rest_route=\/wp\/v2\/pages\/1501\/revisions"}],"predecessor-version":[{"id":2937,"href":"https:\/\/hul2.mendelu.cz\/index.php?rest_route=\/wp\/v2\/pages\/1501\/revisions\/2937"}],"up":[{"embeddable":true,"href":"https:\/\/hul2.mendelu.cz\/index.php?rest_route=\/wp\/v2\/pages\/35"}],"wp:attachment":[{"href":"https:\/\/hul2.mendelu.cz\/index.php?rest_route=%2Fwp%2Fv2%2Fmedia&parent=1501"}],"curies":[{"name":"wp","href":"https:\/\/api.w.org\/{rel}","templated":true}]}}