{"id":1503,"date":"2023-08-10T03:34:27","date_gmt":"2023-08-10T02:34:27","guid":{"rendered":"https:\/\/hul2.mendelu.cz\/?page_id=1503"},"modified":"2024-09-17T12:39:53","modified_gmt":"2024-09-17T11:39:53","slug":"10-2","status":"publish","type":"page","link":"https:\/\/hul2.mendelu.cz\/?page_id=1503","title":{"rendered":"10 &#8211; P\u0159\u00edklady dobr\u00e9 praxe p\u0159\u00edrod\u011b bli\u017e\u0161\u00edho lesnictv\u00ed"},"content":{"rendered":"\n<p>Odkaz na teorii vztahuj\u00edc\u00ed se k t\u00e9matu: <a href=\"https:\/\/hul2.mendelu.cz\/?page_id=2083\">P\u0159\u00edklady dobr\u00e9 praxe \u201cp\u0159\u00edrod\u011b bli\u017e\u0161\u00edho hospoda\u0159en\u00ed\u201d v les\u00edch na \u00farovni lesn\u00edho majetku a krajiny<\/a><\/p>\n\n\n\n<p>Prezentace ke sta\u017een\u00ed:<\/p>\n<ul style=\"list-style-type: circle;\">\n<li>Vy\u017e\u00e1dan\u00e1 p\u0159edn\u00e1\u0161ka: <a href=\"https:\/\/hul2.mendelu.cz\/wp-content\/uploads\/2023\/12\/prednaska_Erber_Brno.pdf\">P\u0159\u00edklady dobr\u00e9 praxe p\u0159\u00edrod\u011b bl\u00edzk\u00e9ho lesnictv\u00ed<\/a> (A. Erber &#8211; spr\u00e1vce lesn\u00edch majetk\u016f, lesnick\u00fd poradce, agrolesn\u00edk a propag\u00e1tor multifunk\u010dn\u00edch les\u016f a d\u0159evostaveb)<\/li>\n<\/ul>\n<hr \/>\n<p>Odpov\u011bdi v anket\u00e1ch slou\u017e\u00ed k diskuzi t\u00e9matu p\u0159edn\u00e1\u0161ky.<\/p>\n<p><div id=\"polls-31\" class=\"wp-polls\">\n\t<form id=\"polls_form_31\" class=\"wp-polls-form\" action=\"\/index.php\" method=\"post\">\n\t\t<p style=\"display: none;\"><input type=\"hidden\" id=\"poll_31_nonce\" name=\"wp-polls-nonce\" value=\"7e78736c08\" \/><\/p>\n\t\t<p style=\"display: none;\"><input type=\"hidden\" name=\"poll_id\" value=\"31\" \/><\/p>\n\t\t<p style=\"text-align: center;\"><strong>Mohou p\u0159\u00edklady dobr\u00e9 praxe p\u0159isp\u011bt k roz\u0161\u00ed\u0159en\u00ed integrativn\u00edho lesnictv\u00ed v hospod\u00e1\u0159sk\u00fdch les\u00edch u n\u00e1s?<\/strong><\/p><div id=\"polls-31-ans\" class=\"wp-polls-ans\"><ul class=\"wp-polls-ul\">\n\t\t<li><input type=\"radio\" id=\"poll-answer-151\" name=\"poll_31\" value=\"151\" \/> <label for=\"poll-answer-151\">ano, jednozna\u010dn\u011b ano<\/label><\/li>\n\t\t<li><input type=\"radio\" id=\"poll-answer-152\" name=\"poll_31\" value=\"152\" \/> <label for=\"poll-answer-152\">sp\u00ed\u0161e ano<\/label><\/li>\n\t\t<li><input type=\"radio\" id=\"poll-answer-153\" name=\"poll_31\" value=\"153\" \/> <label for=\"poll-answer-153\">sp\u00ed\u0161e ne<\/label><\/li>\n\t\t<li><input type=\"radio\" id=\"poll-answer-154\" name=\"poll_31\" value=\"154\" \/> <label for=\"poll-answer-154\">ne, jednozna\u010dn\u011b ne<\/label><\/li>\n\t\t<li><input type=\"radio\" id=\"poll-answer-155\" name=\"poll_31\" value=\"155\" \/> <label for=\"poll-answer-155\">nev\u00edm, neum\u00edm posoudit<\/label><\/li>\n\t\t<\/ul><p style=\"text-align: center;\"><input type=\"button\" name=\"vote\" value=\"   Hlasujte   \" class=\"Buttons\" onclick=\"poll_vote(31);\" \/><\/p><p style=\"text-align: center;\"><a href=\"#ViewPollResults\" onclick=\"poll_result(31); return false;\" title=\"Zobrazit v\u00fdsledky t\u00e9to ankety\">Zobrazit v\u00fdsledky<\/a><\/p><\/div>\n\t<\/form>\n<\/div>\n<div id=\"polls-31-loading\" class=\"wp-polls-loading\"><img loading=\"lazy\" decoding=\"async\" src=\"https:\/\/hul2.mendelu.cz\/wp-content\/plugins\/wp-polls\/images\/loading.gif\" width=\"16\" height=\"16\" alt=\"Nahr\u00e1v\u00e1n\u00ed ...\" title=\"Nahr\u00e1v\u00e1n\u00ed ...\" class=\"wp-polls-image\" \/>&nbsp;Nahr\u00e1v\u00e1n\u00ed ...<\/div>\n <div id=\"polls-32\" class=\"wp-polls\">\n\t<form id=\"polls_form_32\" class=\"wp-polls-form\" action=\"\/index.php\" method=\"post\">\n\t\t<p style=\"display: none;\"><input type=\"hidden\" id=\"poll_32_nonce\" name=\"wp-polls-nonce\" value=\"84cfd7c74e\" \/><\/p>\n\t\t<p style=\"display: none;\"><input type=\"hidden\" name=\"poll_id\" value=\"32\" \/><\/p>\n\t\t<p style=\"text-align: center;\"><strong>Zn\u00e1te ze sv\u00e9ho okol\u00ed p\u0159\u00edklad dobr\u00e9ho vn\u00e1\u0161en\u00ed prvk\u016f ochrany p\u0159\u00edrody do hospod\u00e1\u0159sk\u00e9ho lesa?<\/strong><\/p><div id=\"polls-32-ans\" class=\"wp-polls-ans\"><ul class=\"wp-polls-ul\">\n\t\t<li><input type=\"radio\" id=\"poll-answer-156\" name=\"poll_32\" value=\"156\" \/> <label for=\"poll-answer-156\">ano, zn\u00e1m<\/label><\/li>\n\t\t<li><input type=\"radio\" id=\"poll-answer-157\" name=\"poll_32\" value=\"157\" \/> <label for=\"poll-answer-157\">asi ne \u00fapln\u011b dobr\u00e9ho, ale pozitiva p\u0159\u00edkladu p\u0159evl\u00e1daj\u00ed<\/label><\/li>\n\t\t<li><input type=\"radio\" id=\"poll-answer-158\" name=\"poll_32\" value=\"158\" \/> <label for=\"poll-answer-158\">sp\u00ed\u0161e jako kombinaci dobr\u00e9ho i nedobr\u00e9ho p\u0159\u00edkladu z\u00e1rove\u0148<\/label><\/li>\n\t\t<li><input type=\"radio\" id=\"poll-answer-159\" name=\"poll_32\" value=\"159\" \/> <label for=\"poll-answer-159\">sp\u00ed\u0161e jako nevhodn\u00fd p\u0159\u00edklad<\/label><\/li>\n\t\t<li><input type=\"radio\" id=\"poll-answer-160\" name=\"poll_32\" value=\"160\" \/> <label for=\"poll-answer-160\">ne, nezn\u00e1m<\/label><\/li>\n\t\t<\/ul><p style=\"text-align: center;\"><input type=\"button\" name=\"vote\" value=\"   Hlasujte   \" class=\"Buttons\" onclick=\"poll_vote(32);\" \/><\/p><p style=\"text-align: center;\"><a href=\"#ViewPollResults\" onclick=\"poll_result(32); return false;\" title=\"Zobrazit v\u00fdsledky t\u00e9to ankety\">Zobrazit v\u00fdsledky<\/a><\/p><\/div>\n\t<\/form>\n<\/div>\n<div id=\"polls-32-loading\" class=\"wp-polls-loading\"><img loading=\"lazy\" decoding=\"async\" src=\"https:\/\/hul2.mendelu.cz\/wp-content\/plugins\/wp-polls\/images\/loading.gif\" width=\"16\" height=\"16\" alt=\"Nahr\u00e1v\u00e1n\u00ed ...\" title=\"Nahr\u00e1v\u00e1n\u00ed ...\" class=\"wp-polls-image\" \/>&nbsp;Nahr\u00e1v\u00e1n\u00ed ...<\/div>\n <div id=\"polls-33\" class=\"wp-polls\">\n\t<form id=\"polls_form_33\" class=\"wp-polls-form\" action=\"\/index.php\" method=\"post\">\n\t\t<p style=\"display: none;\"><input type=\"hidden\" id=\"poll_33_nonce\" name=\"wp-polls-nonce\" value=\"87262d2ef7\" \/><\/p>\n\t\t<p style=\"display: none;\"><input type=\"hidden\" name=\"poll_id\" value=\"33\" \/><\/p>\n\t\t<p style=\"text-align: center;\"><strong>Sly\u0161el(a) jste o evropsk\u00e9 s\u00edti podporuj\u00edc\u00ed integrativn\u00ed lesnictv\u00ed (INTEGRATE)?<\/strong><\/p><div id=\"polls-33-ans\" class=\"wp-polls-ans\"><ul class=\"wp-polls-ul\">\n\t\t<li><input type=\"radio\" id=\"poll-answer-161\" name=\"poll_33\" value=\"161\" \/> <label for=\"poll-answer-161\">ano, zn\u00e1m ji<\/label><\/li>\n\t\t<li><input type=\"radio\" id=\"poll-answer-162\" name=\"poll_33\" value=\"162\" \/> <label for=\"poll-answer-162\">matn\u011b si n\u011bco vybavuji<\/label><\/li>\n\t\t<li><input type=\"radio\" id=\"poll-answer-163\" name=\"poll_33\" value=\"163\" \/> <label for=\"poll-answer-163\">sp\u00ed\u0161e mi to nic ne\u0159\u00edk\u00e1<\/label><\/li>\n\t\t<li><input type=\"radio\" id=\"poll-answer-164\" name=\"poll_33\" value=\"164\" \/> <label for=\"poll-answer-164\">nikdy jsem o n\u00ed nesly\u0161el<\/label><\/li>\n\t\t<li><input type=\"radio\" id=\"poll-answer-165\" name=\"poll_33\" value=\"165\" \/> <label for=\"poll-answer-165\">nev\u00edm, nevzpomenu si<\/label><\/li>\n\t\t<\/ul><p style=\"text-align: center;\"><input type=\"button\" name=\"vote\" value=\"   Hlasujte   \" class=\"Buttons\" onclick=\"poll_vote(33);\" \/><\/p><p style=\"text-align: center;\"><a href=\"#ViewPollResults\" onclick=\"poll_result(33); return false;\" title=\"Zobrazit v\u00fdsledky t\u00e9to ankety\">Zobrazit v\u00fdsledky<\/a><\/p><\/div>\n\t<\/form>\n<\/div>\n<div id=\"polls-33-loading\" class=\"wp-polls-loading\"><img loading=\"lazy\" decoding=\"async\" src=\"https:\/\/hul2.mendelu.cz\/wp-content\/plugins\/wp-polls\/images\/loading.gif\" width=\"16\" height=\"16\" alt=\"Nahr\u00e1v\u00e1n\u00ed ...\" title=\"Nahr\u00e1v\u00e1n\u00ed ...\" class=\"wp-polls-image\" \/>&nbsp;Nahr\u00e1v\u00e1n\u00ed ...<\/div>\n<\/p>\n\n\n\n<p>Dosavadn\u00ed v\u00fdsledky hlasov\u00e1n\u00ed: <a href=\"https:\/\/hul2.mendelu.cz\/wp-content\/uploads\/2024\/09\/anketa10_16-09-2024.png\">16-09-2024<\/a><\/p>\n","protected":false},"excerpt":{"rendered":"<p>Odkaz na teorii vztahuj\u00edc\u00ed se k t\u00e9matu: P\u0159\u00edklady dobr\u00e9 praxe \u201cp\u0159\u00edrod\u011b bli\u017e\u0161\u00edho hospoda\u0159en\u00ed\u201d v les\u00edch na \u00farovni lesn\u00edho majetku a krajiny Prezentace ke sta\u017een\u00ed: Vy\u017e\u00e1dan\u00e1 p\u0159edn\u00e1\u0161ka: P\u0159\u00edklady dobr\u00e9 praxe p\u0159\u00edrod\u011b bl\u00edzk\u00e9ho lesnictv\u00ed (A. Erber &#8211; spr\u00e1vce lesn\u00edch majetk\u016f, lesnick\u00fd poradce, agrolesn\u00edk a propag\u00e1tor multifunk\u010dn\u00edch les\u016f a d\u0159evostaveb) Odpov\u011bdi v anket\u00e1ch slou\u017e\u00ed k diskuzi t\u00e9matu p\u0159edn\u00e1\u0161ky. [&hellip;]<\/p>\n","protected":false},"author":4,"featured_media":0,"parent":35,"menu_order":0,"comment_status":"closed","ping_status":"closed","template":"","meta":{"zakra_page_container_layout":"customizer","zakra_page_sidebar_layout":"customizer","zakra_remove_content_margin":false,"zakra_sidebar":"customizer","zakra_transparent_header":"customizer","zakra_logo":0,"zakra_main_header_style":"default","zakra_menu_item_color":"","zakra_menu_item_hover_color":"","zakra_menu_item_active_color":"","zakra_menu_active_style":"","zakra_page_header":true,"footnotes":""},"class_list":["post-1503","page","type-page","status-publish","hentry"],"_links":{"self":[{"href":"https:\/\/hul2.mendelu.cz\/index.php?rest_route=\/wp\/v2\/pages\/1503","targetHints":{"allow":["GET"]}}],"collection":[{"href":"https:\/\/hul2.mendelu.cz\/index.php?rest_route=\/wp\/v2\/pages"}],"about":[{"href":"https:\/\/hul2.mendelu.cz\/index.php?rest_route=\/wp\/v2\/types\/page"}],"author":[{"embeddable":true,"href":"https:\/\/hul2.mendelu.cz\/index.php?rest_route=\/wp\/v2\/users\/4"}],"replies":[{"embeddable":true,"href":"https:\/\/hul2.mendelu.cz\/index.php?rest_route=%2Fwp%2Fv2%2Fcomments&post=1503"}],"version-history":[{"count":8,"href":"https:\/\/hul2.mendelu.cz\/index.php?rest_route=\/wp\/v2\/pages\/1503\/revisions"}],"predecessor-version":[{"id":2846,"href":"https:\/\/hul2.mendelu.cz\/index.php?rest_route=\/wp\/v2\/pages\/1503\/revisions\/2846"}],"up":[{"embeddable":true,"href":"https:\/\/hul2.mendelu.cz\/index.php?rest_route=\/wp\/v2\/pages\/35"}],"wp:attachment":[{"href":"https:\/\/hul2.mendelu.cz\/index.php?rest_route=%2Fwp%2Fv2%2Fmedia&parent=1503"}],"curies":[{"name":"wp","href":"https:\/\/api.w.org\/{rel}","templated":true}]}}