{"id":1505,"date":"2023-08-10T03:34:44","date_gmt":"2023-08-10T02:34:44","guid":{"rendered":"https:\/\/hul2.mendelu.cz\/?page_id=1505"},"modified":"2024-09-17T12:38:14","modified_gmt":"2024-09-17T11:38:14","slug":"11-2","status":"publish","type":"page","link":"https:\/\/hul2.mendelu.cz\/?page_id=1505","title":{"rendered":"11 &#8211; Jak na zlep\u0161ov\u00e1n\u00ed integrace prvk\u016f ochrany p\u0159\u00edrody do hospod\u00e1\u0159sk\u00e9 \u00fapravy hospod\u00e1\u0159sk\u00e9ho lesa"},"content":{"rendered":"\n<p>Odkaz na teorii vztahuj\u00edc\u00ed se k t\u00e9matu:<\/p>\n<ul style=\"list-style-type: circle;\">\n<li class=\"zak-page-title\"><a href=\"https:\/\/hul2.mendelu.cz\/?page_id=2102\">Synt\u00e9za: Zlep\u0161en\u00ed ochrany biodiverzity v evropsk\u00fdch hospod\u00e1\u0159sk\u00fdch les\u00edch vy\u017eaduje pragmatick\u00e9, odv\u00e1\u017en\u00e9 a region\u00e1ln\u011b zako\u0159en\u011bn\u00e9 p\u0159\u00edstupy hospoda\u0159en\u00ed<\/a><\/li>\n<li><a href=\"https:\/\/hul2.mendelu.cz\/?page_id=2131\">Co chyb\u00ed \u0161iroce \u00fasp\u011b\u0161n\u00e9 aplikaci integrativn\u00edho hospoda\u0159en\u00ed v les\u00edch?<\/a><\/li>\n<\/ul>\n\n\n\n<p>Prezentace ke sta\u017een\u00ed:<\/p>\n<hr \/>\n<p>Odpov\u011bdi v anket\u00e1ch slou\u017e\u00ed k diskuzi t\u00e9matu p\u0159edn\u00e1\u0161ky.<\/p>\n<p><div id=\"polls-19\" class=\"wp-polls\">\n\t<form id=\"polls_form_19\" class=\"wp-polls-form\" action=\"\/index.php\" method=\"post\">\n\t\t<p style=\"display: none;\"><input type=\"hidden\" id=\"poll_19_nonce\" name=\"wp-polls-nonce\" value=\"f83971fac4\" \/><\/p>\n\t\t<p style=\"display: none;\"><input type=\"hidden\" name=\"poll_id\" value=\"19\" \/><\/p>\n\t\t<p style=\"text-align: center;\"><strong>M\u00e1 smysl se sna\u017eit propojovat management s prvky ochrany p\u0159\u00edrody (biodiverzitou) v hospod\u00e1\u0159sk\u00fdch les\u00edch?<\/strong><\/p><div id=\"polls-19-ans\" class=\"wp-polls-ans\"><ul class=\"wp-polls-ul\">\n\t\t<li><input type=\"radio\" id=\"poll-answer-91\" name=\"poll_19\" value=\"91\" \/> <label for=\"poll-answer-91\">ano, jednozna\u010dn\u011b<\/label><\/li>\n\t\t<li><input type=\"radio\" id=\"poll-answer-92\" name=\"poll_19\" value=\"92\" \/> <label for=\"poll-answer-92\">sp\u00ed\u0161e to m\u00e1 smysl<\/label><\/li>\n\t\t<li><input type=\"radio\" id=\"poll-answer-93\" name=\"poll_19\" value=\"93\" \/> <label for=\"poll-answer-93\">sp\u00ed\u0161e to nem\u00e1 smysl<\/label><\/li>\n\t\t<li><input type=\"radio\" id=\"poll-answer-94\" name=\"poll_19\" value=\"94\" \/> <label for=\"poll-answer-94\">ne, nem\u00e1 to \u017e\u00e1dn\u00fd smysl<\/label><\/li>\n\t\t<li><input type=\"radio\" id=\"poll-answer-95\" name=\"poll_19\" value=\"95\" \/> <label for=\"poll-answer-95\">nev\u00edm, nep\u0159em\u00fd\u0161lel(a) jsem o tom<\/label><\/li>\n\t\t<\/ul><p style=\"text-align: center;\"><input type=\"button\" name=\"vote\" value=\"   Hlasujte   \" class=\"Buttons\" onclick=\"poll_vote(19);\" \/><\/p><p style=\"text-align: center;\"><a href=\"#ViewPollResults\" onclick=\"poll_result(19); return false;\" title=\"Zobrazit v\u00fdsledky t\u00e9to ankety\">Zobrazit v\u00fdsledky<\/a><\/p><\/div>\n\t<\/form>\n<\/div>\n<div id=\"polls-19-loading\" class=\"wp-polls-loading\"><img loading=\"lazy\" decoding=\"async\" src=\"https:\/\/hul2.mendelu.cz\/wp-content\/plugins\/wp-polls\/images\/loading.gif\" width=\"16\" height=\"16\" alt=\"Nahr\u00e1v\u00e1n\u00ed ...\" title=\"Nahr\u00e1v\u00e1n\u00ed ...\" class=\"wp-polls-image\" \/>&nbsp;Nahr\u00e1v\u00e1n\u00ed ...<\/div>\n <div id=\"polls-20\" class=\"wp-polls\">\n\t<form id=\"polls_form_20\" class=\"wp-polls-form\" action=\"\/index.php\" method=\"post\">\n\t\t<p style=\"display: none;\"><input type=\"hidden\" id=\"poll_20_nonce\" name=\"wp-polls-nonce\" value=\"b3eaadcc9a\" \/><\/p>\n\t\t<p style=\"display: none;\"><input type=\"hidden\" name=\"poll_id\" value=\"20\" \/><\/p>\n\t\t<p style=\"text-align: center;\"><strong>Setkal(a) jste se n\u011bkde v les\u00edch \u010cR s p\u0159\u00edkladem \u00fasp\u011b\u0161n\u00e9ho propojen\u00ed managementu s biodiverzitou v hospod\u00e1\u0159sk\u00fdch les\u00edch?<\/strong><\/p><div id=\"polls-20-ans\" class=\"wp-polls-ans\"><ul class=\"wp-polls-ul\">\n\t\t<li><input type=\"radio\" id=\"poll-answer-96\" name=\"poll_20\" value=\"96\" \/> <label for=\"poll-answer-96\">ano, setkal(a)<\/label><\/li>\n\t\t<li><input type=\"radio\" id=\"poll-answer-97\" name=\"poll_20\" value=\"97\" \/> <label for=\"poll-answer-97\">mo\u017en\u00e1 ano<\/label><\/li>\n\t\t<li><input type=\"radio\" id=\"poll-answer-98\" name=\"poll_20\" value=\"98\" \/> <label for=\"poll-answer-98\">sp\u00ed\u0161e ne<\/label><\/li>\n\t\t<li><input type=\"radio\" id=\"poll-answer-99\" name=\"poll_20\" value=\"99\" \/> <label for=\"poll-answer-99\">ne, nesetkal(a)<\/label><\/li>\n\t\t<li><input type=\"radio\" id=\"poll-answer-100\" name=\"poll_20\" value=\"100\" \/> <label for=\"poll-answer-100\">nev\u00edm, nevzpom\u00edn\u00e1m si<\/label><\/li>\n\t\t<\/ul><p style=\"text-align: center;\"><input type=\"button\" name=\"vote\" value=\"   Hlasujte   \" class=\"Buttons\" onclick=\"poll_vote(20);\" \/><\/p><p style=\"text-align: center;\"><a href=\"#ViewPollResults\" onclick=\"poll_result(20); return false;\" title=\"Zobrazit v\u00fdsledky t\u00e9to ankety\">Zobrazit v\u00fdsledky<\/a><\/p><\/div>\n\t<\/form>\n<\/div>\n<div id=\"polls-20-loading\" class=\"wp-polls-loading\"><img loading=\"lazy\" decoding=\"async\" src=\"https:\/\/hul2.mendelu.cz\/wp-content\/plugins\/wp-polls\/images\/loading.gif\" width=\"16\" height=\"16\" alt=\"Nahr\u00e1v\u00e1n\u00ed ...\" title=\"Nahr\u00e1v\u00e1n\u00ed ...\" class=\"wp-polls-image\" \/>&nbsp;Nahr\u00e1v\u00e1n\u00ed ...<\/div>\n <div id=\"polls-21\" class=\"wp-polls\">\n\t<form id=\"polls_form_21\" class=\"wp-polls-form\" action=\"\/index.php\" method=\"post\">\n\t\t<p style=\"display: none;\"><input type=\"hidden\" id=\"poll_21_nonce\" name=\"wp-polls-nonce\" value=\"9c8c1b5d9b\" \/><\/p>\n\t\t<p style=\"display: none;\"><input type=\"hidden\" name=\"poll_id\" value=\"21\" \/><\/p>\n\t\t<p style=\"text-align: center;\"><strong>Existuje podle v\u00e1s p\u0159\u00edm\u00e1 kladn\u00e1 vazba mezi biodiverzitou a poskytov\u00e1n\u00edm ekosyst\u00e9mov\u00fdch slu\u017eeb lesa?<\/strong><\/p><div id=\"polls-21-ans\" class=\"wp-polls-ans\"><ul class=\"wp-polls-ul\">\n\t\t<li><input type=\"radio\" id=\"poll-answer-101\" name=\"poll_21\" value=\"101\" \/> <label for=\"poll-answer-101\">ano, jednozna\u010dn\u011b ano<\/label><\/li>\n\t\t<li><input type=\"radio\" id=\"poll-answer-102\" name=\"poll_21\" value=\"102\" \/> <label for=\"poll-answer-102\">sp\u00ed\u0161e ano<\/label><\/li>\n\t\t<li><input type=\"radio\" id=\"poll-answer-103\" name=\"poll_21\" value=\"103\" \/> <label for=\"poll-answer-103\">n\u011bkdy ano, n\u011bkdy ne (tak n\u011bjak st\u0159edn\u011b)<\/label><\/li>\n\t\t<li><input type=\"radio\" id=\"poll-answer-104\" name=\"poll_21\" value=\"104\" \/> <label for=\"poll-answer-104\">sp\u00ed\u0161e ne<\/label><\/li>\n\t\t<li><input type=\"radio\" id=\"poll-answer-105\" name=\"poll_21\" value=\"105\" \/> <label for=\"poll-answer-105\">ne, p\u0159\u00edm\u00e1 kladn\u00e1 vazba tam nen\u00ed<\/label><\/li>\n\t\t<\/ul><p style=\"text-align: center;\"><input type=\"button\" name=\"vote\" value=\"   Hlasujte   \" class=\"Buttons\" onclick=\"poll_vote(21);\" \/><\/p><p style=\"text-align: center;\"><a href=\"#ViewPollResults\" onclick=\"poll_result(21); return false;\" title=\"Zobrazit v\u00fdsledky t\u00e9to ankety\">Zobrazit v\u00fdsledky<\/a><\/p><\/div>\n\t<\/form>\n<\/div>\n<div id=\"polls-21-loading\" class=\"wp-polls-loading\"><img loading=\"lazy\" decoding=\"async\" src=\"https:\/\/hul2.mendelu.cz\/wp-content\/plugins\/wp-polls\/images\/loading.gif\" width=\"16\" height=\"16\" alt=\"Nahr\u00e1v\u00e1n\u00ed ...\" title=\"Nahr\u00e1v\u00e1n\u00ed ...\" class=\"wp-polls-image\" \/>&nbsp;Nahr\u00e1v\u00e1n\u00ed ...<\/div>\n<\/p>\n\n\n\n<p>Dosavadn\u00ed v\u00fdsledky hlasov\u00e1n\u00ed: <a href=\"https:\/\/hul2.mendelu.cz\/wp-content\/uploads\/2024\/09\/anketa11_16-09-2024.png\">16-09-2024<\/a><\/p>\n","protected":false},"excerpt":{"rendered":"<p>Odkaz na teorii vztahuj\u00edc\u00ed se k t\u00e9matu: Synt\u00e9za: Zlep\u0161en\u00ed ochrany biodiverzity v evropsk\u00fdch hospod\u00e1\u0159sk\u00fdch les\u00edch vy\u017eaduje pragmatick\u00e9, odv\u00e1\u017en\u00e9 a region\u00e1ln\u011b zako\u0159en\u011bn\u00e9 p\u0159\u00edstupy hospoda\u0159en\u00ed Co chyb\u00ed \u0161iroce \u00fasp\u011b\u0161n\u00e9 aplikaci integrativn\u00edho hospoda\u0159en\u00ed v les\u00edch? Prezentace ke sta\u017een\u00ed: Odpov\u011bdi v anket\u00e1ch slou\u017e\u00ed k diskuzi t\u00e9matu p\u0159edn\u00e1\u0161ky. Dosavadn\u00ed v\u00fdsledky hlasov\u00e1n\u00ed: 16-09-2024<\/p>\n","protected":false},"author":4,"featured_media":0,"parent":35,"menu_order":0,"comment_status":"closed","ping_status":"closed","template":"","meta":{"zakra_page_container_layout":"customizer","zakra_page_sidebar_layout":"customizer","zakra_remove_content_margin":false,"zakra_sidebar":"customizer","zakra_transparent_header":"customizer","zakra_logo":0,"zakra_main_header_style":"default","zakra_menu_item_color":"","zakra_menu_item_hover_color":"","zakra_menu_item_active_color":"","zakra_menu_active_style":"","zakra_page_header":true,"footnotes":""},"class_list":["post-1505","page","type-page","status-publish","hentry"],"_links":{"self":[{"href":"https:\/\/hul2.mendelu.cz\/index.php?rest_route=\/wp\/v2\/pages\/1505","targetHints":{"allow":["GET"]}}],"collection":[{"href":"https:\/\/hul2.mendelu.cz\/index.php?rest_route=\/wp\/v2\/pages"}],"about":[{"href":"https:\/\/hul2.mendelu.cz\/index.php?rest_route=\/wp\/v2\/types\/page"}],"author":[{"embeddable":true,"href":"https:\/\/hul2.mendelu.cz\/index.php?rest_route=\/wp\/v2\/users\/4"}],"replies":[{"embeddable":true,"href":"https:\/\/hul2.mendelu.cz\/index.php?rest_route=%2Fwp%2Fv2%2Fcomments&post=1505"}],"version-history":[{"count":11,"href":"https:\/\/hul2.mendelu.cz\/index.php?rest_route=\/wp\/v2\/pages\/1505\/revisions"}],"predecessor-version":[{"id":2845,"href":"https:\/\/hul2.mendelu.cz\/index.php?rest_route=\/wp\/v2\/pages\/1505\/revisions\/2845"}],"up":[{"embeddable":true,"href":"https:\/\/hul2.mendelu.cz\/index.php?rest_route=\/wp\/v2\/pages\/35"}],"wp:attachment":[{"href":"https:\/\/hul2.mendelu.cz\/index.php?rest_route=%2Fwp%2Fv2%2Fmedia&parent=1505"}],"curies":[{"name":"wp","href":"https:\/\/api.w.org\/{rel}","templated":true}]}}