{"id":1640,"date":"2023-08-15T06:51:41","date_gmt":"2023-08-15T05:51:41","guid":{"rendered":"https:\/\/hul2.mendelu.cz\/?page_id=1640"},"modified":"2023-08-18T06:50:07","modified_gmt":"2023-08-18T05:50:07","slug":"integrativni-lesnictvi","status":"publish","type":"page","link":"https:\/\/hul2.mendelu.cz\/?page_id=1640","title":{"rendered":"Integrativn\u00ed lesnictv\u00ed"},"content":{"rendered":"\n<p><strong>V\u00fdchoz\u00ed zdroj ke studiu<\/strong>: Kraus, D., &amp; Krumm, F. (2013). <a href=\"https:\/\/hul2.mendelu.cz\/wp-content\/uploads\/2023\/08\/integrate_book_2013.pdf\">Integrative approaches as an opportunity for the conservation of forest biodiversity<\/a> (D. Kraus &amp; F. Krumm, Eds.). European Forest Institute. 284 pp.<\/p>\n<p>Str\u00e1nka odkazuje na podn\u011btn\u00e9 a d\u016fle\u017eit\u00e9 \u010d\u00e1sti knihy (p\u0159\u00edp. jejich stru\u010dn\u00e9 vysv\u011btlen\u00ed). P\u0159edpokl\u00e1d\u00e1 se prodiskutov\u00e1n\u00ed l\u00e1tky na p\u0159edn\u00e1\u0161k\u00e1ch. <\/p>\n<p><strong>Bli\u017e\u0161\u00ed informace jsou uvedeny na konkr\u00e9tn\u00edch str\u00e1nk\u00e1ch<\/strong> <strong>problematiky &#8222;Integrativn\u00ed lesnictv\u00ed&#8220;.\u00a0<\/strong> <\/p>\n<h1>Obsah<\/h1>\n<ol>\n<li><strong>To integrate or to segregate: balancing commodity production and biodiversity conservation in European forests<\/strong> (Integrovat nebo segregovat: vyv\u00e1\u017een\u00ed produkce komodit a zachov\u00e1n\u00ed biologick\u00e9 rozmanitosti v evropsk\u00fdch les\u00edch, s. 18)<\/li>\n<li><strong>European initiatives on criteria and indicators for forest biodiversity<\/strong> (Evropsk\u00e9 iniciativy t\u00fdkaj\u00edc\u00ed se krit\u00e9ri\u00ed a ukazatel\u016f biologick\u00e9 rozmanitosti les\u016f, s. 32)<\/li>\n<li><strong>Silvicultural systems and multiple service forestry<\/strong> (P\u011bstebn\u00ed syst\u00e9my a v\u00edce\u00fa\u010delov\u00e9 lesnictv\u00ed, s. 64)<\/li>\n<li><strong>Habitat trees: key elements for forest biodiversity<\/strong> (Biotopov\u00e9 stromy: kl\u00ed\u010dov\u00e9 prvky pro biologickou rozmanitost les\u016f, s. 84)<\/li>\n<li><strong>The functional role of biodiversity in forests<\/strong> (Funk\u010dn\u00ed \u00faloha biodiverzity v les\u00edch, s. 216)<\/li>\n<\/ol>\n<p>\u00a0<\/p>\n","protected":false},"excerpt":{"rendered":"<p>V\u00fdchoz\u00ed zdroj ke studiu: Kraus, D., &amp; Krumm, F. (2013). Integrative approaches as an opportunity for the conservation of forest biodiversity (D. Kraus &amp; F. Krumm, Eds.). European Forest Institute. 284 pp. Str\u00e1nka odkazuje na podn\u011btn\u00e9 a d\u016fle\u017eit\u00e9 \u010d\u00e1sti knihy (p\u0159\u00edp. jejich stru\u010dn\u00e9 vysv\u011btlen\u00ed). P\u0159edpokl\u00e1d\u00e1 se prodiskutov\u00e1n\u00ed l\u00e1tky na p\u0159edn\u00e1\u0161k\u00e1ch. Bli\u017e\u0161\u00ed informace jsou uvedeny na [&hellip;]<\/p>\n","protected":false},"author":4,"featured_media":0,"parent":125,"menu_order":0,"comment_status":"closed","ping_status":"closed","template":"","meta":{"zakra_page_container_layout":"customizer","zakra_page_sidebar_layout":"customizer","zakra_remove_content_margin":false,"zakra_sidebar":"customizer","zakra_transparent_header":"customizer","zakra_logo":0,"zakra_main_header_style":"default","zakra_menu_item_color":"","zakra_menu_item_hover_color":"","zakra_menu_item_active_color":"","zakra_menu_active_style":"","zakra_page_header":true,"footnotes":""},"class_list":["post-1640","page","type-page","status-publish","hentry"],"_links":{"self":[{"href":"https:\/\/hul2.mendelu.cz\/index.php?rest_route=\/wp\/v2\/pages\/1640","targetHints":{"allow":["GET"]}}],"collection":[{"href":"https:\/\/hul2.mendelu.cz\/index.php?rest_route=\/wp\/v2\/pages"}],"about":[{"href":"https:\/\/hul2.mendelu.cz\/index.php?rest_route=\/wp\/v2\/types\/page"}],"author":[{"embeddable":true,"href":"https:\/\/hul2.mendelu.cz\/index.php?rest_route=\/wp\/v2\/users\/4"}],"replies":[{"embeddable":true,"href":"https:\/\/hul2.mendelu.cz\/index.php?rest_route=%2Fwp%2Fv2%2Fcomments&post=1640"}],"version-history":[{"count":5,"href":"https:\/\/hul2.mendelu.cz\/index.php?rest_route=\/wp\/v2\/pages\/1640\/revisions"}],"predecessor-version":[{"id":2029,"href":"https:\/\/hul2.mendelu.cz\/index.php?rest_route=\/wp\/v2\/pages\/1640\/revisions\/2029"}],"up":[{"embeddable":true,"href":"https:\/\/hul2.mendelu.cz\/index.php?rest_route=\/wp\/v2\/pages\/125"}],"wp:attachment":[{"href":"https:\/\/hul2.mendelu.cz\/index.php?rest_route=%2Fwp%2Fv2%2Fmedia&parent=1640"}],"curies":[{"name":"wp","href":"https:\/\/api.w.org\/{rel}","templated":true}]}}