{"id":1650,"date":"2023-08-15T07:25:24","date_gmt":"2023-08-15T06:25:24","guid":{"rendered":"https:\/\/hul2.mendelu.cz\/?page_id=1650"},"modified":"2023-08-19T08:51:54","modified_gmt":"2023-08-19T07:51:54","slug":"evropske-iniciativy-tykajici-se-kriterii-a-ukazatelu-biologicke-rozmanitosti-lesu","status":"publish","type":"page","link":"https:\/\/hul2.mendelu.cz\/?page_id=1650","title":{"rendered":"Evropsk\u00e9 iniciativy t\u00fdkaj\u00edc\u00ed se krit\u00e9ri\u00ed a ukazatel\u016f biologick\u00e9 rozmanitosti les\u016f"},"content":{"rendered":"\n<p>Obsah str\u00e1nky je v\u00fdtahem adekv\u00e1tn\u00ed \u010d\u00e1sti kapitoly, kter\u00e1 je uvedena v n\u00e1sleduj\u00edc\u00ed origin\u00e1ln\u00ed publikaci: <em><a href=\"https:\/\/hul2.mendelu.cz\/wp-content\/uploads\/2023\/08\/integrate_book_2013.pdf\">Integrative approaches as an opportunity for the conservation of forest biodiversity<\/a><\/em>. Doporu\u010den\u00e1 citace uveden\u00e9 publikace: Kraus D., Krumm F. (eds) 2013. Integrative approaches as an opportunity<br \/>for the conservation of forest biodiversity. European Forest Institute. 284 pp.<\/p>\n<hr \/>\n<p>\u00dakolem je sladit zaveden\u00e9 n\u00e1stroje pro hodnocen\u00ed a m\u011b\u0159en\u00ed biodiverzity lesa s c\u00edlem z\u00edskat vyv\u00e1\u017een\u00e9, politicky relevantn\u00ed, v\u011bdecky podlo\u017een\u00e9 a prakticky ov\u011b\u0159iteleln\u00e9 informace.<\/p>\n<p>V <a href=\"https:\/\/hul2.mendelu.cz\/wp-content\/uploads\/2023\/08\/integrate_book_2013.pdf\">doporu\u010den\u00e9 knize ke studiu<\/a> jsou uv\u00e1d\u011bny indik\u00e1tory pan-European FOREST EUROPE, kter\u00e9 v\u0161ak zahrnuj\u00ed pouze indik\u00e1tory pro biodiverzitu. Tyto indik\u00e1tory jsou d\u00e1le srovn\u00e1v\u00e1ny s indik\u00e1tory podle European Environment Agency (EEA) na s. 38.<\/p>\n<p>Z tohoto d\u016fvodu:<\/p>\n<ul style=\"list-style-type: circle;\">\n<li>p\u0159id\u00e1v\u00e1me zde odkaz na dokument, kter\u00fd obsahuje \u00fapln\u00fd v\u00fd\u010det krit\u00e9ri\u00ed a indik\u00e1tor\u016f <a href=\"https:\/\/hul2.mendelu.cz\/wp-content\/uploads\/2023\/08\/CI_4pages_Com-1.pdf\">ke sta\u017een\u00ed<\/a>,<\/li>\n<li>grafick\u00e9 vyhodncoen\u00ed krit\u00e9ri\u00ed a indik\u00e1tor\u016f FOREST EUROPE naleznete <a href=\"https:\/\/foresteurope.org\/state-of-europes-forests\/\">pod t\u00edmto odkazem<\/a>.<\/li>\n<\/ul>\n<p><a href=\"https:\/\/hul2.mendelu.cz\/wp-content\/uploads\/2023\/08\/Screenshot-2023-08-18-at-15-02-15-untitled-11._green_economy-workshop_final_Forest_Europe.pdf.png\" target=\"_blank\" rel=\"noopener\"><img decoding=\"async\" src=\"https:\/\/hul2.mendelu.cz\/wp-content\/uploads\/2023\/08\/Screenshot-2023-08-18-at-15-02-15-untitled-11._green_economy-workshop_final_Forest_Europe.pdf.png\" \/><\/a><\/p>\n<p style=\"text-align: center;\">pro zv\u011bt\u0161en\u00ed klikni na obr\u00e1zek<\/p>\n<p>\u00a0<\/p>\n<p>\u00a0<\/p>\n<p>\u00a0<\/p>\n","protected":false},"excerpt":{"rendered":"<p>Obsah str\u00e1nky je v\u00fdtahem adekv\u00e1tn\u00ed \u010d\u00e1sti kapitoly, kter\u00e1 je uvedena v n\u00e1sleduj\u00edc\u00ed origin\u00e1ln\u00ed publikaci: Integrative approaches as an opportunity for the conservation of forest biodiversity. Doporu\u010den\u00e1 citace uveden\u00e9 publikace: Kraus D., Krumm F. (eds) 2013. Integrative approaches as an opportunityfor the conservation of forest biodiversity. European Forest Institute. 284 pp. \u00dakolem je sladit zaveden\u00e9 n\u00e1stroje [&hellip;]<\/p>\n","protected":false},"author":4,"featured_media":0,"parent":1640,"menu_order":0,"comment_status":"closed","ping_status":"closed","template":"","meta":{"zakra_page_container_layout":"customizer","zakra_page_sidebar_layout":"customizer","zakra_remove_content_margin":false,"zakra_sidebar":"customizer","zakra_transparent_header":"customizer","zakra_logo":0,"zakra_main_header_style":"default","zakra_menu_item_color":"","zakra_menu_item_hover_color":"","zakra_menu_item_active_color":"","zakra_menu_active_style":"","zakra_page_header":true,"footnotes":""},"class_list":["post-1650","page","type-page","status-publish","hentry"],"_links":{"self":[{"href":"https:\/\/hul2.mendelu.cz\/index.php?rest_route=\/wp\/v2\/pages\/1650","targetHints":{"allow":["GET"]}}],"collection":[{"href":"https:\/\/hul2.mendelu.cz\/index.php?rest_route=\/wp\/v2\/pages"}],"about":[{"href":"https:\/\/hul2.mendelu.cz\/index.php?rest_route=\/wp\/v2\/types\/page"}],"author":[{"embeddable":true,"href":"https:\/\/hul2.mendelu.cz\/index.php?rest_route=\/wp\/v2\/users\/4"}],"replies":[{"embeddable":true,"href":"https:\/\/hul2.mendelu.cz\/index.php?rest_route=%2Fwp%2Fv2%2Fcomments&post=1650"}],"version-history":[{"count":7,"href":"https:\/\/hul2.mendelu.cz\/index.php?rest_route=\/wp\/v2\/pages\/1650\/revisions"}],"predecessor-version":[{"id":2204,"href":"https:\/\/hul2.mendelu.cz\/index.php?rest_route=\/wp\/v2\/pages\/1650\/revisions\/2204"}],"up":[{"embeddable":true,"href":"https:\/\/hul2.mendelu.cz\/index.php?rest_route=\/wp\/v2\/pages\/1640"}],"wp:attachment":[{"href":"https:\/\/hul2.mendelu.cz\/index.php?rest_route=%2Fwp%2Fv2%2Fmedia&parent=1650"}],"curies":[{"name":"wp","href":"https:\/\/api.w.org\/{rel}","templated":true}]}}