{"id":1660,"date":"2023-08-15T07:47:09","date_gmt":"2023-08-15T06:47:09","guid":{"rendered":"https:\/\/hul2.mendelu.cz\/?page_id=1660"},"modified":"2023-08-15T07:49:04","modified_gmt":"2023-08-15T06:49:04","slug":"funkcni-uloha-biodiverzity-v-lesich","status":"publish","type":"page","link":"https:\/\/hul2.mendelu.cz\/?page_id=1660","title":{"rendered":"Funk\u010dn\u00ed \u00faloha biodiverzity v les\u00edch"},"content":{"rendered":"\n<p>Zm\u011bna biologick\u00e9 rozmanitosti m\u00e1 pro ekosyst\u00e9my n\u011bkolik d\u016fsledk\u016f.<\/p>\n","protected":false},"excerpt":{"rendered":"<p>Zm\u011bna biologick\u00e9 rozmanitosti m\u00e1 pro ekosyst\u00e9my n\u011bkolik d\u016fsledk\u016f.<\/p>\n","protected":false},"author":4,"featured_media":0,"parent":1640,"menu_order":0,"comment_status":"closed","ping_status":"closed","template":"","meta":{"zakra_page_container_layout":"customizer","zakra_page_sidebar_layout":"customizer","zakra_remove_content_margin":false,"zakra_sidebar":"customizer","zakra_transparent_header":"customizer","zakra_logo":0,"zakra_main_header_style":"default","zakra_menu_item_color":"","zakra_menu_item_hover_color":"","zakra_menu_item_active_color":"","zakra_menu_active_style":"","zakra_page_header":true,"footnotes":""},"class_list":["post-1660","page","type-page","status-publish","hentry"],"_links":{"self":[{"href":"https:\/\/hul2.mendelu.cz\/index.php?rest_route=\/wp\/v2\/pages\/1660","targetHints":{"allow":["GET"]}}],"collection":[{"href":"https:\/\/hul2.mendelu.cz\/index.php?rest_route=\/wp\/v2\/pages"}],"about":[{"href":"https:\/\/hul2.mendelu.cz\/index.php?rest_route=\/wp\/v2\/types\/page"}],"author":[{"embeddable":true,"href":"https:\/\/hul2.mendelu.cz\/index.php?rest_route=\/wp\/v2\/users\/4"}],"replies":[{"embeddable":true,"href":"https:\/\/hul2.mendelu.cz\/index.php?rest_route=%2Fwp%2Fv2%2Fcomments&post=1660"}],"version-history":[{"count":2,"href":"https:\/\/hul2.mendelu.cz\/index.php?rest_route=\/wp\/v2\/pages\/1660\/revisions"}],"predecessor-version":[{"id":1663,"href":"https:\/\/hul2.mendelu.cz\/index.php?rest_route=\/wp\/v2\/pages\/1660\/revisions\/1663"}],"up":[{"embeddable":true,"href":"https:\/\/hul2.mendelu.cz\/index.php?rest_route=\/wp\/v2\/pages\/1640"}],"wp:attachment":[{"href":"https:\/\/hul2.mendelu.cz\/index.php?rest_route=%2Fwp%2Fv2%2Fmedia&parent=1660"}],"curies":[{"name":"wp","href":"https:\/\/api.w.org\/{rel}","templated":true}]}}