{"id":1666,"date":"2023-08-15T08:26:13","date_gmt":"2023-08-15T07:26:13","guid":{"rendered":"https:\/\/hul2.mendelu.cz\/?page_id=1666"},"modified":"2023-08-18T06:51:15","modified_gmt":"2023-08-18T05:51:15","slug":"vybrane-lesnicky-orientovane-managementove-systemy-podporujici-biodiverzitu","status":"publish","type":"page","link":"https:\/\/hul2.mendelu.cz\/?page_id=1666","title":{"rendered":"Vybran\u00e9 lesnicky orientovan\u00e9 managementov\u00e9 syst\u00e9my podporuj\u00edc\u00ed biodiverzitu"},"content":{"rendered":"\n<p><strong>V\u00fdchoz\u00ed zdroj ke studiu<\/strong>: Rotter, P., &amp; Purchart, L. (2023). <em><a href=\"https:\/\/hul2.mendelu.cz\/wp-content\/uploads\/2023\/08\/Ekologie-lesa_kniha.pdf\">Ekologie lesa<\/a><\/em>. Mendelova univerzita v Brn\u011b. https:\/\/doi.org\/10.11118\/978-80-7509-927-3. <\/p>\n\n\n\n<p>Str\u00e1nka odkazuje na podn\u011btn\u00e9 a d\u016fle\u017eit\u00e9 \u010d\u00e1sti knihy (p\u0159\u00edp. jejich stru\u010dn\u00e9 vysv\u011btlen\u00ed). P\u0159edpokl\u00e1d\u00e1 se prodiskutov\u00e1n\u00ed l\u00e1tky na p\u0159edn\u00e1\u0161k\u00e1ch. <\/p>\n\n\n\n<p><strong>Bli\u017e\u0161\u00ed informace jsou uvedeny na konkr\u00e9tn\u00edch str\u00e1nk\u00e1ch<\/strong> <strong>problematiky &#8222;Vybran\u00e9 lesnicky orientovan\u00e9 managementov\u00e9 syst\u00e9my podporuj\u00edc\u00ed biodiverzitu&#8220;. <\/strong><\/p>\n\n\n\n<h1>Obsah<\/h1>\n\n\n\n<p>Jedn\u00e1 se o v\u00fdb\u011br lesnicky orientovan\u00fdch managementov\u00fdch syst\u00e9m\u016f, kter\u00e9 deklaruj\u00ed podporu biodiverzity. Celkem se jedn\u00e1 o sedm syst\u00e9m\u016f, p\u0159i\u010dem\u017e prvn\u00ed dva (p\u0159\u00edrod\u011b bl\u00edzk\u00e9 lesnictv\u00ed a Dauerwald) nejsou prim\u00e1rn\u011b zam\u011b\u0159eny na biodiverzitu. P\u0159edstavuj\u00ed v\u0161ak jak\u00fdsi \u201ep\u0159edstupe\u0148\u201c mo\u017en\u00e9 podpory biodiverzity hospoda\u0159en\u00edm, a proto jsou zde takt\u00e9\u017e zahrnuty: <\/p>\n\n\n\n<ol class=\"wp-block-list\">\n<li>P\u0159\u00edrod\u011b bl\u00edzk\u00e9 lesnictv\u00ed (close-to-nature forestry\/silviculture)<\/li>\n\n\n\n<li>Dauerwald (nepase\u010dn\u00e9 lesnictv\u00ed, continuous-cover forestry)<\/li>\n\n\n\n<li>Ekologick\u00e9 lesnictv\u00ed<\/li>\n\n\n\n<li>Reten\u010dn\u00ed lesnictv\u00ed<\/li>\n\n\n\n<li>Integrativn\u00ed lesnictv\u00ed<\/li>\n\n\n\n<li>Syst\u00e9m TRIAD (v\u010detn\u011b biologick\u00e9ho d\u011bdictv\u00ed) \u2013 rozd\u011blen\u00ed krajiny do t\u0159\u00ed typ\u016f managementu<\/li>\n\n\n\n<li>Tradi\u010dn\u00ed (lesnick\u00e9) managementy<\/li>\n<\/ol>\n\n\n\n<p><\/p>\n","protected":false},"excerpt":{"rendered":"<p>V\u00fdchoz\u00ed zdroj ke studiu: Rotter, P., &amp; Purchart, L. (2023). Ekologie lesa. Mendelova univerzita v Brn\u011b. https:\/\/doi.org\/10.11118\/978-80-7509-927-3. Str\u00e1nka odkazuje na podn\u011btn\u00e9 a d\u016fle\u017eit\u00e9 \u010d\u00e1sti knihy (p\u0159\u00edp. jejich stru\u010dn\u00e9 vysv\u011btlen\u00ed). P\u0159edpokl\u00e1d\u00e1 se prodiskutov\u00e1n\u00ed l\u00e1tky na p\u0159edn\u00e1\u0161k\u00e1ch. Bli\u017e\u0161\u00ed informace jsou uvedeny na konkr\u00e9tn\u00edch str\u00e1nk\u00e1ch problematiky &#8222;Vybran\u00e9 lesnicky orientovan\u00e9 managementov\u00e9 syst\u00e9my podporuj\u00edc\u00ed biodiverzitu&#8220;. Obsah Jedn\u00e1 se o v\u00fdb\u011br [&hellip;]<\/p>\n","protected":false},"author":4,"featured_media":0,"parent":125,"menu_order":0,"comment_status":"closed","ping_status":"closed","template":"","meta":{"zakra_page_container_layout":"customizer","zakra_page_sidebar_layout":"customizer","zakra_remove_content_margin":false,"zakra_sidebar":"customizer","zakra_transparent_header":"customizer","zakra_logo":0,"zakra_main_header_style":"default","zakra_menu_item_color":"","zakra_menu_item_hover_color":"","zakra_menu_item_active_color":"","zakra_menu_active_style":"","zakra_page_header":true,"footnotes":""},"class_list":["post-1666","page","type-page","status-publish","hentry"],"_links":{"self":[{"href":"https:\/\/hul2.mendelu.cz\/index.php?rest_route=\/wp\/v2\/pages\/1666","targetHints":{"allow":["GET"]}}],"collection":[{"href":"https:\/\/hul2.mendelu.cz\/index.php?rest_route=\/wp\/v2\/pages"}],"about":[{"href":"https:\/\/hul2.mendelu.cz\/index.php?rest_route=\/wp\/v2\/types\/page"}],"author":[{"embeddable":true,"href":"https:\/\/hul2.mendelu.cz\/index.php?rest_route=\/wp\/v2\/users\/4"}],"replies":[{"embeddable":true,"href":"https:\/\/hul2.mendelu.cz\/index.php?rest_route=%2Fwp%2Fv2%2Fcomments&post=1666"}],"version-history":[{"count":4,"href":"https:\/\/hul2.mendelu.cz\/index.php?rest_route=\/wp\/v2\/pages\/1666\/revisions"}],"predecessor-version":[{"id":2030,"href":"https:\/\/hul2.mendelu.cz\/index.php?rest_route=\/wp\/v2\/pages\/1666\/revisions\/2030"}],"up":[{"embeddable":true,"href":"https:\/\/hul2.mendelu.cz\/index.php?rest_route=\/wp\/v2\/pages\/125"}],"wp:attachment":[{"href":"https:\/\/hul2.mendelu.cz\/index.php?rest_route=%2Fwp%2Fv2%2Fmedia&parent=1666"}],"curies":[{"name":"wp","href":"https:\/\/api.w.org\/{rel}","templated":true}]}}