{"id":1675,"date":"2023-08-15T08:57:05","date_gmt":"2023-08-15T07:57:05","guid":{"rendered":"https:\/\/hul2.mendelu.cz\/?page_id=1675"},"modified":"2023-08-19T08:57:25","modified_gmt":"2023-08-19T07:57:25","slug":"dauerwald","status":"publish","type":"page","link":"https:\/\/hul2.mendelu.cz\/?page_id=1675","title":{"rendered":"Dauerwald"},"content":{"rendered":"\n<p>Obsah str\u00e1nky je p\u0159ekladem vybran\u00fdch \u010d\u00e1st\u00ed kapitoly, kter\u00e1 je uvedena v n\u00e1sleduj\u00edc\u00edcm origin\u00e1ln\u00edm zdroji, publikaci: <em><a href=\"https:\/\/hul2.mendelu.cz\/wp-content\/uploads\/2023\/08\/Ekologie-lesa_kniha.pdf\">Ekologie lesa<\/a><\/em>. Doporu\u010den\u00e1 citace: Rotter, P., &amp; Purchart, L. (2023). <em>Ekologie lesa<\/em>. Mendelova univerzita v Brn\u011b. https:\/\/doi.org\/10.11118\/978-80-7509-927-3.<\/p>\n<hr \/>\n<p>Alternativa k hospoda\u0159en\u00ed zalo\u017een\u00e9mu na stejnov\u011bk\u00fdch monokultur\u00e1ch. Jedn\u00e1 se o syst\u00e9m zam\u011b\u0159en\u00fd takt\u00e9\u017e na produkci kvalitn\u00edho d\u0159\u00edv\u00ed (jako p\u0159\u00edrod\u011b bl\u00edzk\u00e9 lesnictv\u00ed), kter\u00fd v\u0161ak k realizaci c\u00edl\u016f hospoda\u0159en\u00ed nevyu\u017e\u00edv\u00e1 pouze v\u00fdb\u011brn\u00fd hospod\u00e1\u0159sk\u00fd zp\u016fsob, n\u00fdbr\u017e kombinaci v\u0161ech hospod\u00e1\u0159sk\u00fdch zp\u016fsob\u016f (holose\u010dn\u00fd, podrostn\u00ed, n\u00e1se\u010dn\u00fd a v\u00fdb\u011brn\u00fd).<\/p>\n","protected":false},"excerpt":{"rendered":"<p>Obsah str\u00e1nky je p\u0159ekladem vybran\u00fdch \u010d\u00e1st\u00ed kapitoly, kter\u00e1 je uvedena v n\u00e1sleduj\u00edc\u00edcm origin\u00e1ln\u00edm zdroji, publikaci: Ekologie lesa. Doporu\u010den\u00e1 citace: Rotter, P., &amp; Purchart, L. (2023). Ekologie lesa. Mendelova univerzita v Brn\u011b. https:\/\/doi.org\/10.11118\/978-80-7509-927-3. Alternativa k hospoda\u0159en\u00ed zalo\u017een\u00e9mu na stejnov\u011bk\u00fdch monokultur\u00e1ch. Jedn\u00e1 se o syst\u00e9m zam\u011b\u0159en\u00fd takt\u00e9\u017e na produkci kvalitn\u00edho d\u0159\u00edv\u00ed (jako p\u0159\u00edrod\u011b bl\u00edzk\u00e9 lesnictv\u00ed), kter\u00fd v\u0161ak [&hellip;]<\/p>\n","protected":false},"author":4,"featured_media":0,"parent":1666,"menu_order":0,"comment_status":"closed","ping_status":"closed","template":"","meta":{"zakra_page_container_layout":"customizer","zakra_page_sidebar_layout":"customizer","zakra_remove_content_margin":false,"zakra_sidebar":"customizer","zakra_transparent_header":"customizer","zakra_logo":0,"zakra_main_header_style":"default","zakra_menu_item_color":"","zakra_menu_item_hover_color":"","zakra_menu_item_active_color":"","zakra_menu_active_style":"","zakra_page_header":true,"footnotes":""},"class_list":["post-1675","page","type-page","status-publish","hentry"],"_links":{"self":[{"href":"https:\/\/hul2.mendelu.cz\/index.php?rest_route=\/wp\/v2\/pages\/1675","targetHints":{"allow":["GET"]}}],"collection":[{"href":"https:\/\/hul2.mendelu.cz\/index.php?rest_route=\/wp\/v2\/pages"}],"about":[{"href":"https:\/\/hul2.mendelu.cz\/index.php?rest_route=\/wp\/v2\/types\/page"}],"author":[{"embeddable":true,"href":"https:\/\/hul2.mendelu.cz\/index.php?rest_route=\/wp\/v2\/users\/4"}],"replies":[{"embeddable":true,"href":"https:\/\/hul2.mendelu.cz\/index.php?rest_route=%2Fwp%2Fv2%2Fcomments&post=1675"}],"version-history":[{"count":2,"href":"https:\/\/hul2.mendelu.cz\/index.php?rest_route=\/wp\/v2\/pages\/1675\/revisions"}],"predecessor-version":[{"id":2208,"href":"https:\/\/hul2.mendelu.cz\/index.php?rest_route=\/wp\/v2\/pages\/1675\/revisions\/2208"}],"up":[{"embeddable":true,"href":"https:\/\/hul2.mendelu.cz\/index.php?rest_route=\/wp\/v2\/pages\/1666"}],"wp:attachment":[{"href":"https:\/\/hul2.mendelu.cz\/index.php?rest_route=%2Fwp%2Fv2%2Fmedia&parent=1675"}],"curies":[{"name":"wp","href":"https:\/\/api.w.org\/{rel}","templated":true}]}}