{"id":1679,"date":"2023-08-15T09:01:57","date_gmt":"2023-08-15T08:01:57","guid":{"rendered":"https:\/\/hul2.mendelu.cz\/?page_id=1679"},"modified":"2023-08-19T08:57:59","modified_gmt":"2023-08-19T07:57:59","slug":"ekologicke-lesnictvi","status":"publish","type":"page","link":"https:\/\/hul2.mendelu.cz\/?page_id=1679","title":{"rendered":"Ekologick\u00e9 lesnictv\u00ed"},"content":{"rendered":"\n<p>Obsah str\u00e1nky je p\u0159ekladem vybran\u00fdch \u010d\u00e1st\u00ed kapitoly, kter\u00e1 je uvedena v n\u00e1sleduj\u00edc\u00edcm origin\u00e1ln\u00edm zdroji, publikaci: <em><a href=\"https:\/\/hul2.mendelu.cz\/wp-content\/uploads\/2023\/08\/Ekologie-lesa_kniha.pdf\">Ekologie lesa<\/a><\/em>. Doporu\u010den\u00e1 citace: Rotter, P., &amp; Purchart, L. (2023). <em>Ekologie lesa<\/em>. Mendelova univerzita v Brn\u011b. https:\/\/doi.org\/10.11118\/978-80-7509-927-3.<\/p>\n<hr \/>\n<p>Ekologick\u00e9 lesnictv\u00ed je zalo\u017eeno na napodoben\u00ed p\u0159irozen\u00fdch disturbanc\u00ed, zejm\u00e9na ve smyslu intenzity, variability a na\u010dasov\u00e1n\u00ed t\u011b\u017eebn\u00edch z\u00e1sah\u016f, d\u00e1le pak ve smyslu struktur zachov\u00e1van\u00fdch po t\u011b\u017eebn\u00edch z\u00e1saz\u00edch. Jedn\u00e1 se o p\u0159\u00edstup lesnick\u00e9ho managementu, kter\u00fd si klade za c\u00edl chr\u00e1nit a podpo\u0159it biodiverzitu. Ekologick\u00e9 lesnictv\u00ed tvo\u0159\u00ed alternativu k p\u0159\u00edstup\u016fm zam\u011b\u0159en\u00fdm prim\u00e1rn\u011b na produkci komodit.<\/p>\n","protected":false},"excerpt":{"rendered":"<p>Obsah str\u00e1nky je p\u0159ekladem vybran\u00fdch \u010d\u00e1st\u00ed kapitoly, kter\u00e1 je uvedena v n\u00e1sleduj\u00edc\u00edcm origin\u00e1ln\u00edm zdroji, publikaci: Ekologie lesa. Doporu\u010den\u00e1 citace: Rotter, P., &amp; Purchart, L. (2023). Ekologie lesa. Mendelova univerzita v Brn\u011b. https:\/\/doi.org\/10.11118\/978-80-7509-927-3. Ekologick\u00e9 lesnictv\u00ed je zalo\u017eeno na napodoben\u00ed p\u0159irozen\u00fdch disturbanc\u00ed, zejm\u00e9na ve smyslu intenzity, variability a na\u010dasov\u00e1n\u00ed t\u011b\u017eebn\u00edch z\u00e1sah\u016f, d\u00e1le pak ve smyslu struktur zachov\u00e1van\u00fdch [&hellip;]<\/p>\n","protected":false},"author":4,"featured_media":0,"parent":1666,"menu_order":0,"comment_status":"closed","ping_status":"closed","template":"","meta":{"zakra_page_container_layout":"customizer","zakra_page_sidebar_layout":"customizer","zakra_remove_content_margin":false,"zakra_sidebar":"customizer","zakra_transparent_header":"customizer","zakra_logo":0,"zakra_main_header_style":"default","zakra_menu_item_color":"","zakra_menu_item_hover_color":"","zakra_menu_item_active_color":"","zakra_menu_active_style":"","zakra_page_header":true,"footnotes":""},"class_list":["post-1679","page","type-page","status-publish","hentry"],"_links":{"self":[{"href":"https:\/\/hul2.mendelu.cz\/index.php?rest_route=\/wp\/v2\/pages\/1679","targetHints":{"allow":["GET"]}}],"collection":[{"href":"https:\/\/hul2.mendelu.cz\/index.php?rest_route=\/wp\/v2\/pages"}],"about":[{"href":"https:\/\/hul2.mendelu.cz\/index.php?rest_route=\/wp\/v2\/types\/page"}],"author":[{"embeddable":true,"href":"https:\/\/hul2.mendelu.cz\/index.php?rest_route=\/wp\/v2\/users\/4"}],"replies":[{"embeddable":true,"href":"https:\/\/hul2.mendelu.cz\/index.php?rest_route=%2Fwp%2Fv2%2Fcomments&post=1679"}],"version-history":[{"count":2,"href":"https:\/\/hul2.mendelu.cz\/index.php?rest_route=\/wp\/v2\/pages\/1679\/revisions"}],"predecessor-version":[{"id":2209,"href":"https:\/\/hul2.mendelu.cz\/index.php?rest_route=\/wp\/v2\/pages\/1679\/revisions\/2209"}],"up":[{"embeddable":true,"href":"https:\/\/hul2.mendelu.cz\/index.php?rest_route=\/wp\/v2\/pages\/1666"}],"wp:attachment":[{"href":"https:\/\/hul2.mendelu.cz\/index.php?rest_route=%2Fwp%2Fv2%2Fmedia&parent=1679"}],"curies":[{"name":"wp","href":"https:\/\/api.w.org\/{rel}","templated":true}]}}