{"id":1684,"date":"2023-08-15T09:11:15","date_gmt":"2023-08-15T08:11:15","guid":{"rendered":"https:\/\/hul2.mendelu.cz\/?page_id=1684"},"modified":"2023-10-02T08:16:26","modified_gmt":"2023-10-02T07:16:26","slug":"marteloskop-co-to-je","status":"publish","type":"page","link":"https:\/\/hul2.mendelu.cz\/?page_id=1684","title":{"rendered":"Marteloskop &#8211; co to je?"},"content":{"rendered":"\n<p>Co to Marteloskop je, vysv\u011btluje n\u00e1sleduj\u00edc\u00ed kr\u00e1tk\u00e9 video: <a href=\"https:\/\/www.youtube.com\/watch?v=drRlEhYK4_0&amp;ab_channel=EuropeanForestInstitute\">30&#8243; Challenge: What&#8217;s a marteloscope?<\/a><\/p>\n\n\n\n<p>Proto\u017ee p\u0159edpokl\u00e1d\u00e1dme, \u017ee budeme s Marteloskopy v r\u00e1mci na\u0161ich cvi\u010den\u00ed z p\u0159edm\u011btu pracovat, shl\u00e9dn\u011bte je\u0161t\u011b jedno instrukt\u00e1\u017en\u00ed video: <a href=\"https:\/\/www.youtube.com\/watch?v=XnvrwsQMZok&amp;t=13s&amp;ab_channel=EuropeanForestInstitute\">Virtual Fieldtrip: Marteloskopes<\/a>. <\/p>\n\n\n\n<p>Marteloskopy jsou ji\u017e dob\u0159e zn\u00e1m\u00fdm p\u0159\u00edstupem v lesnick\u00e9m v\u00fdcviku na \u00farovni tr\u00e9novac\u00ed plochy, resp. stromu (Bruciamacchie et al. 2006). Tento koncept byl vyvinut ve Francii, ale v sou\u010dasn\u00e9 dob\u011b se pou\u017e\u00edv\u00e1 ve v\u011bt\u0161in\u011b evropsk\u00fdch zem\u00ed od St\u0159edomo\u0159\u00ed po Skandin\u00e1vii. Pro ka\u017ed\u00fd jednotliv\u00fd strom na k dan\u00e9mu \u00fa\u010delu vytvo\u0159en\u00e9 tr\u00e9novac\u00ed plo\u0161e jsou zaznamen\u00e1ny \u00fadaje o poloze, druhu, pr\u016fm\u011bru v prsn\u00ed v\u00fd\u0161ce a v\u00fd\u0161ce stromu.<br>V p\u0159\u00edpad\u011b &#8222;p\u0159\u00edrod\u011b bli\u017e\u0161\u00edho lesn\u00edho hospod\u00e1\u0159stv\u00ed&#8220; lze hodnotit i dal\u0161\u00ed parametry, jako je v\u00fd\u0161ka z\u00e1kladny koruny, mikrobiotopy (mikrostanovi\u0161t\u011b) stromu, kvalita d\u0159eva, mrtv\u00e9 d\u0159evo, uhl\u00edkov\u00e9 ekvivalenty. Marteloskopy lze pou\u017e\u00edt pro r\u016fzn\u00e9 vzd\u011bl\u00e1vac\u00ed c\u00edle zalo\u017een\u00e9 na \u00fa\u010dastn\u00edc\u00edch a jejich zam\u011b\u0159en\u00ed, kte\u0159\u00ed maj\u00ed \u010dasto r\u016fznou odbornou \u00farove\u0148 v oblastech, jako je p\u011bstov\u00e1n\u00ed lesa, produkce d\u0159eva nebo biodiverzita (<a href=\"https:\/\/hul2.mendelu.cz\/wp-content\/uploads\/2023\/08\/Kraus-et-al-2018-Marteloscopes-26-3.pdf\">Kraus et al. 2018<\/a>). Poskytuj\u00ed tak vysoce efektivn\u00ed komunika\u010dn\u00ed platformy, kde se setk\u00e1vaj\u00ed lesn\u00edci, mana\u017ee\u0159i ochrany p\u0159\u00edrody, vlastn\u00edci les\u016f, studenti nebo zainteresovan\u00e9 spole\u010densk\u00e9 skupiny a diskutuj\u00ed o aspektech ekonomick\u00fdch hodnot a hodnot ochrany p\u0159\u00edrody a tak\u00e9 o dopadech mana\u017eersk\u00fdch rozhodnut\u00ed na dal\u0161\u00ed ekosyst\u00e9mov\u00e9 slu\u017eby. S\u00ed\u0165 European Integrate Network rovn\u011b\u017e p\u0159ijala marteloskopy jako komunika\u010dn\u00ed a \u0161kolic\u00ed n\u00e1stroj pro vz\u00e1jemn\u00e9 u\u010den\u00ed na rozhran\u00ed v\u00fdzkumu, politiky a praxe (Schuck et al. 2020). K dne\u0161n\u00edmu dni je sou\u010d\u00e1st\u00ed t\u00e9to s\u00edt\u011b v\u00edce ne\u017e 160 m\u00edst ve 22 zem\u00edch (<a href=\"https:\/\/hul2.mendelu.cz\/wp-content\/uploads\/2023\/08\/Larsen-a-kol_kniha_EFI_fstp_12_2022.pdf\">Larsen et all. 2022<\/a>, s. 53). <\/p>\n\n\n\n<p>V\u00edce informac\u00ed naleznete na n\u00e1sleduj\u00edc\u00edch webov\u00fdch str\u00e1nk\u00e1ch:<\/p>\n\n\n\n<ul class=\"wp-block-list\">\n<li><a href=\"https:\/\/integratenetwork.org\/\">https:\/\/integratenetwork.org\/<\/a><\/li>\n\n\n\n<li><a href=\"https:\/\/informar.eu\/integrate-practice-network\">https:\/\/informar.eu\/integrate-practice-network<\/a><\/li>\n\n\n\n<li><a href=\"http:\/\/iplus.efi.int\/\">http:\/\/iplus.efi.int\/<\/a><\/li>\n\n\n\n<li>Mobiln\u00ed aplikace &#8211;<a href=\"https:\/\/resilience-blog.com\/2023\/07\/27\/share-the-love-for-biodiversity-via-this-new-mobile-phone-application\/\"> mikrobiotopy stromu<\/a> &#8211; <a href=\"https:\/\/lesodiverzita.cz\/\">Lesodiverzita<\/a><\/li>\n\n\n\n<li><a href=\"https:\/\/www.google.com\/url?sa=t&amp;rct=j&amp;q=&amp;esrc=s&amp;source=web&amp;cd=&amp;ved=2ahUKEwiQ4qKLvr6BAxXUhf0HHSkbBeUQFnoECBUQAQ&amp;url=https%3A%2F%2Finformar.eu%2Fsites%2Fdefault%2Ffiles%2Fpdf%2FCatalogue_Tree-Microhabitats_Reference-Field-List_Final_CZ.pdf&amp;usg=AOvVaw0JcR0BFLte3lDw4XhW94ia&amp;opi=89978449\">Seznam stromov\u00fdch mikrobiotop\u016f &#8211; Ter\u00e9nn\u00ed p\u0159\u00edru\u010dka<\/a> (Kraus a kol., 2016). P\u0159eklad: Dr. Lenka Lehnerov\u00e1 (\u00daH\u00daL) a Dr. Lucie V\u00edtkov\u00e1 (EFI)<\/li>\n\n\n\n<li><a href=\"https:\/\/hul2.mendelu.cz\/wp-content\/uploads\/2023\/10\/Butler-2020-Field_guide_to_tree-related_microhabitats.-published_version.pdf\">Field Guide to Tree-related Microhabitats<\/a> (B\u00fctler a kol., 2020)<\/li>\n<\/ul>\n\n\n\n<p><strong>Citovan\u00e1 literatura<\/strong><\/p>\n\n\n\n<ul style=\"list-style-type: circle;\">\n<li>Bruciamacchie, M., 2006. Le marteloscope, un outil pour apprendre la gestion durable \u2013 exemple d\u2019\u00e9valuation de diff\u00e9rents sc\u00e9narios au marteloscope de Zittersheim (Vosges du Nord). In: Valauri D, Andr\u00e9 J, Dodelin B, Eynard Machet R, Rambaud D, editors. Bois mort et \u00e0 cavit\u00e9s \u2013 une cl\u00e9. pour des for\u00eats vivantes.<\/li>\n<li>Kraus, D., Schuck, A., Krumm, F., B\u00fctler, R., Cosyns, H., Courbaud, B., Larrieu, L., Mergner, U., Pyttel, P., Varis, S., Wilhelm, G., Witz, M., Zenner, E. and Zudin, S., 2018. Seeing is building better understanding &#8211; the Integrate+ Marteloscopes. Integrate+ Technical Report. Marteloscopes (2018) 26:3.<\/li>\n<li>Schuck, A., Kraus, D., Krumm, F., Zudin, S., 2020. Marteloscopes \u2013 a key instrument for fact-based learning, understanding, and the exchange of knowledge on forests and their management. In Krumm, F., Schuck, A., Rigling, A. (eds): How to balance forestry and biodiversity conservation \u2013 A view across Europe. European Forest Institute (EFI); Swiss Federal Institute for Forest, Snow and Landscape Research (WSL), Birmendorf. 256-258.<\/li>\n<\/ul>\n","protected":false},"excerpt":{"rendered":"<p>Co to Marteloskop je, vysv\u011btluje n\u00e1sleduj\u00edc\u00ed kr\u00e1tk\u00e9 video: 30&#8243; Challenge: What&#8217;s a marteloscope? Proto\u017ee p\u0159edpokl\u00e1d\u00e1dme, \u017ee budeme s Marteloskopy v r\u00e1mci na\u0161ich cvi\u010den\u00ed z p\u0159edm\u011btu pracovat, shl\u00e9dn\u011bte je\u0161t\u011b jedno instrukt\u00e1\u017en\u00ed video: Virtual Fieldtrip: Marteloskopes. Marteloskopy jsou ji\u017e dob\u0159e zn\u00e1m\u00fdm p\u0159\u00edstupem v lesnick\u00e9m v\u00fdcviku na \u00farovni tr\u00e9novac\u00ed plochy, resp. stromu (Bruciamacchie et al. 2006). Tento koncept [&hellip;]<\/p>\n","protected":false},"author":4,"featured_media":0,"parent":125,"menu_order":0,"comment_status":"closed","ping_status":"closed","template":"","meta":{"zakra_page_container_layout":"customizer","zakra_page_sidebar_layout":"customizer","zakra_remove_content_margin":false,"zakra_sidebar":"customizer","zakra_transparent_header":"customizer","zakra_logo":0,"zakra_main_header_style":"default","zakra_menu_item_color":"","zakra_menu_item_hover_color":"","zakra_menu_item_active_color":"","zakra_menu_active_style":"","zakra_page_header":true,"footnotes":""},"class_list":["post-1684","page","type-page","status-publish","hentry"],"_links":{"self":[{"href":"https:\/\/hul2.mendelu.cz\/index.php?rest_route=\/wp\/v2\/pages\/1684","targetHints":{"allow":["GET"]}}],"collection":[{"href":"https:\/\/hul2.mendelu.cz\/index.php?rest_route=\/wp\/v2\/pages"}],"about":[{"href":"https:\/\/hul2.mendelu.cz\/index.php?rest_route=\/wp\/v2\/types\/page"}],"author":[{"embeddable":true,"href":"https:\/\/hul2.mendelu.cz\/index.php?rest_route=\/wp\/v2\/users\/4"}],"replies":[{"embeddable":true,"href":"https:\/\/hul2.mendelu.cz\/index.php?rest_route=%2Fwp%2Fv2%2Fcomments&post=1684"}],"version-history":[{"count":14,"href":"https:\/\/hul2.mendelu.cz\/index.php?rest_route=\/wp\/v2\/pages\/1684\/revisions"}],"predecessor-version":[{"id":2594,"href":"https:\/\/hul2.mendelu.cz\/index.php?rest_route=\/wp\/v2\/pages\/1684\/revisions\/2594"}],"up":[{"embeddable":true,"href":"https:\/\/hul2.mendelu.cz\/index.php?rest_route=\/wp\/v2\/pages\/125"}],"wp:attachment":[{"href":"https:\/\/hul2.mendelu.cz\/index.php?rest_route=%2Fwp%2Fv2%2Fmedia&parent=1684"}],"curies":[{"name":"wp","href":"https:\/\/api.w.org\/{rel}","templated":true}]}}