{"id":1696,"date":"2023-08-15T09:27:29","date_gmt":"2023-08-15T08:27:29","guid":{"rendered":"https:\/\/hul2.mendelu.cz\/?page_id=1696"},"modified":"2023-08-19T09:00:29","modified_gmt":"2023-08-19T08:00:29","slug":"tradicni-lesnicke-managementy","status":"publish","type":"page","link":"https:\/\/hul2.mendelu.cz\/?page_id=1696","title":{"rendered":"Tradi\u010dn\u00ed (lesnick\u00e9) managementy"},"content":{"rendered":"\n<p>Obsah str\u00e1nky je p\u0159ekladem vybran\u00fdch \u010d\u00e1st\u00ed kapitoly, kter\u00e1 je uvedena v n\u00e1sleduj\u00edc\u00edcm origin\u00e1ln\u00edm zdroji, publikaci: <em><a href=\"https:\/\/hul2.mendelu.cz\/wp-content\/uploads\/2023\/08\/Ekologie-lesa_kniha.pdf\">Ekologie lesa<\/a><\/em>. Doporu\u010den\u00e1 citace: Rotter, P., &amp; Purchart, L. (2023). <em>Ekologie lesa<\/em>. Mendelova univerzita v Brn\u011b. https:\/\/doi.org\/10.11118\/978-80-7509-927-3.<\/p>\n<hr \/>\n<p>Tradi\u010dn\u00ed (resp. historick\u00e9) zp\u016fsoby hospoda\u0159en\u00ed a jejich renesance je v sou\u010dasnosti spojov\u00e1na s obnovou sv\u011btl\u00fdch les\u016f, kter\u00e9 byly v souvislosti s p\u0159evl\u00e1dnut\u00edm hospoda\u0159en\u00edm vysok\u00fdm lesem opu\u0161t\u011bny. \u0158ad\u00edme sem p\u0159edev\u0161\u00edm:<br \/>a) hospoda\u0159en\u00ed v pa\u0159ezin\u00e1ch (n\u00edzk\u00fdch les\u00edch), <br \/>b) hospoda\u0159en\u00ed ve sdru\u017een\u00fdch (st\u0159edn\u00edch) les\u00edch, <br \/>c) lesn\u00ed pastva, <br \/>d) o\u0159ez strom\u016f (pollarding), <br \/>e) vypalov\u00e1n\u00ed, <br \/>f) jednotliv\u00e9 v\u00fdb\u011bry strom\u016f (toulav\u00e1 se\u010d).<\/p>\n\n\n\n<p>Tyto zp\u016fsoby hospoda\u0159en\u00ed jsou v na\u0161ich zem\u011bpisn\u00fdch podm\u00ednk\u00e1ch zn\u00e1my p\u0159edev\u0161\u00edm v oblasti luh\u016f a n\u00ed\u017ein. S ohledem na dlouhodob\u00fd p\u0159edindustri\u00e1ln\u00ed vliv \u010dlov\u011bka na n\u00ed\u017einn\u00e9 lesy lze na tyto managementy do jist\u00e9 m\u00edry pohl\u00ed\u017eet jako na sou\u010d\u00e1st disturban\u010dn\u00edho re\u017eimu t\u011bchto les\u016f. Rizikem lesa pa\u0159ezin m\u016f\u017ee b\u00fdt (z hlediska biodiverzity) men\u0161\u00ed mno\u017estv\u00ed mrtv\u00e9ho d\u0159eva oproti lesu vysok\u00e9mu, pokud p\u0159i intenzivn\u00edm pa\u0159ezen\u00ed nen\u00ed pamatov\u00e1no na jeho zachov\u00e1n\u00ed (Puletti et al., 2017). Ve st\u0159edn\u00edch a vy\u0161\u0161\u00edch poloh\u00e1ch b\u00fdvaly jako tradi\u010dn\u00ed management d\u00e1le pou\u017e\u00edv\u00e1ny tzv. jednotliv\u00e9 v\u00fdb\u011bry strom\u016f, naz\u00fdvan\u00e9 t\u00e9\u017e jako toulav\u00e1 se\u010d (\u010di p\u0159\u00edcestn\u00e9 hospod\u00e1\u0159stv\u00ed), kter\u00e9 dnes pova\u017eujeme za v\u00fdvojov\u00fd p\u0159edstupe\u0148 k p\u0159\u00edrod\u011b bl\u00edzk\u00fdm zp\u016fsob\u016fm hospoda\u0159en\u00ed.<\/p>\n","protected":false},"excerpt":{"rendered":"<p>Obsah str\u00e1nky je p\u0159ekladem vybran\u00fdch \u010d\u00e1st\u00ed kapitoly, kter\u00e1 je uvedena v n\u00e1sleduj\u00edc\u00edcm origin\u00e1ln\u00edm zdroji, publikaci: Ekologie lesa. Doporu\u010den\u00e1 citace: Rotter, P., &amp; Purchart, L. (2023). Ekologie lesa. Mendelova univerzita v Brn\u011b. https:\/\/doi.org\/10.11118\/978-80-7509-927-3. Tradi\u010dn\u00ed (resp. historick\u00e9) zp\u016fsoby hospoda\u0159en\u00ed a jejich renesance je v sou\u010dasnosti spojov\u00e1na s obnovou sv\u011btl\u00fdch les\u016f, kter\u00e9 byly v souvislosti s p\u0159evl\u00e1dnut\u00edm hospoda\u0159en\u00edm [&hellip;]<\/p>\n","protected":false},"author":4,"featured_media":0,"parent":1666,"menu_order":0,"comment_status":"closed","ping_status":"closed","template":"","meta":{"zakra_page_container_layout":"customizer","zakra_page_sidebar_layout":"customizer","zakra_remove_content_margin":false,"zakra_sidebar":"customizer","zakra_transparent_header":"customizer","zakra_logo":0,"zakra_main_header_style":"default","zakra_menu_item_color":"","zakra_menu_item_hover_color":"","zakra_menu_item_active_color":"","zakra_menu_active_style":"","zakra_page_header":true,"footnotes":""},"class_list":["post-1696","page","type-page","status-publish","hentry"],"_links":{"self":[{"href":"https:\/\/hul2.mendelu.cz\/index.php?rest_route=\/wp\/v2\/pages\/1696","targetHints":{"allow":["GET"]}}],"collection":[{"href":"https:\/\/hul2.mendelu.cz\/index.php?rest_route=\/wp\/v2\/pages"}],"about":[{"href":"https:\/\/hul2.mendelu.cz\/index.php?rest_route=\/wp\/v2\/types\/page"}],"author":[{"embeddable":true,"href":"https:\/\/hul2.mendelu.cz\/index.php?rest_route=\/wp\/v2\/users\/4"}],"replies":[{"embeddable":true,"href":"https:\/\/hul2.mendelu.cz\/index.php?rest_route=%2Fwp%2Fv2%2Fcomments&post=1696"}],"version-history":[{"count":4,"href":"https:\/\/hul2.mendelu.cz\/index.php?rest_route=\/wp\/v2\/pages\/1696\/revisions"}],"predecessor-version":[{"id":2213,"href":"https:\/\/hul2.mendelu.cz\/index.php?rest_route=\/wp\/v2\/pages\/1696\/revisions\/2213"}],"up":[{"embeddable":true,"href":"https:\/\/hul2.mendelu.cz\/index.php?rest_route=\/wp\/v2\/pages\/1666"}],"wp:attachment":[{"href":"https:\/\/hul2.mendelu.cz\/index.php?rest_route=%2Fwp%2Fv2%2Fmedia&parent=1696"}],"curies":[{"name":"wp","href":"https:\/\/api.w.org\/{rel}","templated":true}]}}