{"id":17,"date":"2017-04-18T17:53:53","date_gmt":"2017-04-18T16:53:53","guid":{"rendered":"http:\/\/ldf.mendelu.cz\/hul2\/?page_id=17"},"modified":"2023-10-07T11:17:22","modified_gmt":"2023-10-07T10:17:22","slug":"hospodareni-s-prirodnimi-zdroji-temperatniho-lesa","status":"publish","type":"page","link":"https:\/\/hul2.mendelu.cz\/","title":{"rendered":"C\u00edl p\u0159edm\u011btu"},"content":{"rendered":"<h2>O co tady p\u0159edev\u0161\u00edm jde<\/h2>\n<div align=\"left\">\n<ul>\n<li>nav\u00e1zat na hospod\u00e1\u0159skou \u00fapravu les\u016f (<a href=\"https:\/\/hul.mendelu.cz\">H\u00daL<\/a>),<\/li>\n<li>integrovat prvky ochrany p\u0159\u00edrody do hospod\u00e1\u0159sk\u00e9 \u00fapravy hospod\u00e1\u0159sk\u00fdch les\u016f,<\/li>\n<li>implementovat p\u0159\u00edrod\u011b bli\u017e\u0161\u00ed lesnictv\u00ed do lesn\u00edho hospod\u00e1\u0159stv\u00ed,<\/li>\n<li>p\u0159\u00edstupy implementace mus\u00ed vyv\u00e1\u017een\u011b odr\u00e1\u017eet region\u00e1ln\u00ed, ekologick\u00e9, ekonomick\u00e9, soci\u00e1ln\u00ed a kulturn\u00ed pil\u00ed\u0159e lesn\u00edho hospod\u00e1\u0159stv\u00ed.<\/li>\n<\/ul>\n<\/div>\n<div align=\"left\"><\/div>\n<div style=\"text-align: left;\" align=\"left\">\n<h2>Skladba v\u00fdukov\u00e9ho port\u00e1lu<\/h2>\n<p>Port\u00e1l obsahuje moduly, kter\u00e9 maj\u00ed student\u016fm pomoct proj\u00edt nejr\u016fzn\u011bj\u0161\u00edmi &#8222;n\u00e1strahami&#8220; tohoto p\u0159edm\u011btu. Jedn\u00e1 se o n\u00e1sleduj\u00edc\u00ed:<\/p>\n<ul>\n<li><a href=\"https:\/\/hul2.mendelu.cz\/?page_id=125\"><strong>Teoretick\u00e9 z\u00e1klady<\/strong><\/a> je mo\u017eno pokl\u00e1dat za dynamick\u00fd u\u010debn\u00ed text. K dispozici je v\u0161e pot\u0159ebn\u00e9 z teorie tohoto p\u0159edm\u011btu.<\/li>\n<li><a href=\"https:\/\/hul2.mendelu.cz\/?page_id=35\"><strong>P\u0159edn\u00e1\u0161ky<\/strong><\/a>, kter\u00e9 popisuj\u00ed teorii p\u0159edm\u011btu. \u00dazce souvis\u00ed a roz\u0161i\u0159uj\u00ed teoretick\u00e9 z\u00e1klady t\u00e9to discipl\u00edny.<\/li>\n<li><a href=\"https:\/\/hul2.mendelu.cz\/?page_id=76\"><strong>Cvi\u010den\u00ed<\/strong><\/a>, praktick\u00e1 cvi\u010den\u00ed v lese.<\/li>\n<\/ul>\n<p style=\"text-align: center;\">P\u0159\u00edjemn\u00e9 studium p\u0159edm\u011btu p\u0159ej\u00ed auto\u0159i<\/p>\n<p style=\"text-align: center;\">Copyright \u00a9 2023 Kadav\u00fd, J., Kneifl, M.<\/p>\n<\/div>\n","protected":false},"excerpt":{"rendered":"<p>O co tady p\u0159edev\u0161\u00edm jde nav\u00e1zat na hospod\u00e1\u0159skou \u00fapravu les\u016f (H\u00daL), integrovat prvky ochrany p\u0159\u00edrody do hospod\u00e1\u0159sk\u00e9 \u00fapravy hospod\u00e1\u0159sk\u00fdch les\u016f, implementovat p\u0159\u00edrod\u011b bli\u017e\u0161\u00ed lesnictv\u00ed do lesn\u00edho hospod\u00e1\u0159stv\u00ed, p\u0159\u00edstupy implementace mus\u00ed vyv\u00e1\u017een\u011b odr\u00e1\u017eet region\u00e1ln\u00ed, ekologick\u00e9, ekonomick\u00e9, soci\u00e1ln\u00ed a kulturn\u00ed pil\u00ed\u0159e lesn\u00edho hospod\u00e1\u0159stv\u00ed. Skladba v\u00fdukov\u00e9ho port\u00e1lu Port\u00e1l obsahuje moduly, kter\u00e9 maj\u00ed student\u016fm pomoct proj\u00edt nejr\u016fzn\u011bj\u0161\u00edmi &#8222;n\u00e1strahami&#8220; tohoto [&hellip;]<\/p>\n","protected":false},"author":4,"featured_media":0,"parent":0,"menu_order":1,"comment_status":"closed","ping_status":"closed","template":"","meta":{"zakra_page_container_layout":"customizer","zakra_page_sidebar_layout":"customizer","zakra_remove_content_margin":false,"zakra_sidebar":"customizer","zakra_transparent_header":"customizer","zakra_logo":0,"zakra_main_header_style":"default","zakra_menu_item_color":"","zakra_menu_item_hover_color":"","zakra_menu_item_active_color":"","zakra_menu_active_style":"","zakra_page_header":true,"footnotes":""},"class_list":["post-17","page","type-page","status-publish","hentry"],"_links":{"self":[{"href":"https:\/\/hul2.mendelu.cz\/index.php?rest_route=\/wp\/v2\/pages\/17","targetHints":{"allow":["GET"]}}],"collection":[{"href":"https:\/\/hul2.mendelu.cz\/index.php?rest_route=\/wp\/v2\/pages"}],"about":[{"href":"https:\/\/hul2.mendelu.cz\/index.php?rest_route=\/wp\/v2\/types\/page"}],"author":[{"embeddable":true,"href":"https:\/\/hul2.mendelu.cz\/index.php?rest_route=\/wp\/v2\/users\/4"}],"replies":[{"embeddable":true,"href":"https:\/\/hul2.mendelu.cz\/index.php?rest_route=%2Fwp%2Fv2%2Fcomments&post=17"}],"version-history":[{"count":36,"href":"https:\/\/hul2.mendelu.cz\/index.php?rest_route=\/wp\/v2\/pages\/17\/revisions"}],"predecessor-version":[{"id":2705,"href":"https:\/\/hul2.mendelu.cz\/index.php?rest_route=\/wp\/v2\/pages\/17\/revisions\/2705"}],"wp:attachment":[{"href":"https:\/\/hul2.mendelu.cz\/index.php?rest_route=%2Fwp%2Fv2%2Fmedia&parent=17"}],"curies":[{"name":"wp","href":"https:\/\/api.w.org\/{rel}","templated":true}]}}