{"id":1899,"date":"2023-08-17T07:08:18","date_gmt":"2023-08-17T06:08:18","guid":{"rendered":"https:\/\/hul2.mendelu.cz\/?page_id=1899"},"modified":"2023-08-26T02:51:30","modified_gmt":"2023-08-26T01:51:30","slug":"biodiverzita-a-hospodarska-uprava-lesa","status":"publish","type":"page","link":"https:\/\/hul2.mendelu.cz\/?page_id=1899","title":{"rendered":"Lesnick\u00e9 hospoda\u0159en\u00ed a biodiverzita"},"content":{"rendered":"\n<p><strong>V\u00fdchoz\u00ed zdroje ke studiu<\/strong> <strong>problematiky<\/strong>: <\/p>\n\n\n\n<ol>\n<li>Rotter, P., &amp; Purchart, L. (2023). <em><a href=\"https:\/\/hul2.mendelu.cz\/wp-content\/uploads\/2023\/08\/Ekologie-lesa_kniha.pdf\">Ekologie lesa<\/a><\/em>. Mendelova univerzita v Brn\u011b. https:\/\/doi.org\/10.11118\/978-80-7509-927-3.<\/li>\n<li>Larsen, J. B., Angelstam, P., Bauhus, J., Carvalho, J. F., Diaci, J., Dobrowolska, D., Gazda, A., Gustafsson, L., Krumm, F., Knoke, T., Konczal, A., Kuuluvainen, T., Mason, B., Motta, R., P\u00f6tzelsberger, E., Rigling, A., &amp; Schuck, A. (2022). <a href=\"https:\/\/hul2.mendelu.cz\/wp-content\/uploads\/2023\/08\/Larsen-a-kol_kniha_EFI_fstp_12_2022.pdf\"><em>Closer-to-Nature Forest Management<\/em><\/a>. https:\/\/doi.org\/10.36333\/fs12.<\/li>\n<li>Muys, B., Angelstam, P., Bauhus, J., Bouriaud, L., Jactel, H., Kraigher, H., Mu\u0308ller, J., Pettorelli, N.,<br \/>P\u00f6tzelsberger, E., Primmer, E., Svoboda, M., Thorsen, B.J., Van Meerbeek, K. 2022. <a href=\"https:\/\/hul2.mendelu.cz\/wp-content\/uploads\/2023\/08\/Muysetal_2022_ForestBiodiversityinEurope_efi_fstp.pdf\">Forest Biodiversity in Europe<\/a>. From Science to Policy 13. European Forest Institute. https:\/\/doi.org\/10.36333\/fs13.<\/li>\n<\/ol>\n\n\n\n<p>Str\u00e1nka odkazuje na podn\u011btn\u00e9 a d\u016fle\u017eit\u00e9 \u010d\u00e1sti knihy (p\u0159\u00edp. jejich stru\u010dn\u00e9 vysv\u011btlen\u00ed). P\u0159edpokl\u00e1d\u00e1 se prodiskutov\u00e1n\u00ed l\u00e1tky na p\u0159edn\u00e1\u0161k\u00e1ch. <\/p>\n\n\n\n<p><strong>Bli\u017e\u0161\u00ed informace jsou uvedeny na konkr\u00e9tn\u00edch str\u00e1nk\u00e1ch<\/strong> <strong>problematiky &#8222;Lesnick\u00e9 hospoda\u0159en\u00ed a biodiverzita&#8220;. <\/strong><\/p>\n\n\n\n<p><\/p>\n\n\n\n<h1 class=\"wp-block-heading\">Obsah<\/h1>\n\n\n\n<ol class=\"wp-block-list\">\n<li>P\u0159\u00ed\u010diny ohro\u017een\u00ed biodiverzity (kapitola z knihy \u010d. 1 uveden\u00e9 v\u00fd\u0161e)<\/li>\n\n\n\n<li>Typy lesa jako v\u00fdsledek managementu, resp. hospod\u00e1\u0159sk\u00e9 \u00fapravy lesa (kapitola z knihy \u010d. 1 uveden\u00e9 v\u00fd\u0161e)<\/li>\n\n\n\n<li>Biodiverzita a hospod\u00e1\u0159sk\u00e1 \u00faprava lesa (kapitola z knihy \u010d. 2 uveden\u00e9 v\u00fd\u0161e)<\/li>\n\n\n\n<li>Jak hospoda\u0159it v les\u00edch s ohledem na ochranu a podporu biodiverzity (kapitola z knihy \u010d. 3 uveden\u00e9 v\u00fd\u0161e) <\/li>\n<\/ol>\n","protected":false},"excerpt":{"rendered":"<p>V\u00fdchoz\u00ed zdroje ke studiu problematiky: Rotter, P., &amp; Purchart, L. (2023). Ekologie lesa. Mendelova univerzita v Brn\u011b. https:\/\/doi.org\/10.11118\/978-80-7509-927-3. Larsen, J. B., Angelstam, P., Bauhus, J., Carvalho, J. F., Diaci, J., Dobrowolska, D., Gazda, A., Gustafsson, L., Krumm, F., Knoke, T., Konczal, A., Kuuluvainen, T., Mason, B., Motta, R., P\u00f6tzelsberger, E., Rigling, A., &amp; Schuck, A. [&hellip;]<\/p>\n","protected":false},"author":4,"featured_media":0,"parent":125,"menu_order":0,"comment_status":"closed","ping_status":"closed","template":"","meta":{"zakra_page_container_layout":"customizer","zakra_page_sidebar_layout":"customizer","zakra_remove_content_margin":false,"zakra_sidebar":"customizer","zakra_transparent_header":"customizer","zakra_logo":0,"zakra_main_header_style":"default","zakra_menu_item_color":"","zakra_menu_item_hover_color":"","zakra_menu_item_active_color":"","zakra_menu_active_style":"","zakra_page_header":true,"footnotes":""},"class_list":["post-1899","page","type-page","status-publish","hentry"],"_links":{"self":[{"href":"https:\/\/hul2.mendelu.cz\/index.php?rest_route=\/wp\/v2\/pages\/1899","targetHints":{"allow":["GET"]}}],"collection":[{"href":"https:\/\/hul2.mendelu.cz\/index.php?rest_route=\/wp\/v2\/pages"}],"about":[{"href":"https:\/\/hul2.mendelu.cz\/index.php?rest_route=\/wp\/v2\/types\/page"}],"author":[{"embeddable":true,"href":"https:\/\/hul2.mendelu.cz\/index.php?rest_route=\/wp\/v2\/users\/4"}],"replies":[{"embeddable":true,"href":"https:\/\/hul2.mendelu.cz\/index.php?rest_route=%2Fwp%2Fv2%2Fcomments&post=1899"}],"version-history":[{"count":8,"href":"https:\/\/hul2.mendelu.cz\/index.php?rest_route=\/wp\/v2\/pages\/1899\/revisions"}],"predecessor-version":[{"id":2347,"href":"https:\/\/hul2.mendelu.cz\/index.php?rest_route=\/wp\/v2\/pages\/1899\/revisions\/2347"}],"up":[{"embeddable":true,"href":"https:\/\/hul2.mendelu.cz\/index.php?rest_route=\/wp\/v2\/pages\/125"}],"wp:attachment":[{"href":"https:\/\/hul2.mendelu.cz\/index.php?rest_route=%2Fwp%2Fv2%2Fmedia&parent=1899"}],"curies":[{"name":"wp","href":"https:\/\/api.w.org\/{rel}","templated":true}]}}