{"id":1906,"date":"2023-08-17T07:29:37","date_gmt":"2023-08-17T06:29:37","guid":{"rendered":"https:\/\/hul2.mendelu.cz\/?page_id=1906"},"modified":"2023-08-19T08:39:54","modified_gmt":"2023-08-19T07:39:54","slug":"typy-lesa-jako-vysledek-managementu-resp-hospodarske-upravy-lesa","status":"publish","type":"page","link":"https:\/\/hul2.mendelu.cz\/?page_id=1906","title":{"rendered":"Typy lesa jako v\u00fdsledek managementu, resp. hospod\u00e1\u0159sk\u00e9 \u00fapravy lesa"},"content":{"rendered":"\n<p>Obsah str\u00e1nky je v\u00fdtahem adekv\u00e1tn\u00ed \u010d\u00e1sti kapitoly, kter\u00e1 je uvedena v n\u00e1sleduj\u00edc\u00ed origin\u00e1ln\u00ed publikaci: <em><a href=\"https:\/\/hul2.mendelu.cz\/wp-content\/uploads\/2023\/08\/Ekologie-lesa_kniha.pdf\">Ekologie lesa<\/a><\/em>. Doporu\u010den\u00e1 citace uveden\u00e9 publikace:\u00a0Rotter, P., &amp; Purchart, L. (2023). <em>Ekologie lesa<\/em>. Mendelova univerzita v Brn\u011b. https:\/\/doi.org\/10.11118\/978-80-7509-927-3.<\/p>\n<hr \/>\n<p>P\u0159es velkou \u0161k\u00e1lu r\u016fzn\u00fdch typ\u016f, metod a kombinac\u00ed zp\u016fsob\u016f obhospoda\u0159ov\u00e1n\u00ed lesa je mo\u017eno rozli\u0161it v z\u00e1sad\u011b p\u011bt z\u00e1kladn\u00edch p\u0159\u00edstup\u016f jejich managementu, resp. hospod\u00e1\u0159sk\u00e9 \u00fapravy. Za hlavn\u00ed vod\u00edtko, pomoc\u00ed kter\u00e9ho je bl\u00ed\u017ee definujeme, je pova\u017eov\u00e1na tzv. <strong>hospod\u00e1\u0159sk\u00e1 intenzita<\/strong>. Podle n\u00ed rozli\u0161ujeme lesy bezz\u00e1sahov\u00e9 (I), lesy s n\u00edzkou (II), st\u0159edn\u00ed (III), vysokou (IV) a velmi vysokou \u2013 intenzivn\u00ed \u2013 (V) hospo-<br \/>d\u00e1\u0159skou intenzitou. Jejich z\u00e1kladn\u00ed charakteristika a detailn\u00ed popis je uveden v tabulk\u00e1ch 1 a 2.<\/p>\n<p><img decoding=\"async\" src=\"https:\/\/hul2.mendelu.cz\/wp-content\/uploads\/2023\/08\/Screenshot-2023-08-17-at-15-44-13-Ekologie-lesa-Ekologie-lesa_kniha-1.pdf.png\" \/><\/p>\n<p><strong>Tab. 1<\/strong>: Typy lesa podle hospod\u00e1\u0159sk\u00e9 intenzity a jejich rozloha v Evrop\u011b. (Zdroj: Sloupce A\u2013C: Hengeveld et al., 2012, sloupec D: Duncker et al., 2012)<\/p>\n<p><a href=\"https:\/\/hul2.mendelu.cz\/wp-content\/uploads\/2023\/08\/Screenshot-2023-08-17-at-15-51-04-Ekologie-lesa-Ekologie-lesa_kniha-1.pdf.png\" target=\"_blank\" rel=\"noopener\"><img decoding=\"async\" src=\"https:\/\/hul2.mendelu.cz\/wp-content\/uploads\/2023\/08\/Screenshot-2023-08-17-at-15-51-04-Ekologie-lesa-Ekologie-lesa_kniha-1.pdf.png\" \/><\/a><\/p>\n<p style=\"text-align: center;\">pro zv\u011bt\u0161en\u00ed klikni na tabulku<\/p>\n<p><strong>Tab. 2<\/strong>: Charakteristika hospod\u00e1\u0159sk\u00e9 intenzity podle hospod\u00e1\u0159sk\u00fdch opat\u0159en\u00ed. (Zdroj: Duncker et al., 2012.)<\/p>\n<p>V\u00fd\u0161e uveden\u00e9 typy les\u016f jsou p\u0159edev\u0161\u00edm z praktick\u00e9ho hlediska d\u00e1le konkr\u00e9tn\u011bji pojmenov\u00e1v\u00e1ny. Jejich n\u00e1zev pak v\u011bt\u0161inou vystihuje to, jak jsou obhospoda\u0159ov\u00e1ny (nap\u0159. v\u00fdb\u011brn\u00fd les apod.), resp. jak\u00fd maj\u00ed v\u00fdznam, funkci (nap\u0159. rezervace). V publikaci Daniela Krause a Franka Krumma (2013) jsou typy lesa zobrazen\u00e9 v jednoduch\u00e9m sch\u00e9matu, kter\u00e9 vyjad\u0159uje vztah typ\u016f lesa k hospod\u00e1\u0159sk\u00e9 intenzit\u011b a biodiverzit\u011b (tabulka 3). Z tabulky si m\u016f\u017eeme ud\u011blat p\u0159edstavu o tom, jak velkou biologickou diverzitu v jak\u00e9m typu lesa m\u016f\u017eeme o\u010dek\u00e1vat vzhledem k aplikovan\u00e9 hospod\u00e1\u0159sk\u00e9 intenzit\u011b.<\/p>\n<p><img decoding=\"async\" src=\"https:\/\/hul2.mendelu.cz\/wp-content\/uploads\/2023\/08\/Screenshot-2023-08-17-at-16-01-12-Ekologie-lesa-Ekologie-lesa_kniha-1.pdf.png\" \/><\/p>\n<p><strong>Tab. 3<\/strong>: Vztah typ\u016f lesa k hospod\u00e1\u0159sk\u00e9 intenzit\u011b a biodiverzit\u011b podle jejich v\u00fdznamu (Zdroj: Kraus a Krumm, 2013)<\/p>\n<p><strong>Citovan\u00e1 literatura<\/strong><\/p>\n<ul style=\"list-style-type: circle;\">\n<li>Duncker P.S. et al. (2012): Classification of forest management approaches: a new conceptual framework and its applicability to European forestry. Ecology and Society, 17(4): 51.<\/li>\n<li>Hengeveld G. M. et al. (2012): A forest management map of European forests. Ecology<br \/>and Society, 17(4): 53.<\/li>\n<li>Kraus D., Krumm F. (2013): Integrative approaches as an opportunity for the conservation<br \/>of forest biodiversity. European Forest Institute.<\/li>\n<\/ul>\n<p>\u00a0<\/p>\n","protected":false},"excerpt":{"rendered":"<p>Obsah str\u00e1nky je v\u00fdtahem adekv\u00e1tn\u00ed \u010d\u00e1sti kapitoly, kter\u00e1 je uvedena v n\u00e1sleduj\u00edc\u00ed origin\u00e1ln\u00ed publikaci: Ekologie lesa. Doporu\u010den\u00e1 citace uveden\u00e9 publikace:\u00a0Rotter, P., &amp; Purchart, L. (2023). Ekologie lesa. Mendelova univerzita v Brn\u011b. https:\/\/doi.org\/10.11118\/978-80-7509-927-3. P\u0159es velkou \u0161k\u00e1lu r\u016fzn\u00fdch typ\u016f, metod a kombinac\u00ed zp\u016fsob\u016f obhospoda\u0159ov\u00e1n\u00ed lesa je mo\u017eno rozli\u0161it v z\u00e1sad\u011b p\u011bt z\u00e1kladn\u00edch p\u0159\u00edstup\u016f jejich managementu, resp. hospod\u00e1\u0159sk\u00e9 [&hellip;]<\/p>\n","protected":false},"author":4,"featured_media":0,"parent":1899,"menu_order":0,"comment_status":"closed","ping_status":"closed","template":"","meta":{"zakra_page_container_layout":"customizer","zakra_page_sidebar_layout":"customizer","zakra_remove_content_margin":false,"zakra_sidebar":"customizer","zakra_transparent_header":"customizer","zakra_logo":0,"zakra_main_header_style":"default","zakra_menu_item_color":"","zakra_menu_item_hover_color":"","zakra_menu_item_active_color":"","zakra_menu_active_style":"","zakra_page_header":true,"footnotes":""},"class_list":["post-1906","page","type-page","status-publish","hentry"],"_links":{"self":[{"href":"https:\/\/hul2.mendelu.cz\/index.php?rest_route=\/wp\/v2\/pages\/1906","targetHints":{"allow":["GET"]}}],"collection":[{"href":"https:\/\/hul2.mendelu.cz\/index.php?rest_route=\/wp\/v2\/pages"}],"about":[{"href":"https:\/\/hul2.mendelu.cz\/index.php?rest_route=\/wp\/v2\/types\/page"}],"author":[{"embeddable":true,"href":"https:\/\/hul2.mendelu.cz\/index.php?rest_route=\/wp\/v2\/users\/4"}],"replies":[{"embeddable":true,"href":"https:\/\/hul2.mendelu.cz\/index.php?rest_route=%2Fwp%2Fv2%2Fcomments&post=1906"}],"version-history":[{"count":7,"href":"https:\/\/hul2.mendelu.cz\/index.php?rest_route=\/wp\/v2\/pages\/1906\/revisions"}],"predecessor-version":[{"id":2194,"href":"https:\/\/hul2.mendelu.cz\/index.php?rest_route=\/wp\/v2\/pages\/1906\/revisions\/2194"}],"up":[{"embeddable":true,"href":"https:\/\/hul2.mendelu.cz\/index.php?rest_route=\/wp\/v2\/pages\/1899"}],"wp:attachment":[{"href":"https:\/\/hul2.mendelu.cz\/index.php?rest_route=%2Fwp%2Fv2%2Fmedia&parent=1906"}],"curies":[{"name":"wp","href":"https:\/\/api.w.org\/{rel}","templated":true}]}}