{"id":1950,"date":"2023-08-17T10:51:18","date_gmt":"2023-08-17T09:51:18","guid":{"rendered":"https:\/\/hul2.mendelu.cz\/?page_id=1950"},"modified":"2023-08-18T04:27:25","modified_gmt":"2023-08-18T03:27:25","slug":"les-a-lesnictvi-s-kontinualnim-pokryvem-lesa-ccf","status":"publish","type":"page","link":"https:\/\/hul2.mendelu.cz\/?page_id=1950","title":{"rendered":"Les a lesnictv\u00ed s kontinu\u00e1ln\u00edm pokryvem lesa (CCF)"},"content":{"rendered":"\n<p>Continuous cover Forestry (CCF) nen\u00ed novou my\u0161lenkou v lesn\u00edm hospod\u00e1\u0159stv\u00ed. Evidujeme v\u0161ak obnoven\u00ed\u00a0 z\u00e1jmu o tento zp\u016fsob obhospoda\u0159ov\u00e1n\u00ed les\u016f kv\u016fli potenci\u00e1lu, kter\u00fd m\u00e1 splnit po\u017eadavky udr\u017eitelnosti lesnictv\u00ed (Rio\/Helsinsk\u00fd proces a certifikace). \u0160iroce \u0159e\u010deno CCF zahrnuje ty p\u011bstebn\u00ed syst\u00e9my, kter\u00e9 preferuj\u00ed nep\u0159etr\u017eitou a nep\u0159eru\u0161ovanou obnovu lesn\u00edho porostu, a kter\u00e9 se vyh\u00fdbaj\u00ed holose\u010d\u00edm.<br \/>CCF syst\u00e9my jsou v Evrop\u011b zav\u00e1d\u011bny tam, kde je kladen d\u016fraz na p\u0159\u00edmou p\u0159em\u011bnu st\u00e1vaj\u00edc\u00edch plant\u00e1\u017e\u00ed stejnov\u011bk\u00fdch a stejnorod\u00fdch porost\u016f na jinou formu sm\u00ed\u0161en\u00fdch les\u016f nestejnov\u011bk\u00e9ho charakteru. <\/p>\n<p>V\u00edce o tomto zp\u016fsobu hospoda\u0159en\u00ed (o historii, definic\u00edch a metod\u00e1ch) v \u010dl\u00e1nku ke sta\u017een\u00ed (<a href=\"https:\/\/academic.oup.com\/forestry\/article\/77\/1\/27\/615034\">Pommerening, Murphy 2004<\/a>).<\/p>\n<p><strong>Citovan\u00e1 literatura<\/strong><\/p>\n<div class=\"csl-entry\">Pommerening, A., &amp; Murphy, S. T. (2004). A review of the history, definitions and methods of continuous cover forestry with special attention to afforestation and restocking. <i>Forestry<\/i>, <i>77<\/i>(1), 27\u201344. https:\/\/doi.org\/10.1093\/forestry\/77.1.27.<\/div>\n<p>\u00a0<\/p>\n","protected":false},"excerpt":{"rendered":"<p>Continuous cover Forestry (CCF) nen\u00ed novou my\u0161lenkou v lesn\u00edm hospod\u00e1\u0159stv\u00ed. Evidujeme v\u0161ak obnoven\u00ed\u00a0 z\u00e1jmu o tento zp\u016fsob obhospoda\u0159ov\u00e1n\u00ed les\u016f kv\u016fli potenci\u00e1lu, kter\u00fd m\u00e1 splnit po\u017eadavky udr\u017eitelnosti lesnictv\u00ed (Rio\/Helsinsk\u00fd proces a certifikace). \u0160iroce \u0159e\u010deno CCF zahrnuje ty p\u011bstebn\u00ed syst\u00e9my, kter\u00e9 preferuj\u00ed nep\u0159etr\u017eitou a nep\u0159eru\u0161ovanou obnovu lesn\u00edho porostu, a kter\u00e9 se vyh\u00fdbaj\u00ed holose\u010d\u00edm.CCF syst\u00e9my jsou v Evrop\u011b [&hellip;]<\/p>\n","protected":false},"author":4,"featured_media":0,"parent":1675,"menu_order":0,"comment_status":"closed","ping_status":"closed","template":"","meta":{"zakra_page_container_layout":"customizer","zakra_page_sidebar_layout":"customizer","zakra_remove_content_margin":false,"zakra_sidebar":"customizer","zakra_transparent_header":"customizer","zakra_logo":0,"zakra_main_header_style":"default","zakra_menu_item_color":"","zakra_menu_item_hover_color":"","zakra_menu_item_active_color":"","zakra_menu_active_style":"","zakra_page_header":true,"footnotes":""},"class_list":["post-1950","page","type-page","status-publish","hentry"],"_links":{"self":[{"href":"https:\/\/hul2.mendelu.cz\/index.php?rest_route=\/wp\/v2\/pages\/1950","targetHints":{"allow":["GET"]}}],"collection":[{"href":"https:\/\/hul2.mendelu.cz\/index.php?rest_route=\/wp\/v2\/pages"}],"about":[{"href":"https:\/\/hul2.mendelu.cz\/index.php?rest_route=\/wp\/v2\/types\/page"}],"author":[{"embeddable":true,"href":"https:\/\/hul2.mendelu.cz\/index.php?rest_route=\/wp\/v2\/users\/4"}],"replies":[{"embeddable":true,"href":"https:\/\/hul2.mendelu.cz\/index.php?rest_route=%2Fwp%2Fv2%2Fcomments&post=1950"}],"version-history":[{"count":5,"href":"https:\/\/hul2.mendelu.cz\/index.php?rest_route=\/wp\/v2\/pages\/1950\/revisions"}],"predecessor-version":[{"id":2025,"href":"https:\/\/hul2.mendelu.cz\/index.php?rest_route=\/wp\/v2\/pages\/1950\/revisions\/2025"}],"up":[{"embeddable":true,"href":"https:\/\/hul2.mendelu.cz\/index.php?rest_route=\/wp\/v2\/pages\/1675"}],"wp:attachment":[{"href":"https:\/\/hul2.mendelu.cz\/index.php?rest_route=%2Fwp%2Fv2%2Fmedia&parent=1950"}],"curies":[{"name":"wp","href":"https:\/\/api.w.org\/{rel}","templated":true}]}}