{"id":2034,"date":"2023-08-18T07:12:34","date_gmt":"2023-08-18T06:12:34","guid":{"rendered":"https:\/\/hul2.mendelu.cz\/?page_id=2034"},"modified":"2023-08-19T08:06:09","modified_gmt":"2023-08-19T07:06:09","slug":"vyvazovani-produkcne-orientovaneho-lesnictvi-pri-zachovani-biologicke-rozmanitosti","status":"publish","type":"page","link":"https:\/\/hul2.mendelu.cz\/?page_id=2034","title":{"rendered":"Vyva\u017eov\u00e1n\u00ed produk\u010dn\u011b orientovan\u00e9ho lesnictv\u00ed a zachov\u00e1v\u00e1n\u00ed biologick\u00e9 rozmanitosti"},"content":{"rendered":"\n<p><strong>V\u00fdchoz\u00ed zdroj ke studiu<\/strong>: Krumm, F., Schuck, A., Rigling, A., &amp; (eds). (2020). <a href=\"https:\/\/hul2.mendelu.cz\/wp-content\/uploads\/2023\/08\/Krumm-2020-How_to_balance_forestry_and-published_version-1.pdf\"><em>How to balance forestry and biodiversity conservation\u202f? A view across Europe<\/em><\/a>. European Forest Institute (EFI); Swiss Federal Institute for Forest, Snow and Landscape Research (WSL), Birmensdorf. https:\/\/doi.org\/10.16904\/envidat.196.<\/p>\n\n\n\n<p>Str\u00e1nka odkazuje na podn\u011btn\u00e9 a d\u016fle\u017eit\u00e9 \u010d\u00e1sti t\u00e9to knihy (p\u0159\u00edp. jejich stru\u010dn\u00e9 vysv\u011btlen\u00ed). P\u0159edpokl\u00e1d\u00e1 se prodiskutov\u00e1n\u00ed l\u00e1tky na p\u0159edn\u00e1\u0161k\u00e1ch.<\/p>\n\n\n\n<p><strong>Bli\u017e\u0161\u00ed informace jsou uvedeny na konkr\u00e9tn\u00edch str\u00e1nk\u00e1ch<\/strong> <strong>problematiky &#8222;Vyva\u017eov\u00e1n\u00ed produk\u010dn\u011b orientovan\u00e9ho lesnictv\u00ed a zachov\u00e1v\u00e1n\u00ed biologick\u00e9 rozmanitosti<\/strong>&#8222;<strong>.\u00a0<\/strong><\/p>\n\n\n\n<h1 class=\"wp-block-heading\">Obsah<\/h1>\n\n\n\n<ol class=\"wp-block-list\">\n<li>Jak na integraci prvk\u016f ochrany p\u0159\u00edrody do hospod\u00e1\u0159sk\u00e9 \u00fapravy hospod\u00e1\u0159sk\u00fdch les\u016f, s. 11<\/li>\n\n\n\n<li>Hnac\u00ed faktory integrovan\u00e9ho lesn\u00edho hospod\u00e1\u0159stv\u00ed v Evrop\u011b \u2013 poznatky z empirick\u00e9ho hodnocen\u00ed, s. 183<\/li>\n\n\n\n<li>P\u0159\u00edklady dobr\u00e9 praxe &#8222;p\u0159\u00edrod\u011b bli\u017e\u0161\u00edho hospoda\u0159en\u00ed&#8220; v les\u00edch na \u00farovni lesn\u00edho majetku a krajiny, s. 192<\/li>\n\n\n\n<li>Synt\u00e9za: Zlep\u0161en\u00ed ochrany biodiverzity v evropsk\u00fdch hospod\u00e1\u0159sk\u00fdch les\u00edch vy\u017eaduje pragmatick\u00e9, odv\u00e1\u017en\u00e9 a region\u00e1ln\u011b zako\u0159en\u011bn\u00e9 p\u0159\u00edstupy hospoda\u0159en\u00ed, s. 609<\/li>\n\n\n\n<li>Co chyb\u00ed \u0161iroce \u00fasp\u011b\u0161n\u00e9 aplikaci integrativn\u00edho hospoda\u0159en\u00ed v les\u00edch?, s. 628<\/li>\n<\/ol>\n","protected":false},"excerpt":{"rendered":"<p>V\u00fdchoz\u00ed zdroj ke studiu: Krumm, F., Schuck, A., Rigling, A., &amp; (eds). (2020). How to balance forestry and biodiversity conservation\u202f? A view across Europe. European Forest Institute (EFI); Swiss Federal Institute for Forest, Snow and Landscape Research (WSL), Birmensdorf. https:\/\/doi.org\/10.16904\/envidat.196. Str\u00e1nka odkazuje na podn\u011btn\u00e9 a d\u016fle\u017eit\u00e9 \u010d\u00e1sti t\u00e9to knihy (p\u0159\u00edp. jejich stru\u010dn\u00e9 vysv\u011btlen\u00ed). P\u0159edpokl\u00e1d\u00e1 se [&hellip;]<\/p>\n","protected":false},"author":4,"featured_media":0,"parent":125,"menu_order":0,"comment_status":"closed","ping_status":"closed","template":"","meta":{"zakra_page_container_layout":"customizer","zakra_page_sidebar_layout":"customizer","zakra_remove_content_margin":false,"zakra_sidebar":"customizer","zakra_transparent_header":"customizer","zakra_logo":0,"zakra_main_header_style":"default","zakra_menu_item_color":"","zakra_menu_item_hover_color":"","zakra_menu_item_active_color":"","zakra_menu_active_style":"","zakra_page_header":true,"footnotes":""},"class_list":["post-2034","page","type-page","status-publish","hentry"],"_links":{"self":[{"href":"https:\/\/hul2.mendelu.cz\/index.php?rest_route=\/wp\/v2\/pages\/2034","targetHints":{"allow":["GET"]}}],"collection":[{"href":"https:\/\/hul2.mendelu.cz\/index.php?rest_route=\/wp\/v2\/pages"}],"about":[{"href":"https:\/\/hul2.mendelu.cz\/index.php?rest_route=\/wp\/v2\/types\/page"}],"author":[{"embeddable":true,"href":"https:\/\/hul2.mendelu.cz\/index.php?rest_route=\/wp\/v2\/users\/4"}],"replies":[{"embeddable":true,"href":"https:\/\/hul2.mendelu.cz\/index.php?rest_route=%2Fwp%2Fv2%2Fcomments&post=2034"}],"version-history":[{"count":13,"href":"https:\/\/hul2.mendelu.cz\/index.php?rest_route=\/wp\/v2\/pages\/2034\/revisions"}],"predecessor-version":[{"id":2185,"href":"https:\/\/hul2.mendelu.cz\/index.php?rest_route=\/wp\/v2\/pages\/2034\/revisions\/2185"}],"up":[{"embeddable":true,"href":"https:\/\/hul2.mendelu.cz\/index.php?rest_route=\/wp\/v2\/pages\/125"}],"wp:attachment":[{"href":"https:\/\/hul2.mendelu.cz\/index.php?rest_route=%2Fwp%2Fv2%2Fmedia&parent=2034"}],"curies":[{"name":"wp","href":"https:\/\/api.w.org\/{rel}","templated":true}]}}