{"id":217,"date":"2022-01-06T19:52:16","date_gmt":"2022-01-06T18:52:16","guid":{"rendered":"http:\/\/hul2.mendelu.cz\/?page_id=217"},"modified":"2025-10-13T08:20:20","modified_gmt":"2025-10-13T07:20:20","slug":"ukonceni-predmetu","status":"publish","type":"page","link":"https:\/\/hul2.mendelu.cz\/?page_id=217","title":{"rendered":"Ukon\u010den\u00ed p\u0159edm\u011btu"},"content":{"rendered":"\n<p><strong>Z\u00e1po\u010det<\/strong><\/p>\n<p><span class=\"TextRun SCXW24249018\"><span class=\"NormalTextRun SCXW24249018\">Podm\u00ednkou ud\u011blen\u00ed z\u00e1po\u010dtu <span style=\"text-decoration: underline;\">u prezen\u010dn\u00ed formy<\/span> studia je:<\/span><\/span><\/p>\n<ul style=\"list-style-type: circle;\">\n<li class=\"Paragraph SCXW24249018\"><span class=\"TextRun SCXW24249018\"><span class=\"NormalTextRun SCXW24249018\"> \u00fa\u010dast na ter\u00e9nn\u00edch cvi\u010den\u00edch,\u00a0 <\/span><\/span><\/li>\n<li class=\"Paragraph SCXW24249018\"><span class=\"TextRun SCXW24249018\"><span class=\"NormalTextRun SCXW24249018\">vypracovan\u00fd a do stanoven\u00e9ho term\u00ednu odevzdan\u00fd &#8222;Ideov\u00fd pl\u00e1n v\u00fdvoje lesa vybran\u00e9ho \u00fazem\u00ed na \u0160LP Masaryk\u016fv les K\u0159tiny s vyu\u017eit\u00edm p\u0159\u00edrod\u011b bli\u017e\u0161\u00edho (integrativn\u00edho) lesnictv\u00ed&#8220; (tzv. Ideov\u00fd pl\u00e1n); Ideov\u00fd pl\u00e1n zpracov\u00e1v\u00e1 a odevzd\u00e1v\u00e1 skupina student\u016f,\u00a0<\/span><\/span><\/li>\n<li>term\u00edn pro odevzd\u00e1n\u00ed Ideov\u00e9ho pl\u00e1nu: <span style=\"color: #333333;\"><span style=\"background-color: #ccffcc;\">15<\/span><span style=\"background-color: #ccffcc;\">. 12. 2025<\/span><\/span>.<\/li>\n<\/ul>\n<p class=\"Paragraph SCXW24249018\"><span class=\"TextRun SCXW24249018\"><span class=\"NormalTextRun SCXW24249018\"><span style=\"text-decoration: underline;\">U kombinovan\u00e9 formy<\/span> studia je podm\u00ednkou ud\u011blen\u00ed z\u00e1po\u010dtu: <\/span><\/span><\/p>\n<ul style=\"list-style-type: circle;\">\n<li class=\"Paragraph SCXW24249018\"><span class=\"TextRun SCXW24249018\"><span class=\"NormalTextRun SCXW24249018\">\u00fa\u010dast na ter\u00e9nn\u00edm cvi\u010den\u00ed <span style=\"background-color: #ccffcc; color: #000000;\">10.10. 2025<\/span> a <span style=\"color: #000000;\"><span style=\"background-color: #ccffcc;\">24<\/span><span style=\"background-color: #ccffcc;\">.<\/span><span style=\"background-color: #ccffcc;\">10<\/span><span style=\"background-color: #ccffcc;\">.2025<\/span><\/span><\/span><\/span>\n<ul style=\"list-style-type: circle;\">\n<li>datum, \u010das a GPS m\u00edsta srazu &#8211; marteloskopv\u00e1 plocha <strong>Pokojn\u00e1 hora<\/strong>: 10.10. 2025, 8:00 hod., 49.3339042N, 16.6951647E,<\/li>\n<li>datum, \u010das a GPS m\u00edsta srazu &#8211; marteloskopov\u00e1 plocha <strong>U L\u00edpy<\/strong>: 24.10. 2025, 14:00 hod., 49.2854892N, 16.6533275E,\u00a0<\/li>\n<\/ul>\n<\/li>\n<li class=\"Paragraph SCXW24249018\"><span class=\"TextRun SCXW24249018\"><span class=\"NormalTextRun SCXW24249018\"> zpracov\u00e1n\u00ed, prezentov\u00e1n\u00ed a odevzd\u00e1n\u00ed n\u00e1vrhu z\u00e1sah\u016f z marteloskopov\u00fdch ploch &#8211; <span style=\"background-color: #ccffcc;\">21.11.2025, u\u010debna B42 od 16:00 hod.<\/span> Zpracov\u00e1v\u00e1, prezentuje a odevzd\u00e1v\u00e1 stanoven\u00e1 skupina student\u016f jako tzv. zkr\u00e1cen\u00fd Ideov\u00fd pl\u00e1n. <br \/><\/span><\/span><\/li>\n<\/ul>\n<p><strong>Zkou\u0161ka<\/strong><\/p>\n<p class=\"Paragraph SCXW24249018\"><span style=\"text-decoration: underline;\"><span class=\"TextRun SCXW24249018\"><span class=\"NormalTextRun SCXW24249018\">Prvn\u00ed<\/span><\/span><span class=\"TextRun SCXW24249018\"><span class=\"NormalTextRun SCXW24249018\"> zkou\u0161kov\u00fd <\/span><\/span><span class=\"TextRun SCXW24249018\"><span class=\"NormalTextRun SCXW24249018\">term\u00edn <\/span><\/span><span class=\"TextRun SCXW24249018\"><span class=\"NormalTextRun SCXW24249018\">bude proveden formou testu,<\/span><\/span><span class=\"TextRun SCXW24249018\"><span class=\"NormalTextRun SCXW24249018\"> j<\/span><\/span><span class=\"TextRun SCXW24249018\"><span class=\"NormalTextRun SCXW24249018\">e<\/span><\/span><span class=\"TextRun SCXW24249018\"><span class=\"NormalTextRun SCXW24249018\"> povinn\u00fd <\/span><\/span><span class=\"TextRun SCXW24249018\"><span class=\"NormalTextRun SCXW24249018\">a kon\u00e1 se na posledn\u00ed p\u0159edn\u00e1\u0161ce (denn\u00ed studium), nebo v posledn\u00edm bloku v\u00fduky (kombinovan\u00e9 studium). <\/span><\/span><\/span>V p\u0159\u00edpad\u011b nep\u0159\u00edzniv\u00e9 epidemiologick\u00e9 situace prob\u011bhnou zkou\u0161kov\u00e9 term\u00edny a\u017e v \u0159\u00e1dn\u00e9m zkou\u0161kov\u00e9m obdob\u00ed, tedy <span style=\"background-color: #ccffcc;\">v lednu a \u00fanoru roku 2025<\/span>. \u010c\u00e1st prob\u011bhne jako online \u00fastn\u00ed zkou\u0161en\u00ed a \u010d\u00e1st na fakult\u011b (v r\u00e1mci povolen\u00e9ho limitu po\u010dtu osob v\u010detn\u011b u\u010ditele) formou p\u00edsemn\u00e9ho testu. <span class=\"TextRun SCXW24249018\"><span class=\"NormalTextRun SCXW24249018\">Pro \u00fasp\u011b\u0161n\u00e9 <\/span><\/span><span class=\"TextRun SCXW24249018\"><span class=\"NormalTextRun SCXW24249018\">absolv<\/span><\/span><span class=\"TextRun SCXW24249018\"><span class=\"NormalTextRun SCXW24249018\">ov\u00e1n\u00ed<\/span><\/span><span class=\"TextRun SCXW24249018\"><span class=\"NormalTextRun SCXW24249018\"> testu, nebo \u00fastn\u00ed online zkou\u0161ky je nutno dos\u00e1hnout minim\u00e1ln\u011b <\/span><\/span><span class=\"TextRun SCXW24249018\"><span class=\"ContextualSpellingAndGrammarError SCXW24249018\">70%<\/span><\/span><span class=\"TextRun SCXW24249018\"><span class=\"NormalTextRun SCXW24249018\"> spr\u00e1vn\u011b zodpov\u011bzen\u00fdch ot\u00e1zek. <\/span><\/span><span class=\"EOP SCXW24249018\">Podle v\u00fdsledku (viz tabulka n\u00ed\u017ee) student z\u00edsk\u00e1 zn\u00e1mku za absolvov\u00e1n\u00ed p\u0159edm\u011btu.<\/span><\/p>\n<p>Pokud student nebude s v\u00fdslednou zn\u00e1mkou z prvn\u00edho zkou\u0161kov\u00e9ho testu spokojen, m\u016f\u017ee ve zkou\u0161kov\u00e9m obdob\u00ed j\u00edt na dal\u0161\u00ed zkou\u0161kov\u00fd term\u00edn.<\/p>\n<table class=\" aligncenter\">\n<tbody>\n<tr style=\"height: 23px;\">\n<td style=\"height: 23px;\"><b>Procento spr\u00e1vn\u00fdch odpov\u011bd\u00ed<\/b> <b>povinn\u00e9ho<\/b><b> zku\u0161ebn\u00edho testu<\/b><\/td>\n<td style=\"height: 23px; text-align: center;\"><b>Zn\u00e1mka<\/b><\/td>\n<\/tr>\n<tr style=\"height: 58px;\">\n<td style=\"height: 58px;\">\n<ul>\n<li>do 70 %<\/li>\n<\/ul>\n<\/td>\n<td style=\"height: 58px; text-align: center;\">F<\/td>\n<\/tr>\n<tr style=\"height: 58px;\">\n<td style=\"height: 58px;\">\n<ul>\n<li>71 &#8211; 76 %<\/li>\n<\/ul>\n<\/td>\n<td style=\"height: 58px; text-align: center;\">E<\/td>\n<\/tr>\n<tr>\n<td>\n<ul style=\"list-style-type: square;\">\n<li>77 &#8211; 82 %<\/li>\n<\/ul>\n<\/td>\n<td style=\"text-align: center;\">D<\/td>\n<\/tr>\n<tr style=\"height: 58px;\">\n<td style=\"height: 58px;\">\n<ul>\n<li>83 &#8211; 88 %<\/li>\n<\/ul>\n<\/td>\n<td style=\"text-align: center; height: 58px;\">C<\/td>\n<\/tr>\n<tr>\n<td>\n<ul style=\"list-style-type: square;\">\n<li>89 &#8211; 94 %<\/li>\n<\/ul>\n<\/td>\n<td style=\"text-align: center;\">B<\/td>\n<\/tr>\n<tr style=\"height: 58px;\">\n<td style=\"height: 58px;\">\n<ul>\n<li>95 % a v\u00edce<\/li>\n<\/ul>\n<\/td>\n<td style=\"text-align: center; height: 58px;\">A<\/td>\n<\/tr>\n<\/tbody>\n<\/table>\n\n\n\n<p><\/p>\n","protected":false},"excerpt":{"rendered":"<p>Z\u00e1po\u010det Podm\u00ednkou ud\u011blen\u00ed z\u00e1po\u010dtu u prezen\u010dn\u00ed formy studia je: \u00fa\u010dast na ter\u00e9nn\u00edch cvi\u010den\u00edch,\u00a0 vypracovan\u00fd a do stanoven\u00e9ho term\u00ednu odevzdan\u00fd &#8222;Ideov\u00fd pl\u00e1n v\u00fdvoje lesa vybran\u00e9ho \u00fazem\u00ed na \u0160LP Masaryk\u016fv les K\u0159tiny s vyu\u017eit\u00edm p\u0159\u00edrod\u011b bli\u017e\u0161\u00edho (integrativn\u00edho) lesnictv\u00ed&#8220; (tzv. Ideov\u00fd pl\u00e1n); Ideov\u00fd pl\u00e1n zpracov\u00e1v\u00e1 a odevzd\u00e1v\u00e1 skupina student\u016f,\u00a0 term\u00edn pro odevzd\u00e1n\u00ed Ideov\u00e9ho pl\u00e1nu: 15. 12. 2025. U [&hellip;]<\/p>\n","protected":false},"author":4,"featured_media":0,"parent":0,"menu_order":5,"comment_status":"closed","ping_status":"closed","template":"","meta":{"zakra_page_container_layout":"customizer","zakra_page_sidebar_layout":"customizer","zakra_remove_content_margin":false,"zakra_sidebar":"customizer","zakra_transparent_header":"customizer","zakra_logo":0,"zakra_main_header_style":"default","zakra_menu_item_color":"","zakra_menu_item_hover_color":"","zakra_menu_item_active_color":"","zakra_menu_active_style":"","zakra_page_header":true,"footnotes":""},"class_list":["post-217","page","type-page","status-publish","hentry"],"_links":{"self":[{"href":"https:\/\/hul2.mendelu.cz\/index.php?rest_route=\/wp\/v2\/pages\/217","targetHints":{"allow":["GET"]}}],"collection":[{"href":"https:\/\/hul2.mendelu.cz\/index.php?rest_route=\/wp\/v2\/pages"}],"about":[{"href":"https:\/\/hul2.mendelu.cz\/index.php?rest_route=\/wp\/v2\/types\/page"}],"author":[{"embeddable":true,"href":"https:\/\/hul2.mendelu.cz\/index.php?rest_route=\/wp\/v2\/users\/4"}],"replies":[{"embeddable":true,"href":"https:\/\/hul2.mendelu.cz\/index.php?rest_route=%2Fwp%2Fv2%2Fcomments&post=217"}],"version-history":[{"count":38,"href":"https:\/\/hul2.mendelu.cz\/index.php?rest_route=\/wp\/v2\/pages\/217\/revisions"}],"predecessor-version":[{"id":2916,"href":"https:\/\/hul2.mendelu.cz\/index.php?rest_route=\/wp\/v2\/pages\/217\/revisions\/2916"}],"wp:attachment":[{"href":"https:\/\/hul2.mendelu.cz\/index.php?rest_route=%2Fwp%2Fv2%2Fmedia&parent=217"}],"curies":[{"name":"wp","href":"https:\/\/api.w.org\/{rel}","templated":true}]}}