{"id":220,"date":"2022-01-06T20:58:34","date_gmt":"2022-01-06T19:58:34","guid":{"rendered":"http:\/\/hul2.mendelu.cz\/?page_id=220"},"modified":"2024-03-18T19:04:02","modified_gmt":"2024-03-18T18:04:02","slug":"okruhy-ke-zkousce","status":"publish","type":"page","link":"https:\/\/hul2.mendelu.cz\/?page_id=220","title":{"rendered":"Okruhy ke zkou\u0161ce"},"content":{"rendered":"<p><strong>Blok A &#8211; Hospod\u00e1\u0159sk\u00e1 \u00faprava pase\u010dn\u00e9ho a nepase\u010dn\u00e9ho lesa (<a href=\"https:\/\/hul.mendelu.cz\/\">opakov\u00e1n\u00ed bakal\u00e1\u0159sk\u00e9 l\u00e1tky p\u0159edm\u011btu<\/a>) <\/strong><\/p>\n<ul>\n<li>Definice pojmu &#8222;hospod\u00e1\u0159sk\u00e1 \u00faprava lesa&#8220; (H\u00daL).<\/li>\n<li>Charakteristika les\u016f s bohatou strukturou.<\/li>\n<li>N\u00e1le\u017eitosti lesn\u00edho hospod\u00e1\u0159sk\u00e9ho pl\u00e1nu (LHP), resp. osnovy (LHO).<\/li>\n<li>Informa\u010dn\u00ed standard lesn\u00edho hospod\u00e1\u0159stv\u00ed (IS LH).<\/li>\n<li>Lesnick\u00e1 typologie (Typologick\u00fd klasifika\u010dn\u00ed syst\u00e9m \u00daH\u00daL).<\/li>\n<li>Rozd\u011blen\u00ed lesa.<\/li>\n<li>Popis porostu, principy zji\u0161\u0165ov\u00e1n\u00ed stavu les\u016f s bohatou strukturou na trval\u00fdch v\u00fdb\u011brov\u00fdch ploch\u00e1ch.<\/li>\n<li>Hospod\u00e1\u0159sk\u00fd soubor (HS), typ v\u00fdvoje lesa (TVL) a hospod\u00e1\u0159sk\u00e1 skupina (HSK).<\/li>\n<li>Kontroln\u00ed metody v za\u0159\u00edzen\u00ed les\u016f.<\/li>\n<li>Statistick\u00e1 provozn\u00ed inventarizace lesa (SPI).<\/li>\n<li>Et\u00e1t pase\u010dn\u00e9ho a nepase\u010dn\u00e9ho lesa.<\/li>\n<\/ul>\n<p><strong>Blok B &#8211; Integrativn\u00ed hospod\u00e1\u0159sk\u00e1 \u00faprava les\u016f<br \/><\/strong><\/p>\n<ul>\n<li>Viz obsah <a href=\"https:\/\/hul2.mendelu.cz\/?page_id=125\">Teorie<\/a> a <a href=\"https:\/\/hul2.mendelu.cz\/?page_id=35\">P\u0159edn\u00e1\u0161ek<\/a> tohoto p\u0159edm\u011btu<\/li>\n<\/ul>\n\n\n<ul>\n<li>Lesnick\u00e9 hospoda\u0159en\u00ed a biodiverzita.<\/li>\n<li>Vybran\u00e9 lesnicky orientovan\u00e9 managementov\u00e9 syst\u00e9my podporuj\u00edc\u00ed biodiverzitu.<\/li>\n<li>P\u0159\u00edrod\u011b bl\u00edzk\u00e9 a p\u0159\u00edrod\u011b bli\u017e\u0161\u00ed lesnictv\u00ed: implementace do lesnictv\u00ed.<\/li>\n<li>Krit\u00e9ria a ukazatele biologick\u00e9 rozmanitosti les\u016f.<\/li>\n<li>Managementov\u00e9 (p\u011bstebn\u00ed) syst\u00e9my a v\u00edce\u00fa\u010delov\u00e9 lesnictv\u00ed ekosyst\u00e9mov\u00fdch slu\u017eeb.<\/li>\n<li>Integrativn\u00ed lesnictv\u00ed.<\/li>\n<li>Biotopov\u00e9 stromy.<\/li>\n<li>Jak integrovat prvky ochrany p\u0159\u00edrody do hospod\u00e1\u0159sk\u00e9 \u00fapravy hospod\u00e1\u0159sk\u00e9ho lesa.<\/li>\n<li>Marteloskop a jeho vyu\u017eit\u00ed v integrativn\u00edm lesnictv\u00ed.<\/li>\n<li>P\u0159\u00edklady dobr\u00e9 praxe p\u0159\u00edrod\u011b bli\u017e\u0161\u00edho lesnictv\u00ed.<\/li>\n<li>Jak na zlep\u0161ov\u00e1n\u00ed integrace prvk\u016f ochrany p\u0159\u00edrody do hospod\u00e1\u0159sk\u00e9 \u00fapravy hospod\u00e1\u0159sk\u00e9ho lesa.<\/li>\n<\/ul>\n","protected":false},"excerpt":{"rendered":"<p>Blok A &#8211; Hospod\u00e1\u0159sk\u00e1 \u00faprava pase\u010dn\u00e9ho a nepase\u010dn\u00e9ho lesa (opakov\u00e1n\u00ed bakal\u00e1\u0159sk\u00e9 l\u00e1tky p\u0159edm\u011btu) Definice pojmu &#8222;hospod\u00e1\u0159sk\u00e1 \u00faprava lesa&#8220; (H\u00daL). Charakteristika les\u016f s bohatou strukturou. N\u00e1le\u017eitosti lesn\u00edho hospod\u00e1\u0159sk\u00e9ho pl\u00e1nu (LHP), resp. osnovy (LHO). Informa\u010dn\u00ed standard lesn\u00edho hospod\u00e1\u0159stv\u00ed (IS LH). Lesnick\u00e1 typologie (Typologick\u00fd klasifika\u010dn\u00ed syst\u00e9m \u00daH\u00daL). Rozd\u011blen\u00ed lesa. Popis porostu, principy zji\u0161\u0165ov\u00e1n\u00ed stavu les\u016f s bohatou strukturou [&hellip;]<\/p>\n","protected":false},"author":4,"featured_media":0,"parent":0,"menu_order":0,"comment_status":"closed","ping_status":"closed","template":"","meta":{"zakra_page_container_layout":"customizer","zakra_page_sidebar_layout":"customizer","zakra_remove_content_margin":false,"zakra_sidebar":"customizer","zakra_transparent_header":"customizer","zakra_logo":0,"zakra_main_header_style":"default","zakra_menu_item_color":"","zakra_menu_item_hover_color":"","zakra_menu_item_active_color":"","zakra_menu_active_style":"","zakra_page_header":true,"footnotes":""},"class_list":["post-220","page","type-page","status-publish","hentry"],"_links":{"self":[{"href":"https:\/\/hul2.mendelu.cz\/index.php?rest_route=\/wp\/v2\/pages\/220","targetHints":{"allow":["GET"]}}],"collection":[{"href":"https:\/\/hul2.mendelu.cz\/index.php?rest_route=\/wp\/v2\/pages"}],"about":[{"href":"https:\/\/hul2.mendelu.cz\/index.php?rest_route=\/wp\/v2\/types\/page"}],"author":[{"embeddable":true,"href":"https:\/\/hul2.mendelu.cz\/index.php?rest_route=\/wp\/v2\/users\/4"}],"replies":[{"embeddable":true,"href":"https:\/\/hul2.mendelu.cz\/index.php?rest_route=%2Fwp%2Fv2%2Fcomments&post=220"}],"version-history":[{"count":9,"href":"https:\/\/hul2.mendelu.cz\/index.php?rest_route=\/wp\/v2\/pages\/220\/revisions"}],"predecessor-version":[{"id":2799,"href":"https:\/\/hul2.mendelu.cz\/index.php?rest_route=\/wp\/v2\/pages\/220\/revisions\/2799"}],"wp:attachment":[{"href":"https:\/\/hul2.mendelu.cz\/index.php?rest_route=%2Fwp%2Fv2%2Fmedia&parent=220"}],"curies":[{"name":"wp","href":"https:\/\/api.w.org\/{rel}","templated":true}]}}