{"id":222,"date":"2020-05-20T01:11:59","date_gmt":"2020-05-20T00:11:59","guid":{"rendered":"http:\/\/hul2.mendelu.cz\/?page_id=222"},"modified":"2024-09-14T06:09:47","modified_gmt":"2024-09-14T05:09:47","slug":"odkazy","status":"publish","type":"page","link":"https:\/\/hul2.mendelu.cz\/?page_id=222","title":{"rendered":"Odkazy"},"content":{"rendered":"\n<div align=\"left\"><a href=\"http:\/\/www.uhul.cz\/\">\u00daH\u00daL Brand\u00fds nad Labem<\/a><br \/><a href=\"http:\/\/www.mze.cz\/\">Ministerstvo zem\u011bd\u011blstv\u00ed<\/a><br \/><a href=\"http:\/\/www.env.cz\/\">Ministerstvo \u017eivotn\u00edho prost\u0159ed\u00ed<\/a><\/div>\n<div align=\"left\"><a href=\"https:\/\/www.vulhm.cz\/\">V\u00fdzkumn\u00fd \u00fastav lesn\u00edho hospod\u00e1\u0159stv\u00ed a myslivosti<\/a><\/div>\n<div align=\"left\">\u00a0<\/div>\n<div align=\"left\"><a href=\"https:\/\/prosilvabohemica.cz\/\">Pro Silva Bohemica<\/a><\/div>\n<div align=\"left\">\u00a0<\/div>\n<div align=\"left\"><a href=\"http:\/\/www.lesprace.cz\/casopis-lesnicka-prace\/\">\u010dasopis: Lesnick\u00e1 pr\u00e1<\/a><a href=\"http:\/\/www.silvarium.com\/lesprace\/lp_archiv.html\">ce <\/a><br \/><a href=\"https:\/\/lesycr.cz\/casopis-lesu-zdar\/\">\u010dasopis: Lesu zdar<\/a><\/div>\n<div align=\"left\"><a href=\"https:\/\/www.vulhm.cz\/zlv-online\/\">\u010dasopis: Zpr\u00e1vy lesnick\u00e9ho v\u00fdzkumu<\/a><\/div>\n<div align=\"left\">\u00a0<\/div>\n<div align=\"left\"><strong>Legislativa<\/strong>: <a href=\"https:\/\/eagri.cz\/public\/web\/mze\/legislativa\/pravni-predpisy-mze\/tematicky-prehled\/Legislativa-MZe_uplna-zneni_zakon-1995-289-viceoblasti.html\">Lesn\u00ed z\u00e1kon<\/a><\/div>\n<div align=\"left\"><strong>Legislativa<\/strong>: Vyhl\u00e1\u0161ka \u010d. 298\/2018 Sb., o zpracov\u00e1n\u00ed oblastn\u00edch pl\u00e1n\u016f rozvoje les\u016f a o vymezen\u00ed hospod\u00e1\u0159sk\u00fdch soubor\u016f (<a href=\"https:\/\/eagri.cz\/public\/web\/mze\/legislativa\/pravni-predpisy-mze\/chronologicky-prehled\/Legislativa-MZe_puvodni-zneni_vyhlaska-2018-298.html\">novela vyhl\u00e1\u0161ky \u010d. 83\/1996 Sb.<\/a>)<\/div>\n<div align=\"left\"><strong>Legislativa<\/strong>: Vyhl\u00e1\u0161ka \u010d. 186\/2022 Sb., o lesn\u00edm hospod\u00e1\u0159sk\u00e9m pl\u00e1nov\u00e1n\u00ed (<a href=\"https:\/\/eagri.cz\/public\/web\/mze\/legislativa\/pravni-predpisy-mze\/tematicky-prehled\/Legislativa-MZe_uplna-zneni_vyhlaska-2022-186-novela-84-1996.html\">novela vyhl\u00e1\u0161ky \u010d. 84\/1996 Sb.<\/a>)\u00a0<\/div>\n<div align=\"left\">\u00a0<\/div>\n<div align=\"left\"><strong>P\u0159edm\u011bt<\/strong>: <a href=\"https:\/\/hul.mendelu.cz\/\">Hospod\u00e1\u0159sk\u00e1 \u00faprava les\u016f <\/a><\/div>\n<div align=\"left\"><strong>P\u0159edm\u011bt<\/strong>: <a href=\"https:\/\/nop.mendelu.cz\/\">Nauka o r\u016fstu lesa<\/a><\/div>\n<div align=\"left\">\u00a0<\/div>\n<div align=\"left\"><strong>Projekt<\/strong>: &#8222;<a href=\"http:\/\/www.frameadapt.cz\/\">R\u00e1mce a mo\u017enosti lesnick\u00fdch adapta\u010dn\u00edch opat\u0159en\u00ed &#8230; <\/a>&#8222;<\/div>\n<div align=\"left\"><strong>Projekt<\/strong>: &#8222;<a href=\"https:\/\/uzpl-fraxinus.mendelu.cz\/index.php\/forrisk\">P\u0159eshrani\u010dn\u00ed \u0159\u00edzen\u00ed rizik v lesnictv\u00ed<\/a>&#8222;<\/div>\n<div align=\"left\">\u00a0<\/div>\n<div align=\"left\"><strong>Tematicky zam\u011b\u0159en\u00e1 videa<\/strong> &#8211; doporu\u010dujeme ke shl\u00e9dnut\u00ed:<\/div>\n<ul style=\"list-style-type: circle;\">\n<li>Webinar &#8211; From policy to practise: <a href=\"https:\/\/www.youtube.com\/watch?v=kM3VvZF0k9A&amp;ab_channel=For%C3%AAt.Nature\">European guidelines for closer-to-nature forestry anf their application<\/a>. 13.03.2024<\/li>\n<li>ThinkForest webinar: <a href=\"https:\/\/www.youtube.com\/watch?v=lf21hiJGKu0&amp;t=18s&amp;ab_channel=EuropeanForestInstitute\">Implementing Closer-to-Nature Forest Management<\/a> was held on October 24, 2023.<\/li>\n<li>ThinkForest webinar: <a href=\"https:\/\/www.youtube.com\/watch?v=lw1NasD22jg&amp;ab_channel=EuropeanForestInstitute\"><strong>Closer to Nature Forest Management<\/strong><\/a> was held on April 6, 2022.<\/li>\n<li>Webinar <a href=\"https:\/\/youtu.be\/S8fWOr7KUIY\"><strong>How \u201cClose-to-Nature\u201d Is the Management of European Forests?<\/strong><\/a>, organized by the Confederation of European Forest Owners (CEPF) and the European State Forest Association (EUSTAFOR) was held on Thursday, 10 March 2022 .<\/li>\n<\/ul>\n<p>\u00a0<\/p>\n\n\n\n<p><\/p>\n","protected":false},"excerpt":{"rendered":"<p>\u00daH\u00daL Brand\u00fds nad LabemMinisterstvo zem\u011bd\u011blstv\u00edMinisterstvo \u017eivotn\u00edho prost\u0159ed\u00ed V\u00fdzkumn\u00fd \u00fastav lesn\u00edho hospod\u00e1\u0159stv\u00ed a myslivosti \u00a0 Pro Silva Bohemica \u00a0 \u010dasopis: Lesnick\u00e1 pr\u00e1ce \u010dasopis: Lesu zdar \u010dasopis: Zpr\u00e1vy lesnick\u00e9ho v\u00fdzkumu \u00a0 Legislativa: Lesn\u00ed z\u00e1kon Legislativa: Vyhl\u00e1\u0161ka \u010d. 298\/2018 Sb., o zpracov\u00e1n\u00ed oblastn\u00edch pl\u00e1n\u016f rozvoje les\u016f a o vymezen\u00ed hospod\u00e1\u0159sk\u00fdch soubor\u016f (novela vyhl\u00e1\u0161ky \u010d. 83\/1996 Sb.) Legislativa: Vyhl\u00e1\u0161ka [&hellip;]<\/p>\n","protected":false},"author":4,"featured_media":0,"parent":0,"menu_order":7,"comment_status":"closed","ping_status":"closed","template":"","meta":{"zakra_page_container_layout":"customizer","zakra_page_sidebar_layout":"customizer","zakra_remove_content_margin":false,"zakra_sidebar":"customizer","zakra_transparent_header":"customizer","zakra_logo":0,"zakra_main_header_style":"default","zakra_menu_item_color":"","zakra_menu_item_hover_color":"","zakra_menu_item_active_color":"","zakra_menu_active_style":"","zakra_page_header":true,"footnotes":""},"class_list":["post-222","page","type-page","status-publish","hentry"],"_links":{"self":[{"href":"https:\/\/hul2.mendelu.cz\/index.php?rest_route=\/wp\/v2\/pages\/222","targetHints":{"allow":["GET"]}}],"collection":[{"href":"https:\/\/hul2.mendelu.cz\/index.php?rest_route=\/wp\/v2\/pages"}],"about":[{"href":"https:\/\/hul2.mendelu.cz\/index.php?rest_route=\/wp\/v2\/types\/page"}],"author":[{"embeddable":true,"href":"https:\/\/hul2.mendelu.cz\/index.php?rest_route=\/wp\/v2\/users\/4"}],"replies":[{"embeddable":true,"href":"https:\/\/hul2.mendelu.cz\/index.php?rest_route=%2Fwp%2Fv2%2Fcomments&post=222"}],"version-history":[{"count":31,"href":"https:\/\/hul2.mendelu.cz\/index.php?rest_route=\/wp\/v2\/pages\/222\/revisions"}],"predecessor-version":[{"id":2814,"href":"https:\/\/hul2.mendelu.cz\/index.php?rest_route=\/wp\/v2\/pages\/222\/revisions\/2814"}],"wp:attachment":[{"href":"https:\/\/hul2.mendelu.cz\/index.php?rest_route=%2Fwp%2Fv2%2Fmedia&parent=222"}],"curies":[{"name":"wp","href":"https:\/\/api.w.org\/{rel}","templated":true}]}}