{"id":2233,"date":"2023-08-20T07:23:25","date_gmt":"2023-08-20T06:23:25","guid":{"rendered":"https:\/\/hul2.mendelu.cz\/?page_id=2233"},"modified":"2023-08-20T08:02:07","modified_gmt":"2023-08-20T07:02:07","slug":"mapa-stranek-webu-aneb-co-vsechno-tady-a-v-prehlednem-cleneni-najdu","status":"publish","type":"page","link":"https:\/\/hul2.mendelu.cz\/?page_id=2233","title":{"rendered":"Mapa str\u00e1nek webu, aneb co v\u0161echno tady najdu v p\u0159ehledn\u00e9m \u010dlen\u011bn\u00ed"},"content":{"rendered":"\n<p><code><div id=\"simple-sitemap-container-6a00ec6185a19\" class=\"simple-sitemap-container simple-sitemap-container-6a00ec6185a19 tab-disabled\"><div class=\"simple-sitemap-wrap\"><h3 class=\"post-type\">Str\u00e1nky<\/h3><ul class=\"simple-sitemap-page main\"><li class=\"sitemap-item page_item page-item-17 page_item_has_children\"><a href=\"https:\/\/hul2.mendelu.cz\/\">C\u00edl p\u0159edm\u011btu<\/a>\n<ul class='children'>\n\t<li class=\"sitemap-item page_item page-item-2233\"><a href=\"https:\/\/hul2.mendelu.cz\/?page_id=2233\">Mapa str\u00e1nek webu, aneb co v\u0161echno tady najdu v p\u0159ehledn\u00e9m \u010dlen\u011bn\u00ed<\/a><\/li>\n<\/ul>\n<\/li>\n<li class=\"sitemap-item page_item page-item-76 page_item_has_children\"><a href=\"https:\/\/hul2.mendelu.cz\/?page_id=76\">Cvi\u010den\u00ed<\/a>\n<ul class='children'>\n\t<li class=\"sitemap-item page_item page-item-2491\"><a href=\"https:\/\/hul2.mendelu.cz\/?page_id=2491\">Podklady ke cvi\u010den\u00edm<\/a><\/li>\n\t<li class=\"sitemap-item page_item page-item-2739\"><a href=\"https:\/\/hul2.mendelu.cz\/?page_id=2739\">Skupinov\u00e9 zad\u00e1n\u00ed \u201eIdeov\u00e9ho pl\u00e1nu\u201c elabor\u00e1tu z\u00a0p\u0159edm\u011btu Integrativn\u00ed hospod\u00e1\u0159sk\u00e1 \u00faprava les\u016f<\/a><\/li>\n\t<li class=\"sitemap-item page_item page-item-2746\"><a href=\"https:\/\/hul2.mendelu.cz\/?page_id=2746\">Skupiny student\u016f pro blokov\u00e1 cvi\u010den\u00ed, v\u010detn\u011b cvi\u010den\u00ed hlavn\u00edch<\/a><\/li>\n<\/ul>\n<\/li>\n<li class=\"sitemap-item page_item page-item-701\"><a href=\"https:\/\/hul2.mendelu.cz\/?page_id=701\">Hlavn\u00ed cvi\u010den\u00ed<\/a><\/li>\n<li class=\"sitemap-item page_item page-item-227\"><a href=\"https:\/\/hul2.mendelu.cz\/?page_id=227\">Kontakty<\/a><\/li>\n<li class=\"sitemap-item page_item page-item-225 page_item_has_children\"><a href=\"https:\/\/hul2.mendelu.cz\/?page_id=225\">Literatura<\/a>\n<ul class='children'>\n\t<li class=\"sitemap-item page_item page-item-2335\"><a href=\"https:\/\/hul2.mendelu.cz\/?page_id=2335\">V\u00fdb\u011br literatury na t\u00e9ma \"Hospod\u00e1\u0159sk\u00e1 \u00faprava lesa a ekosyst\u00e9mov\u00e9 slu\u017eby\"<\/a><\/li>\n\t<li class=\"sitemap-item page_item page-item-2320\"><a href=\"https:\/\/hul2.mendelu.cz\/?page_id=2320\">V\u00fdb\u011br literatury na t\u00e9ma \u201cHospod\u00e1\u0159sk\u00e1 \u00faprava lesa a biodiverzita\u201d<\/a><\/li>\n<\/ul>\n<\/li>\n<li class=\"sitemap-item page_item page-item-2801\"><a href=\"https:\/\/hul2.mendelu.cz\/?page_id=2801\">Nab\u00eddka na spolupr\u00e1ci<\/a><\/li>\n<li class=\"sitemap-item page_item page-item-222 page_item_has_children\"><a href=\"https:\/\/hul2.mendelu.cz\/?page_id=222\">Odkazy<\/a>\n<ul class='children'>\n\t<li class=\"sitemap-item page_item page-item-2526\"><a href=\"https:\/\/hul2.mendelu.cz\/?page_id=2526\">Informace o stavu (nejen) evropsk\u00fdch les\u016f<\/a><\/li>\n<\/ul>\n<\/li>\n<li class=\"sitemap-item page_item page-item-220\"><a href=\"https:\/\/hul2.mendelu.cz\/?page_id=220\">Okruhy ke zkou\u0161ce<\/a><\/li>\n<li class=\"sitemap-item page_item page-item-35 page_item_has_children\"><a href=\"https:\/\/hul2.mendelu.cz\/?page_id=35\">P\u0159edn\u00e1\u0161ky<\/a>\n<ul class='children'>\n\t<li class=\"sitemap-item page_item page-item-1485\"><a href=\"https:\/\/hul2.mendelu.cz\/?page_id=1485\">1 \u2013 Lesnick\u00e9 hospoda\u0159en\u00ed a biodiverzita<\/a><\/li>\n\t<li class=\"sitemap-item page_item page-item-1503\"><a href=\"https:\/\/hul2.mendelu.cz\/?page_id=1503\">10 - P\u0159\u00edklady dobr\u00e9 praxe p\u0159\u00edrod\u011b bli\u017e\u0161\u00edho lesnictv\u00ed<\/a><\/li>\n\t<li class=\"sitemap-item page_item page-item-1505\"><a href=\"https:\/\/hul2.mendelu.cz\/?page_id=1505\">11 - Jak na zlep\u0161ov\u00e1n\u00ed integrace prvk\u016f ochrany p\u0159\u00edrody do hospod\u00e1\u0159sk\u00e9 \u00fapravy hospod\u00e1\u0159sk\u00e9ho lesa<\/a><\/li>\n\t<li class=\"sitemap-item page_item page-item-1487\"><a href=\"https:\/\/hul2.mendelu.cz\/?page_id=1487\">2 - Vybran\u00e9 lesnicky orientovan\u00e9 managementov\u00e9 syst\u00e9my podporuj\u00edc\u00ed biodiverzitu<\/a><\/li>\n\t<li class=\"sitemap-item page_item page-item-1489\"><a href=\"https:\/\/hul2.mendelu.cz\/?page_id=1489\">3 - P\u0159\u00edrod\u011b bl\u00edzk\u00e9 a p\u0159\u00edrod\u011b bli\u017e\u0161\u00ed lesnictv\u00ed - manu\u00e1l pro celoevropskou implementaci<\/a><\/li>\n\t<li class=\"sitemap-item page_item page-item-1491\"><a href=\"https:\/\/hul2.mendelu.cz\/?page_id=1491\">4 - Krit\u00e9ria a ukazatele biologick\u00e9 rozmanitosti les\u016f<\/a><\/li>\n\t<li class=\"sitemap-item page_item page-item-1493\"><a href=\"https:\/\/hul2.mendelu.cz\/?page_id=1493\">5 - Managementov\u00e9 (p\u011bstebn\u00ed) syst\u00e9my a v\u00edce\u00fa\u010delov\u00e9 lesnictv\u00ed ekosyst\u00e9mov\u00fdch slu\u017eeb<\/a><\/li>\n\t<li class=\"sitemap-item page_item page-item-1495\"><a href=\"https:\/\/hul2.mendelu.cz\/?page_id=1495\">6 - Integrativn\u00ed lesnictv\u00ed<\/a><\/li>\n\t<li class=\"sitemap-item page_item page-item-1497\"><a href=\"https:\/\/hul2.mendelu.cz\/?page_id=1497\">7 - Jak na vyv\u00e1\u017eenou integraci prvk\u016f ochrany p\u0159\u00edrody do hospod\u00e1\u0159sk\u00e9 \u00fapravy hospod\u00e1\u0159sk\u00e9ho lesa<\/a><\/li>\n\t<li class=\"sitemap-item page_item page-item-1499\"><a href=\"https:\/\/hul2.mendelu.cz\/?page_id=1499\">8 - Hlavn\u00ed hnac\u00ed faktory integrovan\u00e9ho lesn\u00edho hospod\u00e1\u0159stv\u00ed \u2013 nad v\u00fdsledky v\u00fdzkumu<\/a><\/li>\n\t<li class=\"sitemap-item page_item page-item-1501\"><a href=\"https:\/\/hul2.mendelu.cz\/?page_id=1501\">9 - Marteloskop a jeho vyu\u017eit\u00ed v integrativn\u00edm lesnictv\u00ed<\/a><\/li>\n<\/ul>\n<\/li>\n<li class=\"sitemap-item page_item page-item-2909\"><a href=\"https:\/\/hul2.mendelu.cz\/?page_id=2909\">Skupinov\u00e9 zad\u00e1n\u00ed \"Zkr\u00e1cen\u00e9ho ideov\u00e9ho pl\u00e1nu\" elabor\u00e1tu z p\u0159edm\u011btu Integrativn\u00ed hospod\u00e1\u0159sk\u00e1 \u00faprava les\u016f - kombinovan\u00e1 forma<\/a><\/li>\n<li class=\"sitemap-item page_item page-item-125 page_item_has_children\"><a href=\"https:\/\/hul2.mendelu.cz\/?page_id=125\">Teorie<\/a>\n<ul class='children'>\n\t<li class=\"sitemap-item page_item page-item-1640 page_item_has_children\"><a href=\"https:\/\/hul2.mendelu.cz\/?page_id=1640\">Integrativn\u00ed lesnictv\u00ed<\/a>\n\t<ul class='children'>\n\t\t<li class=\"sitemap-item page_item page-item-1656\"><a href=\"https:\/\/hul2.mendelu.cz\/?page_id=1656\">Biotopov\u00e9 stromy a d\u0159evo v rozkladu: kl\u00ed\u010dov\u00e9 prvky pro biologickou rozmanitost les\u016f<\/a><\/li>\n\t\t<li class=\"sitemap-item page_item page-item-1650\"><a href=\"https:\/\/hul2.mendelu.cz\/?page_id=1650\">Evropsk\u00e9 iniciativy t\u00fdkaj\u00edc\u00ed se krit\u00e9ri\u00ed a ukazatel\u016f biologick\u00e9 rozmanitosti les\u016f<\/a><\/li>\n\t\t<li class=\"sitemap-item page_item page-item-1660\"><a href=\"https:\/\/hul2.mendelu.cz\/?page_id=1660\">Funk\u010dn\u00ed \u00faloha biodiverzity v les\u00edch<\/a><\/li>\n\t\t<li class=\"sitemap-item page_item page-item-1647\"><a href=\"https:\/\/hul2.mendelu.cz\/?page_id=1647\">Integrovat nebo segregovat: vyv\u00e1\u017een\u00ed produkce komodit a zachov\u00e1n\u00ed biologick\u00e9 rozmanitosti v evropsk\u00fdch les\u00edch<\/a><\/li>\n\t\t<li class=\"sitemap-item page_item page-item-1653 page_item_has_children\"><a href=\"https:\/\/hul2.mendelu.cz\/?page_id=1653\">P\u011bstebn\u00ed syst\u00e9my a v\u00edce\u00fa\u010delov\u00e9 lesnictv\u00ed<\/a>\n\t\t<ul class='children'>\n\t\t\t<li class=\"sitemap-item page_item page-item-2374\"><a href=\"https:\/\/hul2.mendelu.cz\/?page_id=2374\">R\u00e1mce ekosyst\u00e9mov\u00fdch slu\u017eeb v hospod\u00e1\u0159sko-\u00fapravnick\u00e9m pl\u00e1nov\u00e1n\u00ed<\/a><\/li>\n\t\t<\/ul>\n<\/li>\n\t<\/ul>\n<\/li>\n\t<li class=\"sitemap-item page_item page-item-1899 page_item_has_children\"><a href=\"https:\/\/hul2.mendelu.cz\/?page_id=1899\">Lesnick\u00e9 hospoda\u0159en\u00ed a biodiverzita<\/a>\n\t<ul class='children'>\n\t\t<li class=\"sitemap-item page_item page-item-1908\"><a href=\"https:\/\/hul2.mendelu.cz\/?page_id=1908\">Biodiverzita a hospod\u00e1\u0159sk\u00e1 \u00faprava lesa<\/a><\/li>\n\t\t<li class=\"sitemap-item page_item page-item-2348\"><a href=\"https:\/\/hul2.mendelu.cz\/?page_id=2348\">Jak hospoda\u0159it v les\u00edch s ohledem na ochranu a podporu biodiverzity<\/a><\/li>\n\t\t<li class=\"sitemap-item page_item page-item-1904\"><a href=\"https:\/\/hul2.mendelu.cz\/?page_id=1904\">P\u0159\u00ed\u010diny ohro\u017een\u00ed biodiverzity<\/a><\/li>\n\t\t<li class=\"sitemap-item page_item page-item-1906\"><a href=\"https:\/\/hul2.mendelu.cz\/?page_id=1906\">Typy lesa jako v\u00fdsledek managementu, resp. hospod\u00e1\u0159sk\u00e9 \u00fapravy lesa<\/a><\/li>\n\t<\/ul>\n<\/li>\n\t<li class=\"sitemap-item page_item page-item-1684\"><a href=\"https:\/\/hul2.mendelu.cz\/?page_id=1684\">Marteloskop - co to je?<\/a><\/li>\n\t<li class=\"sitemap-item page_item page-item-1666 page_item_has_children\"><a href=\"https:\/\/hul2.mendelu.cz\/?page_id=1666\">Vybran\u00e9 lesnicky orientovan\u00e9 managementov\u00e9 syst\u00e9my podporuj\u00edc\u00ed biodiverzitu<\/a>\n\t<ul class='children'>\n\t\t<li class=\"sitemap-item page_item page-item-1675 page_item_has_children\"><a href=\"https:\/\/hul2.mendelu.cz\/?page_id=1675\">Dauerwald<\/a>\n\t\t<ul class='children'>\n\t\t\t<li class=\"sitemap-item page_item page-item-1950\"><a href=\"https:\/\/hul2.mendelu.cz\/?page_id=1950\">Les a lesnictv\u00ed s kontinu\u00e1ln\u00edm pokryvem lesa (CCF)<\/a><\/li>\n\t\t<\/ul>\n<\/li>\n\t\t<li class=\"sitemap-item page_item page-item-1679\"><a href=\"https:\/\/hul2.mendelu.cz\/?page_id=1679\">Ekologick\u00e9 lesnictv\u00ed<\/a><\/li>\n\t\t<li class=\"sitemap-item page_item page-item-1688\"><a href=\"https:\/\/hul2.mendelu.cz\/?page_id=1688\">Integrativn\u00ed lesnictv\u00ed<\/a><\/li>\n\t\t<li class=\"sitemap-item page_item page-item-1673 page_item_has_children\"><a href=\"https:\/\/hul2.mendelu.cz\/?page_id=1673\">P\u0159\u00edrod\u011b bl\u00edzk\u00e9 lesnictv\u00ed<\/a>\n\t\t<ul class='children'>\n\t\t\t<li class=\"sitemap-item page_item page-item-1953\"><a href=\"https:\/\/hul2.mendelu.cz\/?page_id=1953\">P\u0159\u00edrod\u011b bli\u017e\u0161\u00ed lesnictv\u00ed (Closer to Nature Forestry) - r\u00e1mce a manu\u00e1l pro flexibiln\u00ed celoevropskou implementaci<\/a><\/li>\n\t\t<\/ul>\n<\/li>\n\t\t<li class=\"sitemap-item page_item page-item-1682\"><a href=\"https:\/\/hul2.mendelu.cz\/?page_id=1682\">Reten\u010dn\u00ed lesnictv\u00ed<\/a><\/li>\n\t\t<li class=\"sitemap-item page_item page-item-1692\"><a href=\"https:\/\/hul2.mendelu.cz\/?page_id=1692\">Syst\u00e9m TRIAD (v\u010detn\u011b biologick\u00e9ho d\u011bdictv\u00ed) \u2013 rozd\u011blen\u00ed krajiny do t\u0159\u00ed typ\u016f managementu<\/a><\/li>\n\t\t<li class=\"sitemap-item page_item page-item-1696\"><a href=\"https:\/\/hul2.mendelu.cz\/?page_id=1696\">Tradi\u010dn\u00ed (lesnick\u00e9) managementy<\/a><\/li>\n\t<\/ul>\n<\/li>\n\t<li class=\"sitemap-item page_item page-item-2034 page_item_has_children\"><a href=\"https:\/\/hul2.mendelu.cz\/?page_id=2034\">Vyva\u017eov\u00e1n\u00ed produk\u010dn\u011b orientovan\u00e9ho lesnictv\u00ed a zachov\u00e1v\u00e1n\u00ed biologick\u00e9 rozmanitosti<\/a>\n\t<ul class='children'>\n\t\t<li class=\"sitemap-item page_item page-item-2131\"><a href=\"https:\/\/hul2.mendelu.cz\/?page_id=2131\">Co chyb\u00ed \u0161iroce \u00fasp\u011b\u0161n\u00e9 aplikaci integrativn\u00edho hospoda\u0159en\u00ed v les\u00edch?<\/a><\/li>\n\t\t<li class=\"sitemap-item page_item page-item-2053\"><a href=\"https:\/\/hul2.mendelu.cz\/?page_id=2053\">Hnac\u00ed faktory integrovan\u00e9ho lesn\u00edho hospod\u00e1\u0159stv\u00ed v Evrop\u011b \u2013 poznatky z empirick\u00e9ho hodnocen\u00ed p\u0159\u00edpadov\u00e9 studie<\/a><\/li>\n\t\t<li class=\"sitemap-item page_item page-item-2043\"><a href=\"https:\/\/hul2.mendelu.cz\/?page_id=2043\">Jak na integraci prvk\u016f ochrany p\u0159\u00edrody do hospod\u00e1\u0159sk\u00e9 \u00fapravy hospod\u00e1\u0159sk\u00fdch les\u016f<\/a><\/li>\n\t\t<li class=\"sitemap-item page_item page-item-2083\"><a href=\"https:\/\/hul2.mendelu.cz\/?page_id=2083\">P\u0159\u00edklady dobr\u00e9 praxe \"p\u0159\u00edrod\u011b bli\u017e\u0161\u00edho hospoda\u0159en\u00ed\" v les\u00edch na \u00farovni lesn\u00edho majetku a krajiny<\/a><\/li>\n\t\t<li class=\"sitemap-item page_item page-item-2102\"><a href=\"https:\/\/hul2.mendelu.cz\/?page_id=2102\">Synt\u00e9za: Zlep\u0161en\u00ed ochrany biodiverzity v evropsk\u00fdch hospod\u00e1\u0159sk\u00fdch les\u00edch vy\u017eaduje pragmatick\u00e9, odv\u00e1\u017en\u00e9 a region\u00e1ln\u011b zako\u0159en\u011bn\u00e9 p\u0159\u00edstupy hospoda\u0159en\u00ed<\/a><\/li>\n\t<\/ul>\n<\/li>\n<\/ul>\n<\/li>\n<li class=\"sitemap-item page_item page-item-217\"><a href=\"https:\/\/hul2.mendelu.cz\/?page_id=217\">Ukon\u010den\u00ed p\u0159edm\u011btu<\/a><\/li>\n<\/ul><\/div><\/div><br style=\"clear: both;\"><\/code><\/p>\n","protected":false},"excerpt":{"rendered":"","protected":false},"author":4,"featured_media":0,"parent":17,"menu_order":0,"comment_status":"closed","ping_status":"closed","template":"","meta":{"zakra_page_container_layout":"customizer","zakra_page_sidebar_layout":"customizer","zakra_remove_content_margin":false,"zakra_sidebar":"customizer","zakra_transparent_header":"customizer","zakra_logo":0,"zakra_main_header_style":"default","zakra_menu_item_color":"","zakra_menu_item_hover_color":"","zakra_menu_item_active_color":"","zakra_menu_active_style":"","zakra_page_header":true,"footnotes":""},"class_list":["post-2233","page","type-page","status-publish","hentry"],"_links":{"self":[{"href":"https:\/\/hul2.mendelu.cz\/index.php?rest_route=\/wp\/v2\/pages\/2233","targetHints":{"allow":["GET"]}}],"collection":[{"href":"https:\/\/hul2.mendelu.cz\/index.php?rest_route=\/wp\/v2\/pages"}],"about":[{"href":"https:\/\/hul2.mendelu.cz\/index.php?rest_route=\/wp\/v2\/types\/page"}],"author":[{"embeddable":true,"href":"https:\/\/hul2.mendelu.cz\/index.php?rest_route=\/wp\/v2\/users\/4"}],"replies":[{"embeddable":true,"href":"https:\/\/hul2.mendelu.cz\/index.php?rest_route=%2Fwp%2Fv2%2Fcomments&post=2233"}],"version-history":[{"count":4,"href":"https:\/\/hul2.mendelu.cz\/index.php?rest_route=\/wp\/v2\/pages\/2233\/revisions"}],"predecessor-version":[{"id":2241,"href":"https:\/\/hul2.mendelu.cz\/index.php?rest_route=\/wp\/v2\/pages\/2233\/revisions\/2241"}],"up":[{"embeddable":true,"href":"https:\/\/hul2.mendelu.cz\/index.php?rest_route=\/wp\/v2\/pages\/17"}],"wp:attachment":[{"href":"https:\/\/hul2.mendelu.cz\/index.php?rest_route=%2Fwp%2Fv2%2Fmedia&parent=2233"}],"curies":[{"name":"wp","href":"https:\/\/api.w.org\/{rel}","templated":true}]}}