{"id":2320,"date":"2023-08-25T00:39:15","date_gmt":"2023-08-24T23:39:15","guid":{"rendered":"https:\/\/hul2.mendelu.cz\/?page_id=2320"},"modified":"2023-08-25T07:00:14","modified_gmt":"2023-08-25T06:00:14","slug":"vyber-literatury-na-tema-hul-a-biodiverzita","status":"publish","type":"page","link":"https:\/\/hul2.mendelu.cz\/?page_id=2320","title":{"rendered":"V\u00fdb\u011br literatury na t\u00e9ma \u201cHospod\u00e1\u0159sk\u00e1 \u00faprava lesa a biodiverzita\u201d"},"content":{"rendered":"<p><em>Automaticky generov\u00e1no z priv\u00e1tn\u00edho prost\u0159ed\u00ed datab\u00e1ze Mendeley (se\u0159azeno sestupn\u011b podle nejnov\u011bj\u0161\u00edch publikac\u00ed). <\/em><\/p>\n\n","protected":false},"excerpt":{"rendered":"<p>Automaticky generov\u00e1no z priv\u00e1tn\u00edho prost\u0159ed\u00ed datab\u00e1ze Mendeley (se\u0159azeno sestupn\u011b podle nejnov\u011bj\u0161\u00edch publikac\u00ed).<\/p>\n","protected":false},"author":4,"featured_media":0,"parent":225,"menu_order":0,"comment_status":"closed","ping_status":"closed","template":"","meta":{"zakra_page_container_layout":"customizer","zakra_page_sidebar_layout":"customizer","zakra_remove_content_margin":false,"zakra_sidebar":"customizer","zakra_transparent_header":"customizer","zakra_logo":0,"zakra_main_header_style":"default","zakra_menu_item_color":"","zakra_menu_item_hover_color":"","zakra_menu_item_active_color":"","zakra_menu_active_style":"","zakra_page_header":true,"footnotes":""},"class_list":["post-2320","page","type-page","status-publish","hentry"],"_links":{"self":[{"href":"https:\/\/hul2.mendelu.cz\/index.php?rest_route=\/wp\/v2\/pages\/2320","targetHints":{"allow":["GET"]}}],"collection":[{"href":"https:\/\/hul2.mendelu.cz\/index.php?rest_route=\/wp\/v2\/pages"}],"about":[{"href":"https:\/\/hul2.mendelu.cz\/index.php?rest_route=\/wp\/v2\/types\/page"}],"author":[{"embeddable":true,"href":"https:\/\/hul2.mendelu.cz\/index.php?rest_route=\/wp\/v2\/users\/4"}],"replies":[{"embeddable":true,"href":"https:\/\/hul2.mendelu.cz\/index.php?rest_route=%2Fwp%2Fv2%2Fcomments&post=2320"}],"version-history":[{"count":8,"href":"https:\/\/hul2.mendelu.cz\/index.php?rest_route=\/wp\/v2\/pages\/2320\/revisions"}],"predecessor-version":[{"id":2334,"href":"https:\/\/hul2.mendelu.cz\/index.php?rest_route=\/wp\/v2\/pages\/2320\/revisions\/2334"}],"up":[{"embeddable":true,"href":"https:\/\/hul2.mendelu.cz\/index.php?rest_route=\/wp\/v2\/pages\/225"}],"wp:attachment":[{"href":"https:\/\/hul2.mendelu.cz\/index.php?rest_route=%2Fwp%2Fv2%2Fmedia&parent=2320"}],"curies":[{"name":"wp","href":"https:\/\/api.w.org\/{rel}","templated":true}]}}