{"id":2335,"date":"2023-08-25T07:01:31","date_gmt":"2023-08-25T06:01:31","guid":{"rendered":"https:\/\/hul2.mendelu.cz\/?page_id=2335"},"modified":"2023-08-25T07:01:34","modified_gmt":"2023-08-25T06:01:34","slug":"vyber-literatury-na-tema-hospodarska-uprava-lesa-a-ekosystemove-sluzby","status":"publish","type":"page","link":"https:\/\/hul2.mendelu.cz\/?page_id=2335","title":{"rendered":"V\u00fdb\u011br literatury na t\u00e9ma &#8222;Hospod\u00e1\u0159sk\u00e1 \u00faprava lesa a ekosyst\u00e9mov\u00e9 slu\u017eby&#8220;"},"content":{"rendered":"\n<p><em>Automaticky generov\u00e1no z priv\u00e1tn\u00edho prost\u0159ed\u00ed datab\u00e1ze Mendeley (se\u0159azeno sestupn\u011b podle nejnov\u011bj\u0161\u00edch publikac\u00ed).<\/em><\/p>\n\n\n\n","protected":false},"excerpt":{"rendered":"<p>Automaticky generov\u00e1no z priv\u00e1tn\u00edho prost\u0159ed\u00ed datab\u00e1ze Mendeley (se\u0159azeno sestupn\u011b podle nejnov\u011bj\u0161\u00edch publikac\u00ed).<\/p>\n","protected":false},"author":4,"featured_media":0,"parent":225,"menu_order":0,"comment_status":"closed","ping_status":"closed","template":"","meta":{"zakra_page_container_layout":"customizer","zakra_page_sidebar_layout":"customizer","zakra_remove_content_margin":false,"zakra_sidebar":"customizer","zakra_transparent_header":"customizer","zakra_logo":0,"zakra_main_header_style":"default","zakra_menu_item_color":"","zakra_menu_item_hover_color":"","zakra_menu_item_active_color":"","zakra_menu_active_style":"","zakra_page_header":true,"footnotes":""},"class_list":["post-2335","page","type-page","status-publish","hentry"],"_links":{"self":[{"href":"https:\/\/hul2.mendelu.cz\/index.php?rest_route=\/wp\/v2\/pages\/2335","targetHints":{"allow":["GET"]}}],"collection":[{"href":"https:\/\/hul2.mendelu.cz\/index.php?rest_route=\/wp\/v2\/pages"}],"about":[{"href":"https:\/\/hul2.mendelu.cz\/index.php?rest_route=\/wp\/v2\/types\/page"}],"author":[{"embeddable":true,"href":"https:\/\/hul2.mendelu.cz\/index.php?rest_route=\/wp\/v2\/users\/4"}],"replies":[{"embeddable":true,"href":"https:\/\/hul2.mendelu.cz\/index.php?rest_route=%2Fwp%2Fv2%2Fcomments&post=2335"}],"version-history":[{"count":1,"href":"https:\/\/hul2.mendelu.cz\/index.php?rest_route=\/wp\/v2\/pages\/2335\/revisions"}],"predecessor-version":[{"id":2336,"href":"https:\/\/hul2.mendelu.cz\/index.php?rest_route=\/wp\/v2\/pages\/2335\/revisions\/2336"}],"up":[{"embeddable":true,"href":"https:\/\/hul2.mendelu.cz\/index.php?rest_route=\/wp\/v2\/pages\/225"}],"wp:attachment":[{"href":"https:\/\/hul2.mendelu.cz\/index.php?rest_route=%2Fwp%2Fv2%2Fmedia&parent=2335"}],"curies":[{"name":"wp","href":"https:\/\/api.w.org\/{rel}","templated":true}]}}