{"id":2491,"date":"2023-09-01T02:08:27","date_gmt":"2023-09-01T01:08:27","guid":{"rendered":"https:\/\/hul2.mendelu.cz\/?page_id=2491"},"modified":"2023-10-11T22:59:38","modified_gmt":"2023-10-11T21:59:38","slug":"mapovy-server-slp-ml-krtiny","status":"publish","type":"page","link":"https:\/\/hul2.mendelu.cz\/?page_id=2491","title":{"rendered":"Podklady ke cvi\u010den\u00edm"},"content":{"rendered":"\n<ul style=\"list-style-type: circle;\">\n<li><a href=\"https:\/\/mendelu.maps.arcgis.com\/apps\/webappviewer\/index.html?id=0f501283f4954430876630b634f84779\">Mapov\u00fd server \u0160LP Masaryk\u016fv les K\u0159tiny<\/a><\/li>\n<li><a href=\"https:\/\/hul2.mendelu.cz\/wp-content\/uploads\/2023\/09\/Ramcove-smernice-hospodareni_A4.pdf\">Modely hospoda\u0159en\u00ed<\/a> &#8211; r\u00e1mcov\u00e9 sm\u011brnice hospoda\u0159en\u00ed s platnost\u00ed od roku 2023<\/li>\n<li><a href=\"https:\/\/hul2.mendelu.cz\/wp-content\/uploads\/2023\/09\/LHP-SLP-Krtiny-a-provozni-koncepce.pdf\">LHP S\u030cLP Kr\u030ctiny a provozni\u0301 koncepce<\/a> &#8211; prezentace: Metodick\u00e1 v\u00fdchodiska tvorby LHP \u0160LP ML K\u0159tiny ve vazb\u011b na Adapta\u010dn\u00ed strategii \u0160LP ML K\u0159tiny (viz n\u00ed\u017ee)<\/li>\n<li><a href=\"https:\/\/hul2.mendelu.cz\/wp-content\/uploads\/2023\/09\/Adaptacni-strategie-SLP-ML-Krtiny_text.pdf\">Adapta\u010dn\u00ed strategie na lesn\u00edch pozemc\u00edch Mendelovy univerzity v Brn\u011b s ohledem na p\u016fsob\u00edc\u00ed klimatickou zm\u011bnu<\/a>\n<ul style=\"list-style-type: circle;\">\n<li><a href=\"https:\/\/hul2.mendelu.cz\/wp-content\/uploads\/2023\/09\/Adaptacni-strategie-SLP-ML-Krtiny_prilohy.pdf\">Adapta\u010dn\u00ed strategie na lesn\u00edch pozemc\u00edch Mendelovy univerzity v Brn\u011b s ohledem na p\u016fsob\u00edc\u00ed klimatickou zm\u011bnu &#8211; P\u0159\u00edlohy<\/a><\/li>\n<\/ul>\n<\/li>\n<li><a href=\"https:\/\/www.uhul.cz\/portfolio\/vystupy-oprl\/\">V\u00fdstupy Oblastn\u00edch pl\u00e1n\u016f rozvoje les\u016f (OPRL), \u00daH\u00daL<\/a><\/li>\n<\/ul>\n\n\n\n<div class=\"wp-block-columns\">\u00a0<\/div>\n<p>\u00a0<\/p>\n","protected":false},"excerpt":{"rendered":"<p>Mapov\u00fd server \u0160LP Masaryk\u016fv les K\u0159tiny Modely hospoda\u0159en\u00ed &#8211; r\u00e1mcov\u00e9 sm\u011brnice hospoda\u0159en\u00ed s platnost\u00ed od roku 2023 LHP S\u030cLP Kr\u030ctiny a provozni\u0301 koncepce &#8211; prezentace: Metodick\u00e1 v\u00fdchodiska tvorby LHP \u0160LP ML K\u0159tiny ve vazb\u011b na Adapta\u010dn\u00ed strategii \u0160LP ML K\u0159tiny (viz n\u00ed\u017ee) Adapta\u010dn\u00ed strategie na lesn\u00edch pozemc\u00edch Mendelovy univerzity v Brn\u011b s ohledem na p\u016fsob\u00edc\u00ed [&hellip;]<\/p>\n","protected":false},"author":4,"featured_media":0,"parent":76,"menu_order":0,"comment_status":"closed","ping_status":"closed","template":"","meta":{"zakra_page_container_layout":"customizer","zakra_page_sidebar_layout":"customizer","zakra_remove_content_margin":false,"zakra_sidebar":"customizer","zakra_transparent_header":"customizer","zakra_logo":0,"zakra_main_header_style":"default","zakra_menu_item_color":"","zakra_menu_item_hover_color":"","zakra_menu_item_active_color":"","zakra_menu_active_style":"","zakra_page_header":true,"footnotes":""},"class_list":["post-2491","page","type-page","status-publish","hentry"],"_links":{"self":[{"href":"https:\/\/hul2.mendelu.cz\/index.php?rest_route=\/wp\/v2\/pages\/2491","targetHints":{"allow":["GET"]}}],"collection":[{"href":"https:\/\/hul2.mendelu.cz\/index.php?rest_route=\/wp\/v2\/pages"}],"about":[{"href":"https:\/\/hul2.mendelu.cz\/index.php?rest_route=\/wp\/v2\/types\/page"}],"author":[{"embeddable":true,"href":"https:\/\/hul2.mendelu.cz\/index.php?rest_route=\/wp\/v2\/users\/4"}],"replies":[{"embeddable":true,"href":"https:\/\/hul2.mendelu.cz\/index.php?rest_route=%2Fwp%2Fv2%2Fcomments&post=2491"}],"version-history":[{"count":19,"href":"https:\/\/hul2.mendelu.cz\/index.php?rest_route=\/wp\/v2\/pages\/2491\/revisions"}],"predecessor-version":[{"id":2727,"href":"https:\/\/hul2.mendelu.cz\/index.php?rest_route=\/wp\/v2\/pages\/2491\/revisions\/2727"}],"up":[{"embeddable":true,"href":"https:\/\/hul2.mendelu.cz\/index.php?rest_route=\/wp\/v2\/pages\/76"}],"wp:attachment":[{"href":"https:\/\/hul2.mendelu.cz\/index.php?rest_route=%2Fwp%2Fv2%2Fmedia&parent=2491"}],"curies":[{"name":"wp","href":"https:\/\/api.w.org\/{rel}","templated":true}]}}