{"id":2526,"date":"2023-09-09T16:32:53","date_gmt":"2023-09-09T15:32:53","guid":{"rendered":"https:\/\/hul2.mendelu.cz\/?page_id=2526"},"modified":"2023-09-09T17:05:47","modified_gmt":"2023-09-09T16:05:47","slug":"informace-o-stavu-nejen-evropskych-lesu","status":"publish","type":"page","link":"https:\/\/hul2.mendelu.cz\/?page_id=2526","title":{"rendered":"Informace o stavu (nejen) evropsk\u00fdch les\u016f"},"content":{"rendered":"\n<p><strong>Vybran\u00e9 ukazatele stavu les\u016f a prost\u0159ed\u00ed<br \/><\/strong><\/p>\n<ul style=\"list-style-type: circle;\">\n<li class=\"wp-block-heading\"><a href=\"https:\/\/biodiversity.europa.eu\/\">BISE &#8211; the source of data and information on biodiversity in Europe<\/a>\n<ul style=\"list-style-type: circle;\">\n<li><a href=\"https:\/\/biodiversity.europa.eu\/countries\/czechia\">\u010cesk\u00e1 republika<\/a><\/li>\n<\/ul>\n<\/li>\n<li><a href=\"https:\/\/forest.eea.europa.eu\/\">Forest Information System for Europe<\/a>\n<ul style=\"list-style-type: circle;\">\n<li><a href=\"https:\/\/forest.eea.europa.eu\/countries\/czechia\/czechia-basic-data\">\u010cesk\u00e1 republika<\/a><\/li>\n<\/ul>\n<\/li>\n<li><a href=\"https:\/\/forest-data.unece.org\/\">INForest &#8211; your data and knowledge platform for forests in the UNECE region<\/a>\n<ul style=\"list-style-type: circle;\">\n<li><a href=\"https:\/\/forest-data.unece.org\/Countries\/CZ\">\u010cesk\u00e1 republika<\/a><\/li>\n<\/ul>\n<\/li>\n<\/ul>\n<ul style=\"list-style-type: circle;\">\n<li><a href=\"https:\/\/info.uhul.cz\/\">Fakta o lese &#8211; hlavn\u00ed indik\u00e1tory stavu a v\u00fdvoje les\u016f a lesn\u00edho hospod\u00e1\u0159stv\u00ed v \u010cesk\u00e9 republice<\/a><\/li>\n<li><a href=\"https:\/\/nil.uhul.cz\/\">N\u00e1rodn\u00ed inventarizace les\u016f v \u010cR<\/a><\/li>\n<li><a href=\"https:\/\/eagri.cz\/public\/app\/uhul\/SIL\/Default.cshtml\">Informace o stavu lesa a myslivosti v \u010cR<\/a><\/li>\n<\/ul>\n","protected":false},"excerpt":{"rendered":"<p>Vybran\u00e9 ukazatele stavu les\u016f a prost\u0159ed\u00ed BISE &#8211; the source of data and information on biodiversity in Europe \u010cesk\u00e1 republika Forest Information System for Europe \u010cesk\u00e1 republika INForest &#8211; your data and knowledge platform for forests in the UNECE region \u010cesk\u00e1 republika Fakta o lese &#8211; hlavn\u00ed indik\u00e1tory stavu a v\u00fdvoje les\u016f a lesn\u00edho hospod\u00e1\u0159stv\u00ed [&hellip;]<\/p>\n","protected":false},"author":4,"featured_media":0,"parent":222,"menu_order":0,"comment_status":"closed","ping_status":"closed","template":"","meta":{"zakra_page_container_layout":"customizer","zakra_page_sidebar_layout":"customizer","zakra_remove_content_margin":false,"zakra_sidebar":"customizer","zakra_transparent_header":"customizer","zakra_logo":0,"zakra_main_header_style":"default","zakra_menu_item_color":"","zakra_menu_item_hover_color":"","zakra_menu_item_active_color":"","zakra_menu_active_style":"","zakra_page_header":true,"footnotes":""},"class_list":["post-2526","page","type-page","status-publish","hentry"],"_links":{"self":[{"href":"https:\/\/hul2.mendelu.cz\/index.php?rest_route=\/wp\/v2\/pages\/2526","targetHints":{"allow":["GET"]}}],"collection":[{"href":"https:\/\/hul2.mendelu.cz\/index.php?rest_route=\/wp\/v2\/pages"}],"about":[{"href":"https:\/\/hul2.mendelu.cz\/index.php?rest_route=\/wp\/v2\/types\/page"}],"author":[{"embeddable":true,"href":"https:\/\/hul2.mendelu.cz\/index.php?rest_route=\/wp\/v2\/users\/4"}],"replies":[{"embeddable":true,"href":"https:\/\/hul2.mendelu.cz\/index.php?rest_route=%2Fwp%2Fv2%2Fcomments&post=2526"}],"version-history":[{"count":4,"href":"https:\/\/hul2.mendelu.cz\/index.php?rest_route=\/wp\/v2\/pages\/2526\/revisions"}],"predecessor-version":[{"id":2533,"href":"https:\/\/hul2.mendelu.cz\/index.php?rest_route=\/wp\/v2\/pages\/2526\/revisions\/2533"}],"up":[{"embeddable":true,"href":"https:\/\/hul2.mendelu.cz\/index.php?rest_route=\/wp\/v2\/pages\/222"}],"wp:attachment":[{"href":"https:\/\/hul2.mendelu.cz\/index.php?rest_route=%2Fwp%2Fv2%2Fmedia&parent=2526"}],"curies":[{"name":"wp","href":"https:\/\/api.w.org\/{rel}","templated":true}]}}