{"id":2739,"date":"2023-10-13T03:27:16","date_gmt":"2023-10-13T02:27:16","guid":{"rendered":"https:\/\/hul2.mendelu.cz\/?page_id=2739"},"modified":"2024-09-24T01:53:34","modified_gmt":"2024-09-24T00:53:34","slug":"skupinove-zadani-ideoveho-planu-elaboratu-z-predmetu-integrativni-hospodarska-uprava-lesu","status":"publish","type":"page","link":"https:\/\/hul2.mendelu.cz\/?page_id=2739","title":{"rendered":"Skupinov\u00e9 zad\u00e1n\u00ed \u201eIdeov\u00e9ho pl\u00e1nu\u201c elabor\u00e1tu z\u00a0p\u0159edm\u011btu Integrativn\u00ed hospod\u00e1\u0159sk\u00e1 \u00faprava les\u016f"},"content":{"rendered":"\n<p>P\u0159edpokl\u00e1d\u00e1me zpracov\u00e1n\u00ed a odevzd\u00e1n\u00ed skupinou student\u016f prezen\u010dn\u00ed formy studia elabor\u00e1tu, kter\u00fd se bude skl\u00e1dat z&nbsp;\u010d\u00e1sti textov\u00e9, tabulkov\u00e9 (grafick\u00e9) a mapov\u00e9. Tituln\u00ed list elabor\u00e1tu bude mj. obsahovat v\u00fd\u010det jmen a p\u0159\u00edjmen\u00ed \u010dlen\u016f skupiny, vlastn\u00ed textov\u00e1 \u010d\u00e1st elabor\u00e1tu bude obsahovat max. 5 stran textu (po\u010d\u00edt\u00e1no bez tabulkov\u00fdch, grafick\u00fdch a mapov\u00fdch v\u00fdstup\u016f). Elabor\u00e1t bude odevzd\u00e1n ve form\u00e1tu Adobe Acrobat (*.pdf). Mapov\u00e9 v\u00fdstupy jako sou\u010d\u00e1st elabor\u00e1tu budou takt\u00e9\u017e dod\u00e1ny v&nbsp;podob\u011b shapefile vrstvy (*.shp). Sou\u010d\u00e1st\u00ed elabor\u00e1tu bude jeho MS PowerPoint (*.pptx) p\u0159\u00edloha, kterou skupina odprezentuje vlastn\u00ed elabor\u00e1t (posledn\u00ed blok v\u00fduky cvi\u010den\u00ed). <\/p>\n\n\n\n<p>Doporu\u010den\u00e1 osnova a n\u00e1zvy jednotliv\u00fdch blok\u016f \u2013 kapitol elabor\u00e1tu:<\/p>\n\n\n\n<p><strong>A.<\/strong> <strong>Vyhodnocen\u00ed dat po\u0159\u00edzen\u00fdch v&nbsp;aplikaci Field Maps<\/strong><\/p>\n\n\n\n<p>Srovnejte a statisticky vyhodno\u0165te data jednotliv\u00fdch inventariza\u010dn\u00edch ploch podle skupin indik\u00e1tor\u016f \u201estruktura lesa \u2013 biodiverzita\u201c a \u201eprodukce lesa\u201c:<\/p>\n<ul style=\"list-style-type: circle;\">\n<li>1. bez ohledu na STATUS plochy,<\/li>\n<li>2. s ohledem na STATUS plochy.<\/li>\n<\/ul>\n\n\n\n<p><strong>B. Vyhodnocen\u00ed dat z Marteloskopu<\/strong><\/p>\n\n\n\n<p>Pro va\u0161i variantu Marteloskopu srovnejte a vhodn\u011b (nap\u0159. statisticky) vyhodno\u0165te \u00fasp\u011b\u0161nost v\u00e1mi vyzna\u010den\u00e9ho z\u00e1sahu s ohledem na preferovanou ekosyst\u00e9movou slu\u017ebu:<\/p>\n<ul style=\"list-style-type: circle;\">\n<li>3. produkce,<\/li>\n<li>4. biodiverzita,<\/li>\n<li>5. kombinace produkce a biodiverzity (vyv\u00e1\u017een\u00ed produkce a biodiverzity).<\/li>\n<\/ul>\n<p><strong>C. Tematicky zam\u011b\u0159en\u00e9 mapov\u00e9 v\u00fdstupy <\/strong><\/p>\n<p>S\u00a0vyu\u017eit\u00edm vhodn\u011b zvolen\u00e9ho prost\u0159ed\u00ed GIS a metody vyhodnocen\u00ed zpracujte tematicky zam\u011b\u0159en\u00fd mapov\u00fd v\u00fdstup:<\/p>\n<ul style=\"list-style-type: circle;\">\n<li>6. v\u00fdstup bude prezentovat v\u00fdsledky v\u00fd\u0161e uveden\u00e9ho bloku A.<\/li>\n<\/ul>\n<p><strong>D. \u201eIdeov\u00fd pl\u00e1n v\u00fdvoje lesa vybran\u00e9ho \u00fazem\u00ed na \u0160LP Masaryk\u016fv les K\u0159tiny s vyu\u017eit\u00edm p\u0159\u00edrod\u011b bli\u017e\u0161\u00edho (integrativn\u00edho) lesnictv\u00ed\u201d<\/strong><\/p>\n<ul style=\"list-style-type: circle;\">\n<li>7. v\u00fdsledky blok\u016f A a C vhodn\u011b okomentujte, prove\u010fte jejich srovn\u00e1n\u00ed s v\u00fdsledky bloku B,<\/li>\n<li>8. navrhn\u011bte optim\u00e1ln\u00ed variantu integrace prvk\u016f ochrany p\u0159\u00edrody do hospod\u00e1\u0159sk\u00e9ho lesa (status HOSP),<\/li>\n<li>9. pro optim\u00e1ln\u00ed variantu (v\u00fd\u0161e uveden\u00fd bod) zpracujte (integrativn\u00ed) r\u00e1mcovou sm\u011brnici hospoda\u0159en\u00ed.<\/li>\n<\/ul>\n<p>\u00a0<\/p>\n<p style=\"text-align: right;\">doc. Dr. Ing. Jan Kadav\u00fd<\/p>\n<p>V Brn\u011b dne 24.9.2024<\/p>\n","protected":false},"excerpt":{"rendered":"<p>P\u0159edpokl\u00e1d\u00e1me zpracov\u00e1n\u00ed a odevzd\u00e1n\u00ed skupinou student\u016f prezen\u010dn\u00ed formy studia elabor\u00e1tu, kter\u00fd se bude skl\u00e1dat z&nbsp;\u010d\u00e1sti textov\u00e9, tabulkov\u00e9 (grafick\u00e9) a mapov\u00e9. Tituln\u00ed list elabor\u00e1tu bude mj. obsahovat v\u00fd\u010det jmen a p\u0159\u00edjmen\u00ed \u010dlen\u016f skupiny, vlastn\u00ed textov\u00e1 \u010d\u00e1st elabor\u00e1tu bude obsahovat max. 5 stran textu (po\u010d\u00edt\u00e1no bez tabulkov\u00fdch, grafick\u00fdch a mapov\u00fdch v\u00fdstup\u016f). Elabor\u00e1t bude odevzd\u00e1n ve form\u00e1tu Adobe [&hellip;]<\/p>\n","protected":false},"author":4,"featured_media":0,"parent":76,"menu_order":0,"comment_status":"closed","ping_status":"closed","template":"","meta":{"zakra_page_container_layout":"customizer","zakra_page_sidebar_layout":"customizer","zakra_remove_content_margin":false,"zakra_sidebar":"customizer","zakra_transparent_header":"customizer","zakra_logo":0,"zakra_main_header_style":"default","zakra_menu_item_color":"","zakra_menu_item_hover_color":"","zakra_menu_item_active_color":"","zakra_menu_active_style":"","zakra_page_header":true,"footnotes":""},"class_list":["post-2739","page","type-page","status-publish","hentry"],"_links":{"self":[{"href":"https:\/\/hul2.mendelu.cz\/index.php?rest_route=\/wp\/v2\/pages\/2739","targetHints":{"allow":["GET"]}}],"collection":[{"href":"https:\/\/hul2.mendelu.cz\/index.php?rest_route=\/wp\/v2\/pages"}],"about":[{"href":"https:\/\/hul2.mendelu.cz\/index.php?rest_route=\/wp\/v2\/types\/page"}],"author":[{"embeddable":true,"href":"https:\/\/hul2.mendelu.cz\/index.php?rest_route=\/wp\/v2\/users\/4"}],"replies":[{"embeddable":true,"href":"https:\/\/hul2.mendelu.cz\/index.php?rest_route=%2Fwp%2Fv2%2Fcomments&post=2739"}],"version-history":[{"count":5,"href":"https:\/\/hul2.mendelu.cz\/index.php?rest_route=\/wp\/v2\/pages\/2739\/revisions"}],"predecessor-version":[{"id":2876,"href":"https:\/\/hul2.mendelu.cz\/index.php?rest_route=\/wp\/v2\/pages\/2739\/revisions\/2876"}],"up":[{"embeddable":true,"href":"https:\/\/hul2.mendelu.cz\/index.php?rest_route=\/wp\/v2\/pages\/76"}],"wp:attachment":[{"href":"https:\/\/hul2.mendelu.cz\/index.php?rest_route=%2Fwp%2Fv2%2Fmedia&parent=2739"}],"curies":[{"name":"wp","href":"https:\/\/api.w.org\/{rel}","templated":true}]}}