{"id":2801,"date":"2024-04-26T13:43:43","date_gmt":"2024-04-26T12:43:43","guid":{"rendered":"https:\/\/hul2.mendelu.cz\/?page_id=2801"},"modified":"2024-04-26T13:45:10","modified_gmt":"2024-04-26T12:45:10","slug":"nabidka-na-spolupraci","status":"publish","type":"page","link":"https:\/\/hul2.mendelu.cz\/?page_id=2801","title":{"rendered":"Nab\u00eddka na spolupr\u00e1ci"},"content":{"rendered":"\n<p>Poj\u010fme spolupracovat na na\u0161ich nebo Va\u0161em t\u00e9matu budouc\u00ed pr\u00e1ce formou doktorandsk\u00e9ho studia.<\/p>\n\n\n\n<p>Nab\u00eddka mo\u017en\u00fdch t\u00e9mat podle odborn\u00e9ho zam\u011b\u0159en\u00ed: <a href=\"https:\/\/hul2.mendelu.cz\/wp-content\/uploads\/2024\/04\/temata-na-doktorandske-studium.pptx\">prezentace<\/a>.<\/p>\n","protected":false},"excerpt":{"rendered":"<p>Poj\u010fme spolupracovat na na\u0161ich nebo Va\u0161em t\u00e9matu budouc\u00ed pr\u00e1ce formou doktorandsk\u00e9ho studia. Nab\u00eddka mo\u017en\u00fdch t\u00e9mat podle odborn\u00e9ho zam\u011b\u0159en\u00ed: prezentace.<\/p>\n","protected":false},"author":4,"featured_media":0,"parent":0,"menu_order":0,"comment_status":"closed","ping_status":"closed","template":"","meta":{"zakra_page_container_layout":"customizer","zakra_page_sidebar_layout":"customizer","zakra_remove_content_margin":false,"zakra_sidebar":"customizer","zakra_transparent_header":"customizer","zakra_logo":0,"zakra_main_header_style":"default","zakra_menu_item_color":"","zakra_menu_item_hover_color":"","zakra_menu_item_active_color":"","zakra_menu_active_style":"","zakra_page_header":true,"footnotes":""},"class_list":["post-2801","page","type-page","status-publish","hentry"],"_links":{"self":[{"href":"https:\/\/hul2.mendelu.cz\/index.php?rest_route=\/wp\/v2\/pages\/2801","targetHints":{"allow":["GET"]}}],"collection":[{"href":"https:\/\/hul2.mendelu.cz\/index.php?rest_route=\/wp\/v2\/pages"}],"about":[{"href":"https:\/\/hul2.mendelu.cz\/index.php?rest_route=\/wp\/v2\/types\/page"}],"author":[{"embeddable":true,"href":"https:\/\/hul2.mendelu.cz\/index.php?rest_route=\/wp\/v2\/users\/4"}],"replies":[{"embeddable":true,"href":"https:\/\/hul2.mendelu.cz\/index.php?rest_route=%2Fwp%2Fv2%2Fcomments&post=2801"}],"version-history":[{"count":2,"href":"https:\/\/hul2.mendelu.cz\/index.php?rest_route=\/wp\/v2\/pages\/2801\/revisions"}],"predecessor-version":[{"id":2804,"href":"https:\/\/hul2.mendelu.cz\/index.php?rest_route=\/wp\/v2\/pages\/2801\/revisions\/2804"}],"wp:attachment":[{"href":"https:\/\/hul2.mendelu.cz\/index.php?rest_route=%2Fwp%2Fv2%2Fmedia&parent=2801"}],"curies":[{"name":"wp","href":"https:\/\/api.w.org\/{rel}","templated":true}]}}