{"id":35,"date":"2018-05-04T11:29:02","date_gmt":"2018-05-04T10:29:02","guid":{"rendered":"http:\/\/hul2.mendelu.cz\/?page_id=35"},"modified":"2025-11-11T11:15:44","modified_gmt":"2025-11-11T10:15:44","slug":"prednasky","status":"publish","type":"page","link":"https:\/\/hul2.mendelu.cz\/?page_id=35","title":{"rendered":"P\u0159edn\u00e1\u0161ky"},"content":{"rendered":"<p>U\u010debna <strong><span style=\"background-color: #ccffcc;\">B35<\/span><\/strong>, <span style=\"background-color: #ccffcc;\"><strong>\u00fater\u00fd 15:00 &#8211; 16:50 hod. 2025<\/strong><\/span>, nebo on-line.<\/p>\n<p><strong>Bli\u017e\u0161\u00ed informace jsou uvedeny na konkr\u00e9tn\u00edch str\u00e1nk\u00e1ch p\u0159edn\u00e1\u0161ek<\/strong>.<\/p>\n<table style=\"border-collapse: collapse; width: 100%;\">\n<tbody>\n<tr>\n<td style=\"width: 10.5944%; text-align: center;\">Po\u0159. \u010d\u00edslo<\/td>\n<td style=\"width: 64.4056%;\">T\u00e9ma<\/td>\n<td style=\"width: 25%;\">Garant<\/td>\n<\/tr>\n<tr>\n<td style=\"width: 10.5944%; text-align: center;\">1<\/td>\n<td style=\"width: 64.4056%;\">Lesnick\u00e9 hospoda\u0159en\u00ed a biodiverzita<\/td>\n<td style=\"width: 25%;\">Kadav\u00fd<\/td>\n<\/tr>\n<tr>\n<td style=\"width: 10.5944%; text-align: center;\">2<\/td>\n<td style=\"width: 64.4056%;\">Vybran\u00e9 lesnicky orientovan\u00e9 managementov\u00e9 syst\u00e9my podporuj\u00edc\u00ed biodiverzitu<\/td>\n<td style=\"width: 25%;\">Kneifl<\/td>\n<\/tr>\n<tr>\n<td style=\"width: 10.5944%; text-align: center;\">3<\/td>\n<td style=\"width: 64.4056%;\">P\u0159\u00edrod\u011b bl\u00edzk\u00e9 a p\u0159\u00edrod\u011b bli\u017e\u0161\u00ed lesnictv\u00ed. R\u00e1mce a manu\u00e1l pro implementaci do lesnictv\u00ed.<\/td>\n<td style=\"width: 25%;\">Kadav\u00fd<\/td>\n<\/tr>\n<tr>\n<td style=\"width: 10.5944%; text-align: center;\">4<\/td>\n<td style=\"width: 64.4056%;\">Krit\u00e9ria a ukazatele biologick\u00e9 rozmanitosti les\u016f<\/td>\n<td style=\"width: 25%;\">Kneifl<\/td>\n<\/tr>\n<tr>\n<td style=\"width: 10.5944%; text-align: center;\">5<\/td>\n<td style=\"width: 64.4056%;\">Managementov\u00e9 (p\u011bstebn\u00ed) syst\u00e9my a v\u00edce\u00fa\u010delov\u00e9 lesnictv\u00ed ekosyst\u00e9mov\u00fdch slu\u017eeb <em>(vy\u017e\u00e1dan\u00e1 p\u0159edn\u00e1\u0161ka)<\/em><\/td>\n<td style=\"width: 25%;\">Kadav\u00fd<\/td>\n<\/tr>\n<tr>\n<td style=\"width: 10.5944%; text-align: center;\">6<\/td>\n<td style=\"width: 64.4056%;\">Integrativn\u00ed lesnictv\u00ed<\/td>\n<td style=\"width: 25%;\">Kneifl<\/td>\n<\/tr>\n<tr>\n<td style=\"width: 10.5944%; text-align: center;\">7<\/td>\n<td style=\"width: 64.4056%;\">Jak na vyv\u00e1\u017eenou integraci prvk\u016f ochrany p\u0159\u00edrody do hospod\u00e1\u0159sk\u00e9 \u00fapravy hospod\u00e1\u0159sk\u00e9ho lesa <em>(vy\u017e\u00e1dan\u00e1 p\u0159edn\u00e1\u0161ka)<\/em><\/td>\n<td style=\"width: 25%;\">Kadav\u00fd<\/td>\n<\/tr>\n<tr>\n<td style=\"width: 10.5944%; text-align: center;\">8<\/td>\n<td style=\"width: 64.4056%;\">Hlavn\u00ed hnac\u00ed faktory integrovan\u00e9ho lesn\u00edho hospod\u00e1\u0159stv\u00ed &#8211; nad v\u00fdsledky v\u00fdzkumu <em>(vy\u017e\u00e1dan\u00e1 p\u0159edn\u00e1\u0161ka)<\/em><\/td>\n<td style=\"width: 25%;\">Kneifl<\/td>\n<\/tr>\n<tr>\n<td style=\"width: 10.5944%; text-align: center;\">9<\/td>\n<td style=\"width: 64.4056%;\">Marteloskop a jeho vyu\u017eit\u00ed v integrativn\u00edm lesnictv\u00ed <em>(vy\u017e\u00e1dan\u00e1 p\u0159edn\u00e1\u0161ka)<\/em><\/td>\n<td style=\"width: 25%;\">Kadav\u00fd<\/td>\n<\/tr>\n<tr>\n<td style=\"width: 10.5944%; text-align: center;\">10<\/td>\n<td style=\"width: 64.4056%;\">P\u0159\u00edklady dobr\u00e9 praxe p\u0159\u00edrod\u011b bli\u017e\u0161\u00edho lesnictv\u00ed <em>(vy\u017e\u00e1dan\u00e1 p\u0159edn\u00e1\u0161ka)<\/em><\/td>\n<td style=\"width: 25%;\">Kneifl<\/td>\n<\/tr>\n<tr>\n<td style=\"width: 10.5944%; text-align: center;\">11<\/td>\n<td style=\"width: 64.4056%;\">Jak na zlep\u0161ov\u00e1n\u00ed integrace prvk\u016f ochrany p\u0159\u00edrody do hospod\u00e1\u0159sk\u00e9 \u00fapravy hospod\u00e1\u0159sk\u00e9ho lesa<\/td>\n<td style=\"width: 25%;\">Kadav\u00fd<\/td>\n<\/tr>\n<\/tbody>\n<\/table>\n\n\n<p>Zm\u011bna programu vyhrazena. <\/p>\n","protected":false},"excerpt":{"rendered":"<p>U\u010debna B35, \u00fater\u00fd 15:00 &#8211; 16:50 hod. 2025, nebo on-line. Bli\u017e\u0161\u00ed informace jsou uvedeny na konkr\u00e9tn\u00edch str\u00e1nk\u00e1ch p\u0159edn\u00e1\u0161ek. Po\u0159. \u010d\u00edslo T\u00e9ma Garant 1 Lesnick\u00e9 hospoda\u0159en\u00ed a biodiverzita Kadav\u00fd 2 Vybran\u00e9 lesnicky orientovan\u00e9 managementov\u00e9 syst\u00e9my podporuj\u00edc\u00ed biodiverzitu Kneifl 3 P\u0159\u00edrod\u011b bl\u00edzk\u00e9 a p\u0159\u00edrod\u011b bli\u017e\u0161\u00ed lesnictv\u00ed. R\u00e1mce a manu\u00e1l pro implementaci do lesnictv\u00ed. Kadav\u00fd 4 Krit\u00e9ria a [&hellip;]<\/p>\n","protected":false},"author":4,"featured_media":0,"parent":0,"menu_order":2,"comment_status":"closed","ping_status":"closed","template":"","meta":{"zakra_page_container_layout":"customizer","zakra_page_sidebar_layout":"customizer","zakra_remove_content_margin":false,"zakra_sidebar":"customizer","zakra_transparent_header":"customizer","zakra_logo":0,"zakra_main_header_style":"default","zakra_menu_item_color":"","zakra_menu_item_hover_color":"","zakra_menu_item_active_color":"","zakra_menu_active_style":"","zakra_page_header":true,"footnotes":""},"class_list":["post-35","page","type-page","status-publish","hentry"],"_links":{"self":[{"href":"https:\/\/hul2.mendelu.cz\/index.php?rest_route=\/wp\/v2\/pages\/35","targetHints":{"allow":["GET"]}}],"collection":[{"href":"https:\/\/hul2.mendelu.cz\/index.php?rest_route=\/wp\/v2\/pages"}],"about":[{"href":"https:\/\/hul2.mendelu.cz\/index.php?rest_route=\/wp\/v2\/types\/page"}],"author":[{"embeddable":true,"href":"https:\/\/hul2.mendelu.cz\/index.php?rest_route=\/wp\/v2\/users\/4"}],"replies":[{"embeddable":true,"href":"https:\/\/hul2.mendelu.cz\/index.php?rest_route=%2Fwp%2Fv2%2Fcomments&post=35"}],"version-history":[{"count":47,"href":"https:\/\/hul2.mendelu.cz\/index.php?rest_route=\/wp\/v2\/pages\/35\/revisions"}],"predecessor-version":[{"id":2927,"href":"https:\/\/hul2.mendelu.cz\/index.php?rest_route=\/wp\/v2\/pages\/35\/revisions\/2927"}],"wp:attachment":[{"href":"https:\/\/hul2.mendelu.cz\/index.php?rest_route=%2Fwp%2Fv2%2Fmedia&parent=35"}],"curies":[{"name":"wp","href":"https:\/\/api.w.org\/{rel}","templated":true}]}}