{"id":701,"date":"2022-01-06T20:11:56","date_gmt":"2022-01-06T19:11:56","guid":{"rendered":"https:\/\/fraxinus.mendelu.cz\/hul2\/?page_id=701"},"modified":"2025-10-22T07:33:29","modified_gmt":"2025-10-22T06:33:29","slug":"hlavni-cviceni","status":"publish","type":"page","link":"https:\/\/hul2.mendelu.cz\/?page_id=701","title":{"rendered":"Hlavn\u00ed cvi\u010den\u00ed"},"content":{"rendered":"\n<p>Hlavn\u00ed cvi\u010den\u00ed budou prob\u00edhat ve dnech <strong><span style=\"background-color: #ccffcc;\">22<span style=\"background-color: #ccffcc;\">.1<\/span>0., 23.10. a 24.10. 2025<\/span><\/strong> na \u0160koln\u00edm lesn\u00edm podniku Masaryk\u016fv les K\u0159tiny.<\/p>\n\n\n\n<p>Hlavn\u00ed cvi\u010den\u00ed jsou povinn\u00e1 (toto neplat\u00ed v p\u0159\u00edpad\u011b nep\u0159\u00edzniv\u00e9 epidemiologick\u00e9 situace).<\/p>\n\n\n\n<p>Zm\u011bna programu a formy cvi\u010den\u00ed vyhrazena.&nbsp;<\/p>\n","protected":false},"excerpt":{"rendered":"<p>Hlavn\u00ed cvi\u010den\u00ed budou prob\u00edhat ve dnech 22.10., 23.10. a 24.10. 2025 na \u0160koln\u00edm lesn\u00edm podniku Masaryk\u016fv les K\u0159tiny. Hlavn\u00ed cvi\u010den\u00ed jsou povinn\u00e1 (toto neplat\u00ed v p\u0159\u00edpad\u011b nep\u0159\u00edzniv\u00e9 epidemiologick\u00e9 situace). Zm\u011bna programu a formy cvi\u010den\u00ed vyhrazena.&nbsp;<\/p>\n","protected":false},"author":4,"featured_media":0,"parent":0,"menu_order":0,"comment_status":"closed","ping_status":"closed","template":"","meta":{"zakra_page_container_layout":"customizer","zakra_page_sidebar_layout":"customizer","zakra_remove_content_margin":false,"zakra_sidebar":"customizer","zakra_transparent_header":"customizer","zakra_logo":0,"zakra_main_header_style":"default","zakra_menu_item_color":"","zakra_menu_item_hover_color":"","zakra_menu_item_active_color":"","zakra_menu_active_style":"","zakra_page_header":true,"footnotes":""},"class_list":["post-701","page","type-page","status-publish","hentry"],"_links":{"self":[{"href":"https:\/\/hul2.mendelu.cz\/index.php?rest_route=\/wp\/v2\/pages\/701","targetHints":{"allow":["GET"]}}],"collection":[{"href":"https:\/\/hul2.mendelu.cz\/index.php?rest_route=\/wp\/v2\/pages"}],"about":[{"href":"https:\/\/hul2.mendelu.cz\/index.php?rest_route=\/wp\/v2\/types\/page"}],"author":[{"embeddable":true,"href":"https:\/\/hul2.mendelu.cz\/index.php?rest_route=\/wp\/v2\/users\/4"}],"replies":[{"embeddable":true,"href":"https:\/\/hul2.mendelu.cz\/index.php?rest_route=%2Fwp%2Fv2%2Fcomments&post=701"}],"version-history":[{"count":9,"href":"https:\/\/hul2.mendelu.cz\/index.php?rest_route=\/wp\/v2\/pages\/701\/revisions"}],"predecessor-version":[{"id":2922,"href":"https:\/\/hul2.mendelu.cz\/index.php?rest_route=\/wp\/v2\/pages\/701\/revisions\/2922"}],"wp:attachment":[{"href":"https:\/\/hul2.mendelu.cz\/index.php?rest_route=%2Fwp%2Fv2%2Fmedia&parent=701"}],"curies":[{"name":"wp","href":"https:\/\/api.w.org\/{rel}","templated":true}]}}