{"id":76,"date":"2020-05-19T22:55:06","date_gmt":"2020-05-19T21:55:06","guid":{"rendered":"http:\/\/hul2.mendelu.cz\/?page_id=76"},"modified":"2025-12-09T14:51:05","modified_gmt":"2025-12-09T13:51:05","slug":"cviceni","status":"publish","type":"page","link":"https:\/\/hul2.mendelu.cz\/?page_id=76","title":{"rendered":"Cvi\u010den\u00ed"},"content":{"rendered":"<p><strong>Bli\u017e\u0161\u00ed informace jsou uvedeny (podle pot\u0159eby) na konkr\u00e9tn\u00edch str\u00e1nk\u00e1ch cvi\u010den\u00ed<\/strong>.<\/p>\n<p>Cvi\u010den\u00ed prezen\u010dn\u00ed formy studia prob\u00edhaj\u00ed formou 4 hod. blokov\u00e9 v\u00fduky na \u0160LP Masaryk\u016fv les K\u0159tiny.<\/p>\n<p>Obsahov\u011b jsou cvi\u010den\u00ed zam\u011b\u0159ena p\u0159edev\u0161\u00edm na synt\u00e9zn\u00ed tvorbu <span class=\"TextRun SCXW24249018\"><span class=\"NormalTextRun SCXW24249018\">\u201cIdeov\u00e9ho pl\u00e1nu v\u00fdvoje lesa vybran\u00e9ho \u00fazem\u00ed na \u0160LP Masaryk\u016fv les K\u0159tiny s vyu\u017eit\u00edm p\u0159\u00edrod\u011b bli\u017e\u0161\u00edho (integrativn\u00edho) lesnictv\u00ed\u201d<\/span><\/span>.<\/p>\n<p><strong>V\u00fdchoz\u00ed teoretick\u00e9 podklady pro zpracov\u00e1n\u00ed <span class=\"TextRun SCXW24249018\"><span class=\"NormalTextRun SCXW24249018\">\u201cIdeov\u00e9ho pl\u00e1nu v\u00fdvoje lesa &#8230;&#8220;<\/span><\/span>:<\/strong><\/p>\n<ul style=\"list-style-type: circle;\">\n<li><a href=\"https:\/\/hul2.mendelu.cz\/?page_id=1953#pokyny\">Pokyny pro zav\u00e1d\u011bn\u00ed p\u0159\u00edrod\u011b bli\u017e\u0161\u00edho lesnictv\u00ed<\/a><\/li>\n<li>Dokument Evropsk\u00e9 komise z roku 2023 pod n\u00e1zvem \u201c<a href=\"https:\/\/hul2.mendelu.cz\/wp-content\/uploads\/2023\/08\/2023-Guidelines_on_Closer-to-Nature_Forest_Management.pdf\">Guidelines on Closer-to-Nature Forest Management\u201d<\/a>, nebo jeho \u010desk\u00e1 verze \u201c<a href=\"https:\/\/hul2.mendelu.cz\/wp-content\/uploads\/2024\/11\/Pokyny-pro-prirode-blizsi-obhospodarovani-lesu.pdf\">Pokyny pro p\u0159\u00edrod\u011b bli\u017e\u0161\u00ed obhospoda\u0159ov\u00e1n\u00ed les\u016f<\/a>\u201c.<\/li>\n<\/ul>\n<p><strong>Harmonogram blokov\u00fdch cvi\u010den\u00ed (v\u010detn\u011b hlavn\u00edch cvi\u010den\u00ed)<br \/><\/strong><\/p>\n<table style=\"width: 100%; height: 973px;\" width=\"100%\">\n<tbody>\n<tr style=\"height: 20px;\">\n<td style=\"text-align: center; width: 13%; height: 20px;\" width=\"13%\"><strong>Blok<br \/><\/strong><\/td>\n<td style=\"text-align: center; width: 13%; height: 20px;\" width=\"13%\"><strong>Datum<\/strong><\/td>\n<td style=\"text-align: center; width: 26.1842%; height: 20px;\" width=\"15%\"><strong>M\u00edsto a \u010das spole\u010dn\u00e9ho srazu<br \/><\/strong><\/td>\n<td style=\"width: 27.8158%; height: 20px;\" width=\"39%\"><strong>Obsah cvi\u010den\u00ed<\/strong><\/td>\n<\/tr>\n<tr style=\"height: 62px;\">\n<td style=\"text-align: center; width: 13%; height: 62px;\" width=\"13%\">1<\/td>\n<td style=\"text-align: center; width: 13%; height: 62px;\" width=\"13%\">15.10.<\/td>\n<td style=\"width: 26.1842%; text-align: left; height: 62px;\" width=\"15%\">parkovi\u0161t\u011b nad hospodou Velk\u00e1 Klajdovka, <br \/><span style=\"background-color: #ccffcc;\">GPS: 49.2181389N, 16.6808231E, <br \/>7:40 hod.<\/span><\/td>\n<td style=\"width: 27.8158%; height: 62px;\" width=\"39%\">NPR H\u00e1deck\u00e1 planinka, up\u0159es\u0148ov\u00e1n\u00ed atribut\u016f datab\u00e1ze pro hlavn\u00ed cvi\u010den\u00ed \u2013 Field Maps<\/td>\n<\/tr>\n<tr style=\"height: 432px;\">\n<td style=\"text-align: center; width: 13%; height: 432px;\" width=\"13%\">Hlavn\u00ed cvi\u010den\u00ed (HC)<\/td>\n<td style=\"text-align: center; width: 13%; height: 432px;\" width=\"13%\">22.10.\u201324.10.<\/td>\n<td style=\"width: 26.1842%; text-align: left; height: 432px;\" width=\"15%\">22.10.: u\u010debna <span style=\"background-color: #ccffcc;\">B??<\/span>, <span style=\"background-color: #ccffcc;\">8:00 hod.<\/span><\/td>\n<td style=\"width: 27.8158%; height: 432px;\" width=\"39%\"><span style=\"text-decoration: underline;\">22.10.<\/span>:\n<ul>\n<li>zah\u00e1jen\u00ed HC na LDF, rozd\u011blen\u00ed do pracovn\u00edch skupin, zad\u00e1n\u00ed \u201eIdeov\u00e9ho pl\u00e1nu\u201c<\/li>\n<li>samostatn\u00e1 ter\u00e9nn\u00ed pr\u00e1ce po skupin\u00e1ch na \u0160LP<\/li>\n<\/ul>\n<p><span style=\"text-decoration: underline;\">23.10. \u2013 24.10.<\/span>:<\/p>\n<ul>\n<li>samostatn\u00e1 ter\u00e9nn\u00ed pr\u00e1ce po skupin\u00e1ch na \u0160LP<\/li>\n<\/ul>\n<ul style=\"list-style-type: disc;\">\n<li>individu\u00e1ln\u00ed konzultace v lese dle domluvy a pot\u0159eby skupiny<\/li>\n<\/ul>\n<\/td>\n<\/tr>\n<tr>\n<td style=\"text-align: center; width: 13%;\">2<\/td>\n<td style=\"text-align: center; width: 13%;\">5.11.<\/td>\n<td style=\"width: 26.1842%; text-align: left;\">Marteloskopov\u00e1 plocha &#8222;Pokojn\u00e1 hora&#8220;. <br \/><span style=\"background-color: #ccffcc;\">GPS: 49.3339042N, 16.6951647E, <br \/>8:00 hod.<\/span><\/td>\n<td style=\"width: 27.8158%;\">Vyzna\u010dov\u00e1n\u00ed z\u00e1sah\u016f podle z\u00e1sad integrativn\u00edho lesnictv\u00ed<\/td>\n<\/tr>\n<tr style=\"height: 62px;\">\n<td style=\"text-align: center; width: 13%; height: 62px;\" width=\"13%\">3<\/td>\n<td style=\"text-align: center; width: 13%; height: 62px;\" width=\"13%\">12.11.<\/td>\n<td style=\"width: 26.1842%; text-align: left; height: 62px;\" width=\"15%\">Marteloskopov\u00e1 plocha &#8222;U L\u00edpy&#8220;. <br \/><span style=\"background-color: #ccffcc;\">GPS: 49.2854078N, 16.6532969E,\u00a0<\/span><br \/><span style=\"background-color: #ccffcc;\">8:00 hod.<\/span><\/td>\n<td style=\"width: 27.8158%; height: 62px;\" width=\"39%\">Vyzna\u010dov\u00e1n\u00ed z\u00e1sah\u016f podle z\u00e1sad integrativn\u00edho lesnictv\u00ed<\/td>\n<\/tr>\n<tr style=\"height: 205px;\">\n<td style=\"text-align: center; width: 13%; height: 205px;\" width=\"13%\">4<\/td>\n<td style=\"text-align: center; width: 13%; height: 205px;\" width=\"13%\">26.11.<\/td>\n<td style=\"width: 26.1842%; text-align: left; height: 205px;\" width=\"15%\">u\u010debna <span style=\"background-color: #ccffcc;\">B??<\/span>, <span style=\"background-color: #ccffcc;\">7:00 hod.<\/span><\/td>\n<td style=\"width: 27.8158%; height: 205px;\" width=\"39%\">Konzultace a up\u0159es\u0148ov\u00e1n\u00ed zpracov\u00e1n\u00ed v\u00fdsledk\u016f a fin\u00e1ln\u00ed podoby \u201eIdeov\u00e9ho pl\u00e1nu\u201c<\/td>\n<\/tr>\n<tr style=\"height: 41px;\">\n<td style=\"text-align: center; width: 13%; height: 41px;\" width=\"13%\">5<\/td>\n<td style=\"text-align: center; width: 13%; height: 41px;\" width=\"13%\">10.12.<\/td>\n<td style=\"width: 26.1842%; text-align: left; height: 41px;\" width=\"15%\">u\u010debna <span style=\"background-color: #ccffcc;\">B12<\/span>, <span style=\"background-color: #ccffcc;\">8:00 hod.<\/span><\/td>\n<td style=\"width: 27.8158%; height: 41px;\" width=\"39%\">Prezentov\u00e1n\u00ed a obhajoby v\u00fdsledk\u016f pr\u00e1ce po jednotliv\u00fdch skupin\u00e1ch<\/td>\n<\/tr>\n<\/tbody>\n<\/table>\n\n\n<p>Zm\u011bna programu vyhrazena.<\/p>\n","protected":false},"excerpt":{"rendered":"<p>Bli\u017e\u0161\u00ed informace jsou uvedeny (podle pot\u0159eby) na konkr\u00e9tn\u00edch str\u00e1nk\u00e1ch cvi\u010den\u00ed. Cvi\u010den\u00ed prezen\u010dn\u00ed formy studia prob\u00edhaj\u00ed formou 4 hod. blokov\u00e9 v\u00fduky na \u0160LP Masaryk\u016fv les K\u0159tiny. Obsahov\u011b jsou cvi\u010den\u00ed zam\u011b\u0159ena p\u0159edev\u0161\u00edm na synt\u00e9zn\u00ed tvorbu \u201cIdeov\u00e9ho pl\u00e1nu v\u00fdvoje lesa vybran\u00e9ho \u00fazem\u00ed na \u0160LP Masaryk\u016fv les K\u0159tiny s vyu\u017eit\u00edm p\u0159\u00edrod\u011b bli\u017e\u0161\u00edho (integrativn\u00edho) lesnictv\u00ed\u201d. V\u00fdchoz\u00ed teoretick\u00e9 podklady pro zpracov\u00e1n\u00ed [&hellip;]<\/p>\n","protected":false},"author":4,"featured_media":0,"parent":0,"menu_order":3,"comment_status":"closed","ping_status":"closed","template":"","meta":{"zakra_page_container_layout":"customizer","zakra_page_sidebar_layout":"customizer","zakra_remove_content_margin":false,"zakra_sidebar":"customizer","zakra_transparent_header":"customizer","zakra_logo":0,"zakra_main_header_style":"default","zakra_menu_item_color":"","zakra_menu_item_hover_color":"","zakra_menu_item_active_color":"","zakra_menu_active_style":"","zakra_page_header":true,"footnotes":""},"class_list":["post-76","page","type-page","status-publish","hentry"],"_links":{"self":[{"href":"https:\/\/hul2.mendelu.cz\/index.php?rest_route=\/wp\/v2\/pages\/76","targetHints":{"allow":["GET"]}}],"collection":[{"href":"https:\/\/hul2.mendelu.cz\/index.php?rest_route=\/wp\/v2\/pages"}],"about":[{"href":"https:\/\/hul2.mendelu.cz\/index.php?rest_route=\/wp\/v2\/types\/page"}],"author":[{"embeddable":true,"href":"https:\/\/hul2.mendelu.cz\/index.php?rest_route=\/wp\/v2\/users\/4"}],"replies":[{"embeddable":true,"href":"https:\/\/hul2.mendelu.cz\/index.php?rest_route=%2Fwp%2Fv2%2Fcomments&post=76"}],"version-history":[{"count":60,"href":"https:\/\/hul2.mendelu.cz\/index.php?rest_route=\/wp\/v2\/pages\/76\/revisions"}],"predecessor-version":[{"id":2938,"href":"https:\/\/hul2.mendelu.cz\/index.php?rest_route=\/wp\/v2\/pages\/76\/revisions\/2938"}],"wp:attachment":[{"href":"https:\/\/hul2.mendelu.cz\/index.php?rest_route=%2Fwp%2Fv2%2Fmedia&parent=76"}],"curies":[{"name":"wp","href":"https:\/\/api.w.org\/{rel}","templated":true}]}}